{"id":9643,"date":"2025-02-03T12:17:14","date_gmt":"2025-02-03T12:17:14","guid":{"rendered":"https:\/\/whitelip.com\/lynx-blueberry-strong\/"},"modified":"2026-04-21T12:38:17","modified_gmt":"2026-04-21T12:38:17","slug":"lynx-blueberry-strong","status":"publish","type":"product","link":"https:\/\/whitelip.com\/cs\/lynx\/lynx-blueberry-strong\/","title":{"rendered":"LYNX Blueberry Strong"},"content":{"rendered":"<h2><strong>LYNX Blueberry Strong<\/strong><\/h2>\n<p><span style=\"font-weight: 400;\">Nikotinov\u00e9 s\u00e1\u010dky LYNX Blueberry Strong p\u0159in\u00e1\u0161ej\u00ed v\u00fdraznou a ovocnou chu\u0165 zral\u00fdch bor\u016fvek v kombinaci se silnou d\u00e1vkou nikotinu. Tyto tenk\u00e9, zcela b\u00edl\u00e9 s\u00e1\u010dky jsou navr\u017eeny pro diskr\u00e9tn\u00ed a pohodln\u00e9 pou\u017e\u00edv\u00e1n\u00ed, hladce se vejdou pod ret a z\u00e1rove\u0148 poskytuj\u00ed \u010dist\u00e9 a uspokojiv\u00e9 uvol\u0148ov\u00e1n\u00ed chuti a nikotinu. LYNX Blueberry Strong je ide\u00e1ln\u00ed pro ty, kte\u0159\u00ed maj\u00ed r\u00e1di ovocn\u00e9 p\u0159\u00edchut\u011b se siln\u011bj\u0161\u00edm nikotinov\u00fdm z\u00e1\u017eitkem, a zaji\u0161\u0165uje tak o\u017eivuj\u00edc\u00ed a chu\u0165ov\u011b v\u00fdraznou variantu bez zabarven\u00ed zub\u016f.<\/span><\/p>\n<table>\n<tbody>\n<tr>\n<td><b>Atribut<\/b><\/td>\n<td><b>Podrobnosti na<\/b><\/td>\n<\/tr>\n<tr>\n<td><span style=\"font-weight: 400;\">Obsah na plechovku<\/span><\/td>\n<td><span style=\"font-weight: 400;\">16,8 g (21 s\u00e1\u010dk\u016f)<\/span><\/td>\n<\/tr>\n<tr>\n<td><span style=\"font-weight: 400;\">Obsah nikotinu<\/span><\/td>\n<td><span style=\"font-weight: 400;\">14 mg\/g (11 mg na s\u00e1\u010dek)<\/span><\/td>\n<\/tr>\n<tr>\n<td><span style=\"font-weight: 400;\">Form\u00e1t pouzdra<\/span><\/td>\n<td><span style=\"font-weight: 400;\">Slim<\/span><\/td>\n<\/tr>\n<tr>\n<td><span style=\"font-weight: 400;\">V\u00fdrobce<\/span><\/td>\n<td><span style=\"font-weight: 400;\">LYNX<\/span><\/td>\n<\/tr>\n<tr>\n<td><span style=\"font-weight: 400;\">P\u0159\u00edchu\u0165<\/span><\/td>\n<td><span style=\"font-weight: 400;\">Bor\u016fvky<\/span><\/td>\n<\/tr>\n<tr>\n<td><span style=\"font-weight: 400;\">Typ<\/span><\/td>\n<td><span style=\"font-weight: 400;\">Celob\u00edl\u00fd s\u00e1\u010dek, bez tab\u00e1ku<\/span><\/td>\n<\/tr>\n<\/tbody>\n<\/table>","protected":false},"excerpt":{"rendered":"<p>Nikotinov\u00e9 s\u00e1\u010dky LYNX Blueberry Strong p\u0159in\u00e1\u0161ej\u00ed odv\u00e1\u017enou chu\u0165 nikotinu. <strong data-start=\"54\" data-end=\"67\">Bor\u016fvky<\/strong> chu\u0165 se zral\u00fdm ovocn\u00fdm profilem. Siln\u00fd nikotin. <strong data-start=\"125\" data-end=\"144\">Slim, <\/strong>celob\u00edl\u00e9 s\u00e1\u010dky se diskr\u00e9tn\u011b nach\u00e1zej\u00ed pod rty a poskytuj\u00ed \u010dist\u00e9 a uspokojiv\u00e9 uvol\u0148ov\u00e1n\u00ed chuti a nikotinu. Ide\u00e1ln\u00ed pro milovn\u00edky ovocn\u00fdch p\u0159\u00edchut\u00ed, kte\u0159\u00ed hledaj\u00ed siln\u011bj\u0161\u00ed n\u00e1boj bez zabarven\u00ed zub\u016f.<\/p>","protected":false},"featured_media":9644,"comment_status":"open","ping_status":"closed","template":"","format":[206],"meta":{"_acf_changed":false},"product_brand":[],"product_cat":[93],"product_tag":[16551],"flavours":[196],"nicotine":[211,232],"class_list":{"0":"post-9643","1":"product","2":"type-product","3":"status-publish","4":"has-post-thumbnail","6":"product_cat-lynx","7":"product_tag-11-mg-pouch","8":"pa_quantity-1-pack","9":"pa_quantity-10-pack","10":"pa_quantity-3-pack","11":"pa_quantity-30-pack","12":"pa_quantity-5-pack","13":"pa_quantity-60-pack","14":"flavours-fruits-berries","15":"format-slim","16":"nicotine-14-mg-g","17":"nicotine-extra-strong","19":"first","20":"outofstock","21":"taxable","22":"shipping-taxable","23":"purchasable","24":"product-type-variable"},"acf":[],"_links":{"self":[{"href":"https:\/\/whitelip.com\/cs\/wp-json\/wp\/v2\/product\/9643","targetHints":{"allow":["GET"]}}],"collection":[{"href":"https:\/\/whitelip.com\/cs\/wp-json\/wp\/v2\/product"}],"about":[{"href":"https:\/\/whitelip.com\/cs\/wp-json\/wp\/v2\/types\/product"}],"replies":[{"embeddable":true,"href":"https:\/\/whitelip.com\/cs\/wp-json\/wp\/v2\/comments?post=9643"}],"wp:featuredmedia":[{"embeddable":true,"href":"https:\/\/whitelip.com\/cs\/wp-json\/wp\/v2\/media\/9644"}],"wp:attachment":[{"href":"https:\/\/whitelip.com\/cs\/wp-json\/wp\/v2\/media?parent=9643"}],"wp:term":[{"taxonomy":"product_brand","embeddable":true,"href":"https:\/\/whitelip.com\/cs\/wp-json\/wp\/v2\/product_brand?post=9643"},{"taxonomy":"product_cat","embeddable":true,"href":"https:\/\/whitelip.com\/cs\/wp-json\/wp\/v2\/product_cat?post=9643"},{"taxonomy":"product_tag","embeddable":true,"href":"https:\/\/whitelip.com\/cs\/wp-json\/wp\/v2\/product_tag?post=9643"},{"taxonomy":"flavours","embeddable":true,"href":"https:\/\/whitelip.com\/cs\/wp-json\/wp\/v2\/flavours?post=9643"},{"taxonomy":"format","embeddable":true,"href":"https:\/\/whitelip.com\/cs\/wp-json\/wp\/v2\/format?post=9643"},{"taxonomy":"nicotine","embeddable":true,"href":"https:\/\/whitelip.com\/cs\/wp-json\/wp\/v2\/nicotine?post=9643"}],"curies":[{"name":"wp","href":"https:\/\/api.w.org\/{rel}","templated":true}]}}