{"id":9638,"date":"2025-01-31T10:04:39","date_gmt":"2025-01-31T10:04:39","guid":{"rendered":"https:\/\/whitelip.com\/loop-smooth-mint-hyper-strong\/"},"modified":"2026-04-29T22:27:29","modified_gmt":"2026-04-29T22:27:29","slug":"loop-smooth-mint-hyper-strong","status":"publish","type":"product","link":"https:\/\/whitelip.com\/cs\/loop\/loop-smooth-mint-hyper-strong\/","title":{"rendered":"LOOP Smooth Mint Hyper Strong"},"content":{"rendered":"<h2><strong>LOOP Smooth Mint Hyper Strong<\/strong><\/h2>\n<p>LOOP Smooth Mint Hyper Strong p\u0159in\u00e1\u0161\u00ed mimo\u0159\u00e1dn\u011b vysok\u00e9 mno\u017estv\u00ed nikotinu spolu se sv\u011b\u017e\u00ed m\u00e1tovou p\u0159\u00edchut\u00ed se sladk\u00fdmi prvky. S\u00e1\u010dky maj\u00ed tenk\u00fd form\u00e1t a s\u00edlu nikotinu 25 mg\/g.<\/p>\n<ul>\n<li>P\u0159\u00edchu\u0165: M\u00e1tov\u00e1<\/li>\n<li>Form\u00e1t: Slim<\/li>\n<li>Nikotin: 25 mg\/g<\/li>\n<li>Pouzdra: 22 ks<\/li>\n<li>Hmotnost: 13,8 g<\/li>\n<li>Zna\u010dka: <a href=\"https:\/\/whitelip.se\/en\/loop\" target=\"_blank\" rel=\"noopener\">LOOP<\/a><\/li>\n<li>V\u00fdrobce: <a href=\"https:\/\/anothersnusfactory.com\/about\/\" target=\"_blank\" rel=\"noopener\">LOOP<\/a><\/li>\n<\/ul>\n<p><em><strong>O zna\u010dce: LOOP<\/strong><\/em><\/p>\n<p>Objevte pohodl\u00ed a rozmanitost nikotinov\u00fdch s\u00e1\u010dk\u016f LOOP - \u0159adu, kter\u00e1 kombinuje vysokou kvalitu s r\u016fzn\u00fdmi zaj\u00edmav\u00fdmi p\u0159\u00edchut\u011bmi a silou nikotinu. D\u00edky diskr\u00e9tn\u00edmu a pohodln\u00e9mu designu nab\u00edz\u00ed LOOP stylov\u00e9 \u0159e\u0161en\u00ed pro uspokojen\u00ed nikotinov\u00e9 touhy. Prozkoumejte na\u0161i \u0161irokou nab\u00eddku nikotinov\u00fdch s\u00e1\u010dk\u016f LOOP a najd\u011bte si svou obl\u00edbenou p\u0159\u00edchu\u0165 pro p\u0159\u00edjemn\u00fd a diskr\u00e9tn\u00ed nikotinov\u00fd z\u00e1\u017eitek kdykoli.<\/p>\n<p><em><strong>O Whitelip.se:\u00a0<\/strong><\/em><\/p>\n<p><span data-contrast=\"auto\">V\u00edtejte na str\u00e1nk\u00e1ch Whitelip.se, kde najdete vysoce kvalitn\u00ed nikotinov\u00e9 s\u00e1\u010dky. Prozkoumejte na\u0161i rozs\u00e1hlou nab\u00eddku produkt\u016f navr\u017een\u00fdch tak, aby uspokojily va\u0161e nikotinov\u00e9 pot\u0159eby, s mo\u017enost\u00ed pohodln\u00e9ho doru\u010den\u00ed do Spojen\u00fdch st\u00e1t\u016f a Evropy a s mo\u017enost\u00ed dopravy zdarma p\u0159i placen\u00ed. Zvy\u0161te svou spokojenost s ka\u017ed\u00fdm n\u00e1kupem, proto\u017ee v\u00e1m p\u0159in\u00e1\u0161\u00edme \u0161pi\u010dkov\u00e9 zna\u010dky a bezprobl\u00e9mov\u00e9 doru\u010den\u00ed a\u017e k va\u0161im dve\u0159\u00edm. Za\u017eijte maxim\u00e1ln\u00ed pohodl\u00ed a prvot\u0159\u00eddn\u00ed kvalitu pouze na Whitelip.se. Nakupujte nyn\u00ed a dop\u0159ejte si pot\u011b\u0161en\u00ed z pr\u00e9miov\u00fdch nikotinov\u00fdch s\u00e1\u010dk\u016f v cel\u00e9 b\u00edl\u00e9 barv\u011b.<\/span><\/p>","protected":false},"excerpt":{"rendered":"<p>Mimo\u0159\u00e1dn\u011b vysok\u00e1 <strong data-start=\"11\" data-end=\"26\">hladk\u00e1 m\u00e1ta<\/strong> se sv\u011b\u017e\u00edmi, sladk\u00fdmi t\u00f3ny. <strong data-start=\"52\" data-end=\"60\">Slim<\/strong>, beztab\u00e1kov\u00e9 s\u00e1\u010dky se diskr\u00e9tn\u011b vkl\u00e1daj\u00ed pod ret a umo\u017e\u0148uj\u00ed \u010dist\u00e9 a pohodln\u00e9 pou\u017e\u00edv\u00e1n\u00ed. S\u00edla nikotinu <strong data-start=\"157\" data-end=\"168\">25 mg\/g<\/strong> pro mimo\u0159\u00e1dn\u011b siln\u00fd z\u00e1\u017eitek.<\/p>","protected":false},"featured_media":9639,"comment_status":"open","ping_status":"closed","template":"","format":[206],"meta":{"_acf_changed":false},"product_brand":[],"product_cat":[32],"product_tag":[17005],"flavours":[199],"nicotine":[232,219],"class_list":{"0":"post-9638","1":"product","2":"type-product","3":"status-publish","4":"has-post-thumbnail","6":"product_cat-loop","7":"product_tag-15-6-mg-pouch","8":"pa_quantity-1-pack","9":"pa_quantity-10-pack","10":"pa_quantity-3-pack","11":"pa_quantity-30-pack","12":"pa_quantity-5-pack","13":"pa_quantity-60-pack","14":"flavours-mint","15":"format-slim","16":"nicotine-extra-strong","17":"nicotine-25-mg-g","19":"first","20":"instock","21":"taxable","22":"shipping-taxable","23":"purchasable","24":"product-type-variable","25":"has-default-attributes"},"acf":[],"_links":{"self":[{"href":"https:\/\/whitelip.com\/cs\/wp-json\/wp\/v2\/product\/9638","targetHints":{"allow":["GET"]}}],"collection":[{"href":"https:\/\/whitelip.com\/cs\/wp-json\/wp\/v2\/product"}],"about":[{"href":"https:\/\/whitelip.com\/cs\/wp-json\/wp\/v2\/types\/product"}],"replies":[{"embeddable":true,"href":"https:\/\/whitelip.com\/cs\/wp-json\/wp\/v2\/comments?post=9638"}],"wp:featuredmedia":[{"embeddable":true,"href":"https:\/\/whitelip.com\/cs\/wp-json\/wp\/v2\/media\/9639"}],"wp:attachment":[{"href":"https:\/\/whitelip.com\/cs\/wp-json\/wp\/v2\/media?parent=9638"}],"wp:term":[{"taxonomy":"product_brand","embeddable":true,"href":"https:\/\/whitelip.com\/cs\/wp-json\/wp\/v2\/product_brand?post=9638"},{"taxonomy":"product_cat","embeddable":true,"href":"https:\/\/whitelip.com\/cs\/wp-json\/wp\/v2\/product_cat?post=9638"},{"taxonomy":"product_tag","embeddable":true,"href":"https:\/\/whitelip.com\/cs\/wp-json\/wp\/v2\/product_tag?post=9638"},{"taxonomy":"flavours","embeddable":true,"href":"https:\/\/whitelip.com\/cs\/wp-json\/wp\/v2\/flavours?post=9638"},{"taxonomy":"format","embeddable":true,"href":"https:\/\/whitelip.com\/cs\/wp-json\/wp\/v2\/format?post=9638"},{"taxonomy":"nicotine","embeddable":true,"href":"https:\/\/whitelip.com\/cs\/wp-json\/wp\/v2\/nicotine?post=9638"}],"curies":[{"name":"wp","href":"https:\/\/api.w.org\/{rel}","templated":true}]}}