{"id":9628,"date":"2025-01-31T09:59:25","date_gmt":"2025-01-31T09:59:25","guid":{"rendered":"https:\/\/whitelip.com\/loop-jalapeno-lime-2\/"},"modified":"2026-04-15T00:57:11","modified_gmt":"2026-04-15T00:57:11","slug":"loop-jalapeno-lime-2","status":"publish","type":"product","link":"https:\/\/whitelip.com\/cs\/loop\/loop-jalapeno-lime-2\/","title":{"rendered":"LOOP Jalape\u00f1o Lime #2"},"content":{"rendered":"<h2><strong>LOOP Jalape\u00f1o Lime #2<\/strong><\/h2>\n<p><span style=\"font-weight: 400;\">LOOP Jalape\u00f1o Lime #2 nab\u00edz\u00ed odv\u00e1\u017enou a osv\u011b\u017euj\u00edc\u00ed sm\u011bs pikantn\u00ed limetky s pikantn\u00edm n\u00e1dechem jalape\u00f1o, kter\u00e1 vytv\u00e1\u0159\u00ed jedine\u010dn\u00fd a dynamick\u00fd chu\u0165ov\u00fd z\u00e1\u017eitek. Tyto tenk\u00e9 nikotinov\u00e9 s\u00e1\u010dky poskytuj\u00ed st\u0159edn\u00ed s\u00edlu nikotinu, tak\u017ee jsou ide\u00e1ln\u00ed pro u\u017eivatele, kte\u0159\u00ed hledaj\u00ed chu\u0165ov\u011b vyv\u00e1\u017eenou variantu. LOOP Jalape\u00f1o Lime #2 je navr\u017een pro diskr\u00e9tn\u00ed pou\u017eit\u00ed, pohodln\u011b se vejde pod ret a zajist\u00ed pohodln\u00fd a povzbuzuj\u00edc\u00ed nikotinov\u00fd z\u00e1\u017eitek. Jeho \u017eiv\u00e1 kombinace ko\u0159en\u00ed a citrus\u016f zaji\u0161\u0165uje skute\u010dn\u011b v\u00fdrazn\u00fd pocit.<\/span><\/p>\n<table>\n<tbody>\n<tr>\n<td><b>Atribut<\/b><\/td>\n<td><b>Podrobnosti na<\/b><\/td>\n<\/tr>\n<tr>\n<td><span style=\"font-weight: 400;\">Obsah na plechovku<\/span><\/td>\n<td><span style=\"font-weight: 400;\">12 g (20 s\u00e1\u010dk\u016f)<\/span><\/td>\n<\/tr>\n<tr>\n<td><span style=\"font-weight: 400;\">Obsah nikotinu<\/span><\/td>\n<td><span style=\"font-weight: 400;\">10 mg\/g<\/span><\/td>\n<\/tr>\n<tr>\n<td><span style=\"font-weight: 400;\">Form\u00e1t pouzdra<\/span><\/td>\n<td><span style=\"font-weight: 400;\">Slim<\/span><\/td>\n<\/tr>\n<tr>\n<td><span style=\"font-weight: 400;\">V\u00fdrobce<\/span><\/td>\n<td><span style=\"font-weight: 400;\">LOOP<\/span><\/td>\n<\/tr>\n<tr>\n<td><span style=\"font-weight: 400;\">P\u0159\u00edchu\u0165<\/span><\/td>\n<td><span style=\"font-weight: 400;\">Jalape\u00f1o a limetka<\/span><\/td>\n<\/tr>\n<tr>\n<td><span style=\"font-weight: 400;\">Typ<\/span><\/td>\n<td><span style=\"font-weight: 400;\">Celob\u00edl\u00fd s\u00e1\u010dek, bez tab\u00e1ku<\/span><\/td>\n<\/tr>\n<\/tbody>\n<\/table>","protected":false},"excerpt":{"rendered":"<p>Odv\u00e1\u017en\u00fd, pikantn\u00ed <strong data-start=\"12\" data-end=\"29\">jalape\u00f1o limetka<\/strong> s pikantn\u00edm n\u00e1dechem a citrusov\u00fdm n\u00e1dechem. <strong data-start=\"65\" data-end=\"73\">Slim<\/strong>, beztab\u00e1kov\u00e9 s\u00e1\u010dky se diskr\u00e9tn\u011b um\u00eds\u0165uj\u00ed pod rty a umo\u017e\u0148uj\u00ed pohodln\u00e9 pou\u017e\u00edv\u00e1n\u00ed. Poskytuj\u00ed st\u0159edn\u00ed s\u00edlu nikotinu pro chu\u0165ov\u011b vyv\u00e1\u017een\u00e9 povzbuzen\u00ed.<\/p>","protected":false},"featured_media":3224,"comment_status":"open","ping_status":"closed","template":"","format":[206],"meta":{"_acf_changed":false},"product_brand":[],"product_cat":[32],"product_tag":[17013],"flavours":[187,190],"nicotine":[207,236],"class_list":{"0":"post-9628","1":"product","2":"type-product","3":"status-publish","4":"has-post-thumbnail","6":"product_cat-loop","7":"product_tag-6-3-mg-pouch","8":"pa_quantity-1-pack","9":"pa_quantity-10-pack","10":"pa_quantity-3-pack","11":"pa_quantity-30-pack","12":"pa_quantity-5-pack","13":"pa_quantity-60-pack","14":"flavours-chili","15":"flavours-citrus","16":"format-slim","17":"nicotine-10-mg-g","18":"nicotine-strong","20":"first","21":"instock","22":"taxable","23":"shipping-taxable","24":"purchasable","25":"product-type-variable"},"acf":[],"_links":{"self":[{"href":"https:\/\/whitelip.com\/cs\/wp-json\/wp\/v2\/product\/9628","targetHints":{"allow":["GET"]}}],"collection":[{"href":"https:\/\/whitelip.com\/cs\/wp-json\/wp\/v2\/product"}],"about":[{"href":"https:\/\/whitelip.com\/cs\/wp-json\/wp\/v2\/types\/product"}],"replies":[{"embeddable":true,"href":"https:\/\/whitelip.com\/cs\/wp-json\/wp\/v2\/comments?post=9628"}],"wp:featuredmedia":[{"embeddable":true,"href":"https:\/\/whitelip.com\/cs\/wp-json\/wp\/v2\/media\/3224"}],"wp:attachment":[{"href":"https:\/\/whitelip.com\/cs\/wp-json\/wp\/v2\/media?parent=9628"}],"wp:term":[{"taxonomy":"product_brand","embeddable":true,"href":"https:\/\/whitelip.com\/cs\/wp-json\/wp\/v2\/product_brand?post=9628"},{"taxonomy":"product_cat","embeddable":true,"href":"https:\/\/whitelip.com\/cs\/wp-json\/wp\/v2\/product_cat?post=9628"},{"taxonomy":"product_tag","embeddable":true,"href":"https:\/\/whitelip.com\/cs\/wp-json\/wp\/v2\/product_tag?post=9628"},{"taxonomy":"flavours","embeddable":true,"href":"https:\/\/whitelip.com\/cs\/wp-json\/wp\/v2\/flavours?post=9628"},{"taxonomy":"format","embeddable":true,"href":"https:\/\/whitelip.com\/cs\/wp-json\/wp\/v2\/format?post=9628"},{"taxonomy":"nicotine","embeddable":true,"href":"https:\/\/whitelip.com\/cs\/wp-json\/wp\/v2\/nicotine?post=9628"}],"curies":[{"name":"wp","href":"https:\/\/api.w.org\/{rel}","templated":true}]}}