{"id":9623,"date":"2025-01-31T09:52:32","date_gmt":"2025-01-31T09:52:32","guid":{"rendered":"https:\/\/whitelip.com\/loop-red-chili-melon-2\/"},"modified":"2026-05-16T10:11:02","modified_gmt":"2026-05-16T10:11:02","slug":"loop-red-chili-melon-2","status":"publish","type":"product","link":"https:\/\/whitelip.com\/cs\/loop\/loop-red-chili-melon-2\/","title":{"rendered":"LOOP \u010cerven\u00fd chilli meloun #2"},"content":{"rendered":"<h2><strong>LOOP \u010cerven\u00fd chilli meloun #2<\/strong><\/h2>\n<p><span style=\"font-weight: 400;\">LOOP Red Chili Melon #2 kombinuje sladkou a \u0161\u0165avnatou chu\u0165 zral\u00e9ho melounu s ohniv\u00fdm chilli a p\u0159in\u00e1\u0161\u00ed odv\u00e1\u017en\u00fd a vzru\u0161uj\u00edc\u00ed nikotinov\u00fd z\u00e1\u017eitek. Tyto tenk\u00e9 nikotinov\u00e9 s\u00e1\u010dky poskytuj\u00ed st\u0159edn\u00ed s\u00edlu nikotinu, tak\u017ee jsou vhodn\u00e9 pro u\u017eivatele, kte\u0159\u00ed maj\u00ed r\u00e1di vyv\u00e1\u017eenou a z\u00e1rove\u0148 dobrodru\u017enou variantu. LOOP Red Chili Melon #2 je navr\u017een pro diskr\u00e9tn\u00ed pou\u017eit\u00ed, pohodln\u011b se vejde pod ret a nab\u00edz\u00ed \u010dist\u00fd a povzbuzuj\u00edc\u00ed pocit pro ka\u017edou p\u0159\u00edle\u017eitost.<\/span><\/p>\n<table>\n<tbody>\n<tr>\n<td><b>Atribut<\/b><\/td>\n<td><b>Podrobnosti na<\/b><\/td>\n<\/tr>\n<tr>\n<td><span style=\"font-weight: 400;\">Obsah na plechovku<\/span><\/td>\n<td><span style=\"font-weight: 400;\">12 g (20 s\u00e1\u010dk\u016f)<\/span><\/td>\n<\/tr>\n<tr>\n<td><span style=\"font-weight: 400;\">Obsah nikotinu<\/span><\/td>\n<td><span style=\"font-weight: 400;\">10 mg\/g<\/span><\/td>\n<\/tr>\n<tr>\n<td><span style=\"font-weight: 400;\">Form\u00e1t pouzdra<\/span><\/td>\n<td><span style=\"font-weight: 400;\">Slim<\/span><\/td>\n<\/tr>\n<tr>\n<td><span style=\"font-weight: 400;\">V\u00fdrobce<\/span><\/td>\n<td><span style=\"font-weight: 400;\">LOOP<\/span><\/td>\n<\/tr>\n<tr>\n<td><span style=\"font-weight: 400;\">P\u0159\u00edchu\u0165<\/span><\/td>\n<td><span style=\"font-weight: 400;\">\u010cerven\u00e9 chilli a meloun<\/span><\/td>\n<\/tr>\n<tr>\n<td><span style=\"font-weight: 400;\">Typ<\/span><\/td>\n<td><span style=\"font-weight: 400;\">Celob\u00edl\u00fd s\u00e1\u010dek, bez tab\u00e1ku<\/span><\/td>\n<\/tr>\n<\/tbody>\n<\/table>","protected":false},"excerpt":{"rendered":"<p>Sladk\u00fd, \u0161\u0165avnat\u00fd <strong data-start=\"13\" data-end=\"32\">\u010derven\u00fd chilli meloun<\/strong> s ohniv\u00fdm n\u00e1dechem pro odv\u00e1\u017en\u00fd a vzru\u0161uj\u00edc\u00ed vzhled. <strong data-start=\"78\" data-end=\"86\">Slim<\/strong>, beztab\u00e1kov\u00e9 s\u00e1\u010dky diskr\u00e9tn\u011b sed\u00ed pod rty a umo\u017e\u0148uj\u00ed \u010dist\u00e9 a osv\u011b\u017euj\u00edc\u00ed pou\u017eit\u00ed. Poskytuje st\u0159edn\u00ed s\u00edlu nikotinu pro vyv\u00e1\u017een\u00fd a z\u00e1rove\u0148 dobrodru\u017en\u00fd z\u00e1\u017eitek.<\/p>","protected":false},"featured_media":9624,"comment_status":"open","ping_status":"closed","template":"","format":[206],"meta":{"_acf_changed":false},"product_brand":[],"product_cat":[32],"product_tag":[17013],"flavours":[187,196],"nicotine":[207,236],"class_list":{"0":"post-9623","1":"product","2":"type-product","3":"status-publish","4":"has-post-thumbnail","6":"product_cat-loop","7":"product_tag-6-3-mg-pouch","8":"pa_quantity-1-pack","9":"pa_quantity-10-pack","10":"pa_quantity-3-pack","11":"pa_quantity-30-pack","12":"pa_quantity-5-pack","13":"pa_quantity-60-pack","14":"flavours-chili","15":"flavours-fruits-berries","16":"format-slim","17":"nicotine-10-mg-g","18":"nicotine-strong","20":"first","21":"instock","22":"taxable","23":"shipping-taxable","24":"purchasable","25":"product-type-variable"},"acf":[],"_links":{"self":[{"href":"https:\/\/whitelip.com\/cs\/wp-json\/wp\/v2\/product\/9623","targetHints":{"allow":["GET"]}}],"collection":[{"href":"https:\/\/whitelip.com\/cs\/wp-json\/wp\/v2\/product"}],"about":[{"href":"https:\/\/whitelip.com\/cs\/wp-json\/wp\/v2\/types\/product"}],"replies":[{"embeddable":true,"href":"https:\/\/whitelip.com\/cs\/wp-json\/wp\/v2\/comments?post=9623"}],"wp:featuredmedia":[{"embeddable":true,"href":"https:\/\/whitelip.com\/cs\/wp-json\/wp\/v2\/media\/9624"}],"wp:attachment":[{"href":"https:\/\/whitelip.com\/cs\/wp-json\/wp\/v2\/media?parent=9623"}],"wp:term":[{"taxonomy":"product_brand","embeddable":true,"href":"https:\/\/whitelip.com\/cs\/wp-json\/wp\/v2\/product_brand?post=9623"},{"taxonomy":"product_cat","embeddable":true,"href":"https:\/\/whitelip.com\/cs\/wp-json\/wp\/v2\/product_cat?post=9623"},{"taxonomy":"product_tag","embeddable":true,"href":"https:\/\/whitelip.com\/cs\/wp-json\/wp\/v2\/product_tag?post=9623"},{"taxonomy":"flavours","embeddable":true,"href":"https:\/\/whitelip.com\/cs\/wp-json\/wp\/v2\/flavours?post=9623"},{"taxonomy":"format","embeddable":true,"href":"https:\/\/whitelip.com\/cs\/wp-json\/wp\/v2\/format?post=9623"},{"taxonomy":"nicotine","embeddable":true,"href":"https:\/\/whitelip.com\/cs\/wp-json\/wp\/v2\/nicotine?post=9623"}],"curies":[{"name":"wp","href":"https:\/\/api.w.org\/{rel}","templated":true}]}}