{"id":9620,"date":"2025-01-29T12:56:09","date_gmt":"2025-01-29T12:56:09","guid":{"rendered":"https:\/\/whitelip.com\/greatest-cold-dry-16mg-mega-can\/"},"modified":"2026-04-30T10:10:59","modified_gmt":"2026-04-30T10:10:59","slug":"greatest-cold-dry-16mg-mega-can","status":"publish","type":"product","link":"https:\/\/whitelip.com\/cs\/greatest\/greatest-cold-dry-16mg-mega-can\/","title":{"rendered":"GREATEST Cold Dry 16mg Mega Can"},"content":{"rendered":"<h2><strong>GREATEST Cold Dry 16mg Mega Can<\/strong><\/h2>\n<p><span style=\"font-weight: 400;\">Nikotinov\u00e9 s\u00e1\u010dky GREATEST Cold Dry 16 mg Mega Can nab\u00edzej\u00ed osv\u011b\u017euj\u00edc\u00ed m\u00e1tovou p\u0159\u00edchu\u0165 v kombinaci se silou nikotinu 16 mg na gram, co\u017e odpov\u00edd\u00e1 p\u0159ibli\u017en\u011b 12 mg na s\u00e1\u010dek. Ka\u017ed\u00e1 plechovka obsahuje 200 s\u00e1\u010dk\u016f tenk\u00e9ho form\u00e1tu, kter\u00e9 jsou navr\u017eeny pro diskr\u00e9tn\u00ed pou\u017eit\u00ed bez zabarven\u00ed zub\u016f. Tyto s\u00e1\u010dky, kter\u00e9 vyr\u00e1b\u00ed finsk\u00fd v\u00fdrobce Puff &amp; Pouch, zn\u00e1m\u00fd spojen\u00edm modern\u00edch metod s tradi\u010dn\u00ed kvalitou, jsou p\u0159\u00edkladem vysok\u00fdch standard\u016f a inovativn\u00edch kombinac\u00ed chut\u00ed.<\/span><\/p>\n<table>\n<tbody>\n<tr>\n<td><b>Atribut<\/b><\/td>\n<td><b>Podrobnosti na<\/b><\/td>\n<\/tr>\n<tr>\n<td><b>Obsah na plechovku<\/b><\/td>\n<td><span style=\"font-weight: 400;\">200 s\u00e1\u010dk\u016f<\/span><\/td>\n<\/tr>\n<tr>\n<td><b>Obsah nikotinu<\/b><\/td>\n<td><span style=\"font-weight: 400;\">16 mg\/g (12 mg na s\u00e1\u010dek)<\/span><\/td>\n<\/tr>\n<tr>\n<td><b>Form\u00e1t pouzdra<\/b><\/td>\n<td><span style=\"font-weight: 400;\">Slim<\/span><\/td>\n<\/tr>\n<tr>\n<td><b>V\u00fdrobce<\/b><\/td>\n<td><span style=\"font-weight: 400;\">Puff &amp; Pouch<\/span><\/td>\n<\/tr>\n<tr>\n<td><b>P\u0159\u00edchu\u0165<\/b><\/td>\n<td><span style=\"font-weight: 400;\">M\u00e1tov\u00fd<\/span><\/td>\n<\/tr>\n<tr>\n<td><b>Typ<\/b><\/td>\n<td><span style=\"font-weight: 400;\">Celob\u00edl\u00e9 pouzdro<\/span><\/td>\n<\/tr>\n<\/tbody>\n<\/table>","protected":false},"excerpt":{"rendered":"<p>Osv\u011b\u017euj\u00edc\u00ed <strong data-start=\"11\" data-end=\"19\">m\u00e1ta<\/strong> s \u010dist\u00fdm, chladiv\u00fdm profilem. <strong data-start=\"51\" data-end=\"59\">Slim<\/strong> s\u00e1\u010dky navr\u017een\u00e9 pro diskr\u00e9tn\u00ed pou\u017eit\u00ed bez zabarven\u00ed zub\u016f; Mega Can obsahuje 200 kus\u016f. Ka\u017ed\u00fd s\u00e1\u010dek obsahuje <strong data-start=\"161\" data-end=\"179\">12 mg nikotinu<\/strong> (16 mg\/g), co\u017e p\u0159in\u00e1\u0161\u00ed st\u00e1l\u00fd a uspokojiv\u00fd kopanec. Vyrobeno spole\u010dnost\u00ed Puff &amp; Pouch (Finsko), kter\u00e1 zaji\u0161\u0165uje vysokou a st\u00e1lou kvalitu.<\/p>","protected":false},"featured_media":9621,"comment_status":"open","ping_status":"closed","template":"","format":[206],"meta":{"_acf_changed":false},"product_brand":[],"product_cat":[87,92],"product_tag":[16561],"flavours":[199],"nicotine":[213,232],"class_list":{"0":"post-9620","1":"product","2":"type-product","3":"status-publish","4":"has-post-thumbnail","6":"product_cat-greatest","7":"product_cat-jumbo-can","8":"product_tag-12-mg-pouch","9":"pa_quantity-1-pack","10":"pa_quantity-10-pack","11":"pa_quantity-2-pack","12":"pa_quantity-3-pack","13":"pa_quantity-30-pack","14":"pa_quantity-5-pack","15":"pa_quantity-60-pack","16":"flavours-mint","17":"format-slim","18":"nicotine-16-mg-g","19":"nicotine-extra-strong","21":"first","22":"outofstock","23":"taxable","24":"shipping-taxable","25":"purchasable","26":"product-type-variable"},"acf":[],"_links":{"self":[{"href":"https:\/\/whitelip.com\/cs\/wp-json\/wp\/v2\/product\/9620","targetHints":{"allow":["GET"]}}],"collection":[{"href":"https:\/\/whitelip.com\/cs\/wp-json\/wp\/v2\/product"}],"about":[{"href":"https:\/\/whitelip.com\/cs\/wp-json\/wp\/v2\/types\/product"}],"replies":[{"embeddable":true,"href":"https:\/\/whitelip.com\/cs\/wp-json\/wp\/v2\/comments?post=9620"}],"wp:featuredmedia":[{"embeddable":true,"href":"https:\/\/whitelip.com\/cs\/wp-json\/wp\/v2\/media\/9621"}],"wp:attachment":[{"href":"https:\/\/whitelip.com\/cs\/wp-json\/wp\/v2\/media?parent=9620"}],"wp:term":[{"taxonomy":"product_brand","embeddable":true,"href":"https:\/\/whitelip.com\/cs\/wp-json\/wp\/v2\/product_brand?post=9620"},{"taxonomy":"product_cat","embeddable":true,"href":"https:\/\/whitelip.com\/cs\/wp-json\/wp\/v2\/product_cat?post=9620"},{"taxonomy":"product_tag","embeddable":true,"href":"https:\/\/whitelip.com\/cs\/wp-json\/wp\/v2\/product_tag?post=9620"},{"taxonomy":"flavours","embeddable":true,"href":"https:\/\/whitelip.com\/cs\/wp-json\/wp\/v2\/flavours?post=9620"},{"taxonomy":"format","embeddable":true,"href":"https:\/\/whitelip.com\/cs\/wp-json\/wp\/v2\/format?post=9620"},{"taxonomy":"nicotine","embeddable":true,"href":"https:\/\/whitelip.com\/cs\/wp-json\/wp\/v2\/nicotine?post=9620"}],"curies":[{"name":"wp","href":"https:\/\/api.w.org\/{rel}","templated":true}]}}