{"id":96159,"date":"2026-04-27T12:03:54","date_gmt":"2026-04-27T12:03:54","guid":{"rendered":"https:\/\/whitelip.com\/?post_type=product&#038;p=96159"},"modified":"2026-04-29T10:11:36","modified_gmt":"2026-04-29T10:11:36","slug":"x-booster-energy-drink-caffeine-exp-05-22-2026","status":"publish","type":"product","link":"https:\/\/whitelip.com\/cs\/x-booster\/x-booster-energy-drink-caffeine-exp-05-22-2026\/","title":{"rendered":"X-BOOSTER Energy Drink Caffeine Exp.05\/22\/2026"},"content":{"rendered":"<h2>X-BOOSTER Energy Drink Caffeine Exp.05\/22\/2026<\/h2>\n<p class=\"\" data-start=\"76\" data-end=\"609\">Kofeinov\u00fd n\u00e1poj X-BOOSTER Energy Drink v s\u00e1\u010dc\u00edch p\u0159in\u00e1\u0161\u00ed jemnou a vyv\u00e1\u017eenou chu\u0165 energetick\u00e9ho n\u00e1poje. Ka\u017ed\u00fd tenk\u00fd b\u00edl\u00fd kofeinov\u00fd s\u00e1\u010dek obsahuje 80 mg kofeinu a nab\u00edz\u00ed nakopnut\u00ed, kter\u00e9 je vhodn\u00e9 pro v\u0161echny, kdo maj\u00ed r\u00e1di vyv\u00e1\u017eenou chu\u0165 a st\u00e1lou intenzitu. Diskr\u00e9tn\u00ed, pohodln\u00fd a nezanech\u00e1vaj\u00edc\u00ed skvrny X-BOOSTER Cool Mint Caffeine je vyroben spole\u010dnost\u00ed 77 Group, aby byla zaji\u0161t\u011bna vysok\u00e1 kvalita, v\u00fdrazn\u00e1 chu\u0165 a z\u00e1\u017eitek bez nikotinu.<\/p>\n<table>\n<tbody>\n<tr>\n<td><b>Atribut<\/b><\/td>\n<td><b>Podrobnosti na<\/b><\/td>\n<\/tr>\n<tr>\n<td><b>Obsah na plechovku<\/b><\/td>\n<td><span style=\"font-weight: 400;\">13 g (20 s\u00e1\u010dk\u016f)<\/span><\/td>\n<\/tr>\n<tr>\n<td><b>Obsah nikotinu<\/b><\/td>\n<td><span style=\"font-weight: 400;\">80 mg\/s\u00e1\u010dek<\/span><\/td>\n<\/tr>\n<tr>\n<td><b>Form\u00e1t pouzdra<\/b><\/td>\n<td><span style=\"font-weight: 400;\">Slim<\/span><\/td>\n<\/tr>\n<tr>\n<td><b>V\u00fdrobce<\/b><\/td>\n<td><span style=\"font-weight: 400;\">77 Skupina<\/span><\/td>\n<\/tr>\n<tr>\n<td><b>P\u0159\u00edchu\u0165<\/b><\/td>\n<td><span style=\"font-weight: 400;\">Energetick\u00fd n\u00e1poj<\/span><\/td>\n<\/tr>\n<tr>\n<td><b>Typ<\/b><\/td>\n<td><span style=\"font-weight: 400;\">Celob\u00edl\u00e9 pouzdro<\/span><\/td>\n<\/tr>\n<\/tbody>\n<\/table>","protected":false},"excerpt":{"rendered":"<p>X-BOOSTER <strong data-start=\"10\" data-end=\"26\">Energetick\u00fd n\u00e1poj<\/strong> p\u0159in\u00e1\u0161\u00ed jemnou, vyv\u00e1\u017eenou chu\u0165 energetick\u00e9ho n\u00e1poje. Na <strong data-start=\"79\" data-end=\"87\">slim<\/strong>, b\u00edl\u00e1 pouzdra jsou diskr\u00e9tn\u00ed, pohodln\u00e1 a nezanech\u00e1vaj\u00ed skvrny. Ka\u017ed\u00fd s\u00e1\u010dek obsahuje <strong data-start=\"166\" data-end=\"184\">80 mg kofeinu<\/strong> pro st\u00e1lou intenzitu. Vyrobeno spole\u010dnost\u00ed 77 Group pro vysokou kvalitu, v\u00fdraznou chu\u0165, bez tab\u00e1ku a nikotinu.<\/p>","protected":false},"featured_media":28026,"comment_status":"open","ping_status":"closed","template":"","format":[],"meta":{"_acf_changed":false},"product_brand":[],"product_cat":[241],"product_tag":[17015],"flavours":[],"nicotine":[],"class_list":{"0":"post-96159","1":"product","2":"type-product","3":"status-publish","4":"has-post-thumbnail","6":"product_cat-x-booster","7":"product_tag-50-off","8":"pa_quantity-1-pack","9":"pa_quantity-10-pack","10":"pa_quantity-3-pack","11":"pa_quantity-30-pack","12":"pa_quantity-5-pack","13":"pa_quantity-60-pack","15":"first","16":"instock","17":"sale","18":"taxable","19":"shipping-taxable","20":"purchasable","21":"product-type-variable"},"acf":[],"_links":{"self":[{"href":"https:\/\/whitelip.com\/cs\/wp-json\/wp\/v2\/product\/96159","targetHints":{"allow":["GET"]}}],"collection":[{"href":"https:\/\/whitelip.com\/cs\/wp-json\/wp\/v2\/product"}],"about":[{"href":"https:\/\/whitelip.com\/cs\/wp-json\/wp\/v2\/types\/product"}],"replies":[{"embeddable":true,"href":"https:\/\/whitelip.com\/cs\/wp-json\/wp\/v2\/comments?post=96159"}],"wp:featuredmedia":[{"embeddable":true,"href":"https:\/\/whitelip.com\/cs\/wp-json\/wp\/v2\/media\/28026"}],"wp:attachment":[{"href":"https:\/\/whitelip.com\/cs\/wp-json\/wp\/v2\/media?parent=96159"}],"wp:term":[{"taxonomy":"product_brand","embeddable":true,"href":"https:\/\/whitelip.com\/cs\/wp-json\/wp\/v2\/product_brand?post=96159"},{"taxonomy":"product_cat","embeddable":true,"href":"https:\/\/whitelip.com\/cs\/wp-json\/wp\/v2\/product_cat?post=96159"},{"taxonomy":"product_tag","embeddable":true,"href":"https:\/\/whitelip.com\/cs\/wp-json\/wp\/v2\/product_tag?post=96159"},{"taxonomy":"flavours","embeddable":true,"href":"https:\/\/whitelip.com\/cs\/wp-json\/wp\/v2\/flavours?post=96159"},{"taxonomy":"format","embeddable":true,"href":"https:\/\/whitelip.com\/cs\/wp-json\/wp\/v2\/format?post=96159"},{"taxonomy":"nicotine","embeddable":true,"href":"https:\/\/whitelip.com\/cs\/wp-json\/wp\/v2\/nicotine?post=96159"}],"curies":[{"name":"wp","href":"https:\/\/api.w.org\/{rel}","templated":true}]}}