{"id":9615,"date":"2025-01-29T12:39:51","date_gmt":"2025-01-29T12:39:51","guid":{"rendered":"https:\/\/whitelip.com\/greatest-xl-cold-dry-16mg\/"},"modified":"2026-04-29T15:08:14","modified_gmt":"2026-04-29T15:08:14","slug":"greatest-xl-cold-dry-16mg","status":"publish","type":"product","link":"https:\/\/whitelip.com\/cs\/greatest\/greatest-xl-cold-dry-16mg\/","title":{"rendered":"GREATEST XL Cold Dry 16mg"},"content":{"rendered":"<h2><strong>GREATEST XL Cold Dry 16mg<\/strong><\/h2>\n<p><span style=\"font-weight: 400;\">GREATEST XL Cold Dry 16 mg nikotinov\u00e9 s\u00e1\u010dky nab\u00edzej\u00ed osv\u011b\u017euj\u00edc\u00ed m\u00e1tovou p\u0159\u00edchu\u0165 v kombinaci se silou nikotinu 16 mg na gram, co\u017e odpov\u00edd\u00e1 p\u0159ibli\u017en\u011b 13 mg na s\u00e1\u010dek. Ka\u017ed\u00e1 plechovka obsahuje 20 velkoform\u00e1tov\u00fdch s\u00e1\u010dk\u016f, kter\u00e9 jsou ur\u010deny pro nep\u0159\u00edli\u0161 diskr\u00e9tn\u00ed pou\u017eit\u00ed bez zabarven\u00ed zub\u016f. Tyto s\u00e1\u010dky, vyr\u00e1b\u011bn\u00e9 finsk\u00fdm v\u00fdrobcem Puff &amp; Pouch, kter\u00fd je zn\u00e1m\u00fd spojen\u00edm modern\u00edch postup\u016f s tradi\u010dn\u00ed kvalitou, jsou p\u0159\u00edkladem vysok\u00fdch standard\u016f a inovativn\u00edch kombinac\u00ed chut\u00ed.<\/span><\/p>\n<table>\n<tbody>\n<tr>\n<td><b>Atribut<\/b><\/td>\n<td><b>Podrobnosti na<\/b><\/td>\n<\/tr>\n<tr>\n<td><b>Obsah na plechovku<\/b><\/td>\n<td><span style=\"font-weight: 400;\">12 g (20 s\u00e1\u010dk\u016f)<\/span><\/td>\n<\/tr>\n<tr>\n<td><b>Obsah nikotinu<\/b><\/td>\n<td><span style=\"font-weight: 400;\">16 mg\/g (13,32 mg na s\u00e1\u010dek)<\/span><\/td>\n<\/tr>\n<tr>\n<td><b>Form\u00e1t pouzdra<\/b><\/td>\n<td><span style=\"font-weight: 400;\">Velk\u00e9<\/span><\/td>\n<\/tr>\n<tr>\n<td><b>V\u00fdrobce<\/b><\/td>\n<td><span style=\"font-weight: 400;\">Puff &amp; Pouch<\/span><\/td>\n<\/tr>\n<tr>\n<td><b>P\u0159\u00edchu\u0165<\/b><\/td>\n<td><span style=\"font-weight: 400;\">M\u00e1tov\u00fd<\/span><\/td>\n<\/tr>\n<tr>\n<td><b>Typ<\/b><\/td>\n<td><span style=\"font-weight: 400;\">Celob\u00edl\u00e9 pouzdro<\/span><\/td>\n<\/tr>\n<\/tbody>\n<\/table>","protected":false},"excerpt":{"rendered":"<p>Osv\u011b\u017euj\u00edc\u00ed <strong data-start=\"11\" data-end=\"19\">m\u00e1ta<\/strong> s \u010dist\u00fdm, chladiv\u00fdm profilem. <strong data-start=\"51\" data-end=\"70\">XL velkoform\u00e1tov\u00fd<\/strong> zcela b\u00edl\u00e9 s\u00e1\u010dky ur\u010den\u00e9 pro nep\u0159\u00edli\u0161 diskr\u00e9tn\u00ed pou\u017eit\u00ed bez zabarven\u00ed zub\u016f; 20 kus\u016f v plechovce. Ka\u017ed\u00fd s\u00e1\u010dek obsahuje <strong data-start=\"178\" data-end=\"197\">~13 mg nikotinu<\/strong> (<strong data-start=\"199\" data-end=\"210\">16 mg\/g<\/strong>) a poskytuje stabiln\u00ed, uspokojiv\u00fd kopanec. Vyrobeno spole\u010dnost\u00ed Puff &amp; Pouch (Finsko), kter\u00e1 zaji\u0161\u0165uje vysokou a st\u00e1lou kvalitu.<\/p>","protected":false},"featured_media":9616,"comment_status":"open","ping_status":"closed","template":"","format":[204],"meta":{"_acf_changed":false},"product_brand":[],"product_cat":[87],"product_tag":[16593],"flavours":[199],"nicotine":[213,232],"class_list":{"0":"post-9615","1":"product","2":"type-product","3":"status-publish","4":"has-post-thumbnail","6":"product_cat-greatest","7":"product_tag-13-mg-pouch","8":"pa_quantity-1-pack","9":"pa_quantity-10-pack","10":"pa_quantity-3-pack","11":"pa_quantity-30-pack","12":"pa_quantity-5-pack","13":"pa_quantity-60-pack","14":"flavours-mint","15":"format-large","16":"nicotine-16-mg-g","17":"nicotine-extra-strong","19":"first","20":"instock","21":"taxable","22":"shipping-taxable","23":"purchasable","24":"product-type-variable","25":"has-default-attributes"},"acf":[],"_links":{"self":[{"href":"https:\/\/whitelip.com\/cs\/wp-json\/wp\/v2\/product\/9615","targetHints":{"allow":["GET"]}}],"collection":[{"href":"https:\/\/whitelip.com\/cs\/wp-json\/wp\/v2\/product"}],"about":[{"href":"https:\/\/whitelip.com\/cs\/wp-json\/wp\/v2\/types\/product"}],"replies":[{"embeddable":true,"href":"https:\/\/whitelip.com\/cs\/wp-json\/wp\/v2\/comments?post=9615"}],"wp:featuredmedia":[{"embeddable":true,"href":"https:\/\/whitelip.com\/cs\/wp-json\/wp\/v2\/media\/9616"}],"wp:attachment":[{"href":"https:\/\/whitelip.com\/cs\/wp-json\/wp\/v2\/media?parent=9615"}],"wp:term":[{"taxonomy":"product_brand","embeddable":true,"href":"https:\/\/whitelip.com\/cs\/wp-json\/wp\/v2\/product_brand?post=9615"},{"taxonomy":"product_cat","embeddable":true,"href":"https:\/\/whitelip.com\/cs\/wp-json\/wp\/v2\/product_cat?post=9615"},{"taxonomy":"product_tag","embeddable":true,"href":"https:\/\/whitelip.com\/cs\/wp-json\/wp\/v2\/product_tag?post=9615"},{"taxonomy":"flavours","embeddable":true,"href":"https:\/\/whitelip.com\/cs\/wp-json\/wp\/v2\/flavours?post=9615"},{"taxonomy":"format","embeddable":true,"href":"https:\/\/whitelip.com\/cs\/wp-json\/wp\/v2\/format?post=9615"},{"taxonomy":"nicotine","embeddable":true,"href":"https:\/\/whitelip.com\/cs\/wp-json\/wp\/v2\/nicotine?post=9615"}],"curies":[{"name":"wp","href":"https:\/\/api.w.org\/{rel}","templated":true}]}}