{"id":96134,"date":"2026-04-27T11:15:17","date_gmt":"2026-04-27T11:15:17","guid":{"rendered":"https:\/\/whitelip.com\/?post_type=product&#038;p=96134"},"modified":"2026-04-29T10:11:36","modified_gmt":"2026-04-29T10:11:36","slug":"velo-salty-liquorice-exp-05-11-2026","status":"publish","type":"product","link":"https:\/\/whitelip.com\/cs\/velo\/velo-salty-liquorice-exp-05-11-2026\/","title":{"rendered":"VELO Salty Liquorice Exp.05\/11\/2026"},"content":{"rendered":"<h2>VELO Salty Liquorice Exp.05\/11\/2026<\/h2>\n<p><span style=\"font-weight: 400;\">VELO Slan\u00e1 l\u00e9ko\u0159ice p\u0159edstavuje sofistikovanou sm\u011bs bohat\u00e9 l\u00e9ko\u0159icov\u00e9 chuti obohacenou o jemn\u00e9 t\u00f3ny an\u00fdzu a salmiaku, kter\u00e1 p\u0159in\u00e1\u0161\u00ed v\u00fdrazn\u00fd a uspokojiv\u00fd chu\u0165ov\u00fd z\u00e1\u017eitek. Tyto tenk\u00e9, zcela b\u00edl\u00e9 nikotinov\u00e9 s\u00e1\u010dky jsou pe\u010dliv\u011b vyrobeny pro diskr\u00e9tn\u00ed a pohodln\u00e9 no\u0161en\u00ed a zaji\u0161\u0165uj\u00ed konzistentn\u00ed a kontrolovan\u00e9 uvol\u0148ov\u00e1n\u00ed chuti a nikotinu. VELO Salty Liquorice, kter\u00fd neobsahuje tab\u00e1k a je ur\u010den pro ty, kte\u0159\u00ed oce\u0148uj\u00ed klasick\u00e9 l\u00e9ko\u0159icov\u00e9 nuance, nab\u00edz\u00ed rafinovanou volbu pro u\u017eivatele, kte\u0159\u00ed hledaj\u00ed kvalitu a eleganci sv\u00fdch nikotinov\u00fdch v\u00fdrobk\u016f.<\/span><\/p>\n<table>\n<tbody>\n<tr>\n<td><b>Atribut<\/b><\/td>\n<td><b>Podrobnosti na<\/b><\/td>\n<\/tr>\n<tr>\n<td><span style=\"font-weight: 400;\">Zna\u010dka<\/span><\/td>\n<td><span style=\"font-weight: 400;\">VELO<\/span><\/td>\n<\/tr>\n<tr>\n<td><span style=\"font-weight: 400;\">Typ v\u00fdrobku<\/span><\/td>\n<td><span style=\"font-weight: 400;\">V\u0161echny b\u00edl\u00e9 nikotinov\u00e9 s\u00e1\u010dky<\/span><\/td>\n<\/tr>\n<tr>\n<td><span style=\"font-weight: 400;\">Form\u00e1t<\/span><\/td>\n<td><span style=\"font-weight: 400;\">Slim<\/span><\/td>\n<\/tr>\n<tr>\n<td><span style=\"font-weight: 400;\">P\u0159\u00edchu\u0165<\/span><\/td>\n<td><span style=\"font-weight: 400;\">L\u00e9ko\u0159ice s t\u00f3ny an\u00fdzu a salmiaku<\/span><\/td>\n<\/tr>\n<tr>\n<td><span style=\"font-weight: 400;\">S\u00edla nikotinu<\/span><\/td>\n<td><span style=\"font-weight: 400;\">14 mg\/g (10 mg na s\u00e1\u010dek)<\/span><\/td>\n<\/tr>\n<tr>\n<td><span style=\"font-weight: 400;\">Hmotnost porce<\/span><\/td>\n<td><span style=\"font-weight: 400;\">0,7 gramu<\/span><\/td>\n<\/tr>\n<tr>\n<td><span style=\"font-weight: 400;\">Po\u010det porc\u00ed<\/span><\/td>\n<td><span style=\"font-weight: 400;\">20 za plechovku<\/span><\/td>\n<\/tr>\n<tr>\n<td><span style=\"font-weight: 400;\">Celkov\u00e1 hmotnost plechovky<\/span><\/td>\n<td><span style=\"font-weight: 400;\">14 gram\u016f<\/span><\/td>\n<\/tr>\n<tr>\n<td><span style=\"font-weight: 400;\">V\u00fdrobce<\/span><\/td>\n<td><span style=\"font-weight: 400;\">BAT<\/span><\/td>\n<\/tr>\n<tr>\n<td><span style=\"font-weight: 400;\">Pozoruhodn\u00e9 funkce<\/span><\/td>\n<td><span style=\"font-weight: 400;\">Bez tab\u00e1ku, diskr\u00e9tn\u00ed tenk\u00e9 porce, vyv\u00e1\u017een\u00fd profil chuti l\u00e9ko\u0159ice<\/span><\/td>\n<\/tr>\n<\/tbody>\n<\/table>","protected":false},"excerpt":{"rendered":"<p>VELO Nikotinov\u00e9 s\u00e1\u010dky Salty Liquorice p\u0159in\u00e1\u0161ej\u00ed bohatou, v\u00fdraznou chu\u0165 nikotinu <strong data-start=\"66\" data-end=\"85\">Slan\u00e1 l\u00e9ko\u0159ice<\/strong> chu\u0165 s t\u00f3ny an\u00fdzu a salmiaku. <strong data-start=\"126\" data-end=\"134\">Slim<\/strong>, zcela b\u00edl\u00fd form\u00e1t pro diskr\u00e9tn\u00ed a pohodln\u00e9 pou\u017e\u00edv\u00e1n\u00ed a konzistentn\u00ed, rafinovan\u00e9 uvol\u0148ov\u00e1n\u00ed. Ka\u017ed\u00fd s\u00e1\u010dek obsahuje <strong data-start=\"238\" data-end=\"256\">10 mg nikotinu<\/strong>.<\/p>","protected":false},"featured_media":8340,"comment_status":"open","ping_status":"closed","template":"","format":[206],"meta":{"_acf_changed":false},"product_brand":[],"product_cat":[48],"product_tag":[16587,17015],"flavours":[198],"nicotine":[],"class_list":{"0":"post-96134","1":"product","2":"type-product","3":"status-publish","4":"has-post-thumbnail","6":"product_cat-velo","7":"product_tag-10-mg-pouch","8":"product_tag-50-off","9":"pa_quantity-1-pack","10":"pa_quantity-10-pack","11":"pa_quantity-3-pack","12":"pa_quantity-30-pack","13":"pa_quantity-5-pack","14":"pa_quantity-60-pack","15":"flavours-licorice","16":"format-slim","18":"first","19":"instock","20":"sale","21":"taxable","22":"shipping-taxable","23":"purchasable","24":"product-type-variable"},"acf":[],"_links":{"self":[{"href":"https:\/\/whitelip.com\/cs\/wp-json\/wp\/v2\/product\/96134","targetHints":{"allow":["GET"]}}],"collection":[{"href":"https:\/\/whitelip.com\/cs\/wp-json\/wp\/v2\/product"}],"about":[{"href":"https:\/\/whitelip.com\/cs\/wp-json\/wp\/v2\/types\/product"}],"replies":[{"embeddable":true,"href":"https:\/\/whitelip.com\/cs\/wp-json\/wp\/v2\/comments?post=96134"}],"wp:featuredmedia":[{"embeddable":true,"href":"https:\/\/whitelip.com\/cs\/wp-json\/wp\/v2\/media\/8340"}],"wp:attachment":[{"href":"https:\/\/whitelip.com\/cs\/wp-json\/wp\/v2\/media?parent=96134"}],"wp:term":[{"taxonomy":"product_brand","embeddable":true,"href":"https:\/\/whitelip.com\/cs\/wp-json\/wp\/v2\/product_brand?post=96134"},{"taxonomy":"product_cat","embeddable":true,"href":"https:\/\/whitelip.com\/cs\/wp-json\/wp\/v2\/product_cat?post=96134"},{"taxonomy":"product_tag","embeddable":true,"href":"https:\/\/whitelip.com\/cs\/wp-json\/wp\/v2\/product_tag?post=96134"},{"taxonomy":"flavours","embeddable":true,"href":"https:\/\/whitelip.com\/cs\/wp-json\/wp\/v2\/flavours?post=96134"},{"taxonomy":"format","embeddable":true,"href":"https:\/\/whitelip.com\/cs\/wp-json\/wp\/v2\/format?post=96134"},{"taxonomy":"nicotine","embeddable":true,"href":"https:\/\/whitelip.com\/cs\/wp-json\/wp\/v2\/nicotine?post=96134"}],"curies":[{"name":"wp","href":"https:\/\/api.w.org\/{rel}","templated":true}]}}