{"id":9580,"date":"2025-01-28T11:56:50","date_gmt":"2025-01-28T11:56:50","guid":{"rendered":"https:\/\/whitelip.com\/helwit-mocha-extra-strong\/"},"modified":"2026-05-09T10:11:06","modified_gmt":"2026-05-09T10:11:06","slug":"helwit-mocha-extra-strong","status":"publish","type":"product","link":"https:\/\/whitelip.com\/cs\/helwit\/helwit-mocha-extra-strong\/","title":{"rendered":"HELWIT Mocha Extra Strong"},"content":{"rendered":"<h2><strong>HELWIT Mocha Extra Strong<\/strong><\/h2>\n<p><span style=\"font-weight: 400;\">Nikotinov\u00e9 s\u00e1\u010dky HELWIT Mocha Extra Strong nab\u00edzej\u00ed lahodnou sm\u011bs \u010derstv\u011b pra\u017een\u00e9 moka k\u00e1vy dopln\u011bnou sladk\u00fdmi t\u00f3ny karamelu a \u010dokol\u00e1dy. Ka\u017ed\u00fd s\u00e1\u010dek tenk\u00e9ho form\u00e1tu obsahuje 15 mg nikotinu na gram, co\u017e odpov\u00edd\u00e1 p\u0159ibli\u017en\u011b 7,5 mg na s\u00e1\u010dek, a poskytuje tak vyv\u00e1\u017een\u00fd z\u00e1\u017eitek vhodn\u00fd pro pravideln\u00e9 u\u017eivatele. S\u00e1\u010dky jsou navr\u017eeny pro diskr\u00e9tn\u00ed pou\u017eit\u00ed bez zabarven\u00ed zub\u016f. Tyto s\u00e1\u010dky, vyr\u00e1b\u011bn\u00e9 \u0161v\u00e9dskou spole\u010dnost\u00ed YOIK AB, kter\u00e1 je zn\u00e1m\u00e1 spojen\u00edm modern\u00edch postup\u016f s tradi\u010dn\u00ed kvalitou, jsou p\u0159\u00edkladem vysok\u00fdch standard\u016f a inovativn\u00edch kombinac\u00ed chut\u00ed.<\/span><\/p>\n<table>\n<tbody>\n<tr>\n<td><b>Atribut<\/b><\/td>\n<td><b>Podrobnosti na<\/b><\/td>\n<\/tr>\n<tr>\n<td><b>Obsah na plechovku<\/b><\/td>\n<td><span style=\"font-weight: 400;\">10 g (20 s\u00e1\u010dk\u016f)<\/span><\/td>\n<\/tr>\n<tr>\n<td><b>Obsah nikotinu<\/b><\/td>\n<td><span style=\"font-weight: 400;\">15 mg\/g (7,5 mg na s\u00e1\u010dek)<\/span><\/td>\n<\/tr>\n<tr>\n<td><b>Form\u00e1t pouzdra<\/b><\/td>\n<td><span style=\"font-weight: 400;\">Slim<\/span><\/td>\n<\/tr>\n<tr>\n<td><b>V\u00fdrobce<\/b><\/td>\n<td><span style=\"font-weight: 400;\">YOIK AB<\/span><\/td>\n<\/tr>\n<tr>\n<td><b>P\u0159\u00edchu\u0165<\/b><\/td>\n<td><span style=\"font-weight: 400;\">Mocha (k\u00e1va, karamel, \u010dokol\u00e1da)<\/span><\/td>\n<\/tr>\n<tr>\n<td><b>Typ<\/b><\/td>\n<td><span style=\"font-weight: 400;\">Celob\u00edl\u00e9 pouzdro<\/span><\/td>\n<\/tr>\n<\/tbody>\n<\/table>","protected":false},"excerpt":{"rendered":"<p>\u010cerstv\u011b upra\u017een\u00e9 <strong data-start=\"16\" data-end=\"25\">moka<\/strong> k\u00e1va s karamelov\u00fdmi a \u010dokol\u00e1dov\u00fdmi t\u00f3ny pro bohatou, uspokojivou chu\u0165. <strong data-start=\"96\" data-end=\"104\">Slim<\/strong> s\u00e1\u010dky diskr\u00e9tn\u011b sed\u00ed pod rty a nezanech\u00e1vaj\u00ed skvrny na zubech. Ka\u017ed\u00fd s\u00e1\u010dek obsahuje <strong data-start=\"185\" data-end=\"205\">~7,5 mg nikotinu<\/strong> (15 mg\/g), co\u017e p\u0159in\u00e1\u0161\u00ed vyv\u00e1\u017een\u00e9 a uspokojiv\u00e9 uvol\u0148ov\u00e1n\u00ed vhodn\u00e9 pro pravideln\u00e9 u\u017eivatele. V\u00fdrobce: YOIK AB (\u0160v\u00e9dsko).<\/p>","protected":false},"featured_media":9581,"comment_status":"open","ping_status":"closed","template":"","format":[206],"meta":{"_acf_changed":false},"product_brand":[],"product_cat":[52],"product_tag":[16601],"flavours":[192],"nicotine":[212,232],"class_list":{"0":"post-9580","1":"product","2":"type-product","3":"status-publish","4":"has-post-thumbnail","6":"product_cat-helwit","7":"product_tag-7-5-mg-pouch","8":"pa_quantity-1-pack","9":"pa_quantity-10-pack","10":"pa_quantity-3-pack","11":"pa_quantity-30-pack","12":"pa_quantity-5-pack","13":"pa_quantity-60-pack","14":"flavours-coffee","15":"format-slim","16":"nicotine-15-mg-g","17":"nicotine-extra-strong","19":"first","20":"instock","21":"taxable","22":"shipping-taxable","23":"purchasable","24":"product-type-variable","25":"has-default-attributes"},"acf":[],"_links":{"self":[{"href":"https:\/\/whitelip.com\/cs\/wp-json\/wp\/v2\/product\/9580","targetHints":{"allow":["GET"]}}],"collection":[{"href":"https:\/\/whitelip.com\/cs\/wp-json\/wp\/v2\/product"}],"about":[{"href":"https:\/\/whitelip.com\/cs\/wp-json\/wp\/v2\/types\/product"}],"replies":[{"embeddable":true,"href":"https:\/\/whitelip.com\/cs\/wp-json\/wp\/v2\/comments?post=9580"}],"wp:featuredmedia":[{"embeddable":true,"href":"https:\/\/whitelip.com\/cs\/wp-json\/wp\/v2\/media\/9581"}],"wp:attachment":[{"href":"https:\/\/whitelip.com\/cs\/wp-json\/wp\/v2\/media?parent=9580"}],"wp:term":[{"taxonomy":"product_brand","embeddable":true,"href":"https:\/\/whitelip.com\/cs\/wp-json\/wp\/v2\/product_brand?post=9580"},{"taxonomy":"product_cat","embeddable":true,"href":"https:\/\/whitelip.com\/cs\/wp-json\/wp\/v2\/product_cat?post=9580"},{"taxonomy":"product_tag","embeddable":true,"href":"https:\/\/whitelip.com\/cs\/wp-json\/wp\/v2\/product_tag?post=9580"},{"taxonomy":"flavours","embeddable":true,"href":"https:\/\/whitelip.com\/cs\/wp-json\/wp\/v2\/flavours?post=9580"},{"taxonomy":"format","embeddable":true,"href":"https:\/\/whitelip.com\/cs\/wp-json\/wp\/v2\/format?post=9580"},{"taxonomy":"nicotine","embeddable":true,"href":"https:\/\/whitelip.com\/cs\/wp-json\/wp\/v2\/nicotine?post=9580"}],"curies":[{"name":"wp","href":"https:\/\/api.w.org\/{rel}","templated":true}]}}