{"id":95378,"date":"2026-04-20T09:08:02","date_gmt":"2026-04-20T09:08:02","guid":{"rendered":"https:\/\/whitelip.com\/?post_type=product&#038;p=95378"},"modified":"2026-04-20T10:11:20","modified_gmt":"2026-04-20T10:11:20","slug":"zyn-guava-spice-11mg-exp-05-07-2026","status":"publish","type":"product","link":"https:\/\/whitelip.com\/cs\/zyn\/zyn-guava-spice-11mg-exp-05-07-2026\/","title":{"rendered":"ZYN Guava Spice 11mg Exp.05\/07\/2026"},"content":{"rendered":"<h2>ZYN Guava Spice 11mg Exp.05\/07\/2026<\/h2>\n<p><span style=\"font-weight: 400;\">ZYN Guava Spice 11mg p\u0159in\u00e1\u0161\u00ed <\/span><b>pikantn\u00ed a osv\u011b\u017euj\u00edc\u00ed p\u0159\u00edchu\u0165 guavy<\/b><span style=\"font-weight: 400;\">, umocn\u011bn\u00e9 siln\u00fdm <\/span><b>topn\u00fd efekt<\/b><span style=\"font-weight: 400;\">, kter\u00e9 poskytuj\u00ed povzbuzuj\u00edc\u00ed nikotinov\u00fd z\u00e1\u017eitek. \u010cist\u00fd, ko\u0159en\u011bn\u00fd profil nab\u00edz\u00ed hladk\u00fd a osv\u011b\u017euj\u00edc\u00ed pocit, ide\u00e1ln\u00ed pro ty, kte\u0159\u00ed maj\u00ed r\u00e1di \u010distou, ko\u0159en\u011bnou chu\u0165. Ka\u017ed\u00fd tenk\u00fd, zcela b\u00edl\u00fd s\u00e1\u010dek obsahuje <\/span><b>11 mg nikotinu<\/b><span style=\"font-weight: 400;\">, kter\u00e1 poskytuje siln\u00e9 a rovnom\u011brn\u00e9 uvol\u0148ov\u00e1n\u00ed vhodn\u00e9 pro u\u017eivatele, kte\u0159\u00ed hledaj\u00ed intenzivn\u011bj\u0161\u00ed nikotinov\u00fd z\u00e1\u017eitek.<\/span><\/p>\n<p><span style=\"font-weight: 400;\">Tenk\u00fd form\u00e1t zaji\u0161\u0165uje diskr\u00e9tn\u00ed a pohodln\u00e9 ulo\u017een\u00ed pod rty a umo\u017e\u0148uje \u010dist\u00e9 pou\u017eit\u00ed beze skvrn kdekoli a kdykoli. ZYN Guava Spice 11 mg, vyroben\u00fd zcela bez tab\u00e1ku a z vysoce kvalitn\u00edch rostlinn\u00fdch materi\u00e1l\u016f, p\u0159edstavuje modern\u00ed a uspokojivou nikotinovou alternativu s odv\u00e1\u017en\u00fdm, osv\u011b\u017euj\u00edc\u00edm pocitem pikantn\u00ed guavy.<\/span><\/p>\n<table>\n<tbody>\n<tr>\n<td><b>Atribut<\/b><\/td>\n<td><b>Podrobnosti na<\/b><\/td>\n<\/tr>\n<tr>\n<td><b>Zna\u010dka<\/b><\/td>\n<td><span style=\"font-weight: 400;\">ZYN<\/span><\/td>\n<\/tr>\n<tr>\n<td><b>Typ v\u00fdrobku<\/b><\/td>\n<td><span style=\"font-weight: 400;\">V\u0161echny b\u00edl\u00e9 nikotinov\u00e9 s\u00e1\u010dky<\/span><\/td>\n<\/tr>\n<tr>\n<td><b>Form\u00e1t<\/b><\/td>\n<td><span style=\"font-weight: 400;\">Slim<\/span><\/td>\n<\/tr>\n<tr>\n<td><b>P\u0159\u00edchu\u0165<\/b><\/td>\n<td><span style=\"font-weight: 400;\">Guava<\/span><\/td>\n<\/tr>\n<tr>\n<td><b>S\u00edla nikotinu<\/b><\/td>\n<td><span style=\"font-weight: 400;\">11 mg na s\u00e1\u010dek<\/span><\/td>\n<\/tr>\n<tr>\n<td><b>Hmotnost porce<\/b><\/td>\n<td><span style=\"font-weight: 400;\">0,7 gramu<\/span><\/td>\n<\/tr>\n<tr>\n<td><b>Po\u010det porc\u00ed<\/b><\/td>\n<td><span style=\"font-weight: 400;\">21 za plechovku<\/span><\/td>\n<\/tr>\n<tr>\n<td><b>Celkov\u00e1 hmotnost plechovky<\/b><\/td>\n<td><span style=\"font-weight: 400;\">14,7 gram\u016f<\/span><\/td>\n<\/tr>\n<tr>\n<td><b>V\u00fdrobce<\/b><\/td>\n<td><span style=\"font-weight: 400;\">\u0160v\u00e9dsk\u00e1 z\u00e1palka<\/span><\/td>\n<\/tr>\n<tr>\n<td><b>Pozoruhodn\u00e9 funkce<\/b><\/td>\n<td><span style=\"font-weight: 400;\">Bez tab\u00e1ku, tenk\u00fd form\u00e1t, siln\u00e1 m\u00e1tov\u00e1 p\u0159\u00edchu\u0165 s chladiv\u00fdm \u00fa\u010dinkem<\/span><\/td>\n<\/tr>\n<\/tbody>\n<\/table>","protected":false},"excerpt":{"rendered":"<p>ZYN <strong data-start=\"4\" data-end=\"19\">Guava Spice<\/strong> <strong data-start=\"20\" data-end=\"28\">slim<\/strong> p\u0159in\u00e1\u0161\u00ed ko\u0159en\u011bnou, osv\u011b\u017euj\u00edc\u00ed guavu se siln\u00fdm h\u0159ejiv\u00fdm \u00fa\u010dinkem pro \u010dist\u00fd, osv\u011b\u017euj\u00edc\u00ed profil. Ka\u017ed\u00fd s\u00e1\u010dek obsahuje <strong data-start=\"146\" data-end=\"164\">11 mg nikotinu<\/strong> pro siln\u00e9 a stabiln\u00ed uvoln\u011bn\u00ed.<\/p>","protected":false},"featured_media":29223,"comment_status":"open","ping_status":"closed","template":"","format":[],"meta":{"_acf_changed":false},"product_brand":[],"product_cat":[37],"product_tag":[16551,16519],"flavours":[],"nicotine":[],"class_list":{"0":"post-95378","1":"product","2":"type-product","3":"status-publish","4":"has-post-thumbnail","6":"product_cat-zyn","7":"product_tag-11-mg-pouch","8":"product_tag-25-off","9":"pa_quantity-1-pack","10":"pa_quantity-10-pack","11":"pa_quantity-3-pack","12":"pa_quantity-30-pack","13":"pa_quantity-5-pack","14":"pa_quantity-60-pack","16":"first","17":"instock","18":"sale","19":"purchasable","20":"product-type-variable"},"acf":[],"_links":{"self":[{"href":"https:\/\/whitelip.com\/cs\/wp-json\/wp\/v2\/product\/95378","targetHints":{"allow":["GET"]}}],"collection":[{"href":"https:\/\/whitelip.com\/cs\/wp-json\/wp\/v2\/product"}],"about":[{"href":"https:\/\/whitelip.com\/cs\/wp-json\/wp\/v2\/types\/product"}],"replies":[{"embeddable":true,"href":"https:\/\/whitelip.com\/cs\/wp-json\/wp\/v2\/comments?post=95378"}],"wp:featuredmedia":[{"embeddable":true,"href":"https:\/\/whitelip.com\/cs\/wp-json\/wp\/v2\/media\/29223"}],"wp:attachment":[{"href":"https:\/\/whitelip.com\/cs\/wp-json\/wp\/v2\/media?parent=95378"}],"wp:term":[{"taxonomy":"product_brand","embeddable":true,"href":"https:\/\/whitelip.com\/cs\/wp-json\/wp\/v2\/product_brand?post=95378"},{"taxonomy":"product_cat","embeddable":true,"href":"https:\/\/whitelip.com\/cs\/wp-json\/wp\/v2\/product_cat?post=95378"},{"taxonomy":"product_tag","embeddable":true,"href":"https:\/\/whitelip.com\/cs\/wp-json\/wp\/v2\/product_tag?post=95378"},{"taxonomy":"flavours","embeddable":true,"href":"https:\/\/whitelip.com\/cs\/wp-json\/wp\/v2\/flavours?post=95378"},{"taxonomy":"format","embeddable":true,"href":"https:\/\/whitelip.com\/cs\/wp-json\/wp\/v2\/format?post=95378"},{"taxonomy":"nicotine","embeddable":true,"href":"https:\/\/whitelip.com\/cs\/wp-json\/wp\/v2\/nicotine?post=95378"}],"curies":[{"name":"wp","href":"https:\/\/api.w.org\/{rel}","templated":true}]}}