{"id":9530,"date":"2025-01-07T09:53:27","date_gmt":"2025-01-07T09:53:27","guid":{"rendered":"https:\/\/whitelip.com\/zyn-cool-watermelon-6mg\/"},"modified":"2026-04-14T12:51:08","modified_gmt":"2026-04-14T12:51:08","slug":"zyn-cool-watermelon-6mg","status":"publish","type":"product","link":"https:\/\/whitelip.com\/cs\/zyn\/zyn-cool-watermelon-6mg\/","title":{"rendered":"ZYN Cool Watermelon 6mg"},"content":{"rendered":"<h2><b>ZYN Cool Watermelon 6mg<\/b><\/h2>\n<p><span style=\"font-weight: 400;\">ZYN Cool Watermelon 6 mg nab\u00edz\u00ed <\/span><b>osv\u011b\u017euj\u00edc\u00ed a \u0161\u0165avnat\u00e1 p\u0159\u00edchu\u0165 melounu<\/b><span style=\"font-weight: 400;\">, dopln\u011bn\u00e9 o <\/span><b>chladiv\u00fd m\u00e1tov\u00fd povrch<\/b><span style=\"font-weight: 400;\">. Sladk\u00e1 ovocn\u00e1 chu\u0165 zral\u00e9ho melounu je dokonale vyv\u00e1\u017een\u00e1 s ostr\u00fdm mentolov\u00fdm chladem, co\u017e vytv\u00e1\u0159\u00ed osv\u011b\u017euj\u00edc\u00ed a uspokojuj\u00edc\u00ed z\u00e1\u017eitek. Ka\u017ed\u00fd tenk\u00fd, zcela b\u00edl\u00fd s\u00e1\u010dek obsahuje <\/span><b>6 mg nikotinu<\/b><span style=\"font-weight: 400;\">, kter\u00e1 p\u0159in\u00e1\u0161\u00ed siln\u00e9 a st\u00e1l\u00e9 uvol\u0148ov\u00e1n\u00ed pro u\u017eivatele, kte\u0159\u00ed hledaj\u00ed intenzivn\u011bj\u0161\u00ed nikotinov\u00fd n\u00e1boj.<\/span><\/p>\n<p><span style=\"font-weight: 400;\">\u0160t\u00edhl\u00fd form\u00e1t zaji\u0161\u0165uje diskr\u00e9tn\u00ed a pohodln\u00e9 ulo\u017een\u00ed pod rty a poskytuje \u010distou a nezne\u010di\u0161t\u011bnou mo\u017enost u\u017e\u00edv\u00e1n\u00ed nikotinu. ZYN Cool Watermelon 6 mg je vyroben zcela bez tab\u00e1ku a z vysoce kvalitn\u00edch rostlinn\u00fdch materi\u00e1l\u016f a p\u0159edstavuje modern\u00ed, chu\u0165ov\u011b v\u00fdraznou alternativu pro ty, kte\u0159\u00ed v nikotinov\u00fdch s\u00e1\u010dc\u00edch hledaj\u00ed ovocnou chu\u0165 i chladiv\u00fd pocit.<\/span><\/p>\n<table>\n<tbody>\n<tr>\n<td><b>Atribut<\/b><\/td>\n<td><b>Podrobnosti na<\/b><\/td>\n<\/tr>\n<tr>\n<td><b>Zna\u010dka<\/b><\/td>\n<td><span style=\"font-weight: 400;\">ZYN<\/span><\/td>\n<\/tr>\n<tr>\n<td><b>Typ v\u00fdrobku<\/b><\/td>\n<td><span style=\"font-weight: 400;\">V\u0161echny b\u00edl\u00e9 nikotinov\u00e9 s\u00e1\u010dky<\/span><\/td>\n<\/tr>\n<tr>\n<td><b>Form\u00e1t<\/b><\/td>\n<td><span style=\"font-weight: 400;\">Slim<\/span><\/td>\n<\/tr>\n<tr>\n<td><b>P\u0159\u00edchu\u0165<\/b><\/td>\n<td><span style=\"font-weight: 400;\">Meloun a chlazen\u00ed<\/span><\/td>\n<\/tr>\n<tr>\n<td><b>S\u00edla nikotinu<\/b><\/td>\n<td><span style=\"font-weight: 400;\">6 mg na s\u00e1\u010dek<\/span><\/td>\n<\/tr>\n<tr>\n<td><b>Hmotnost porce<\/b><\/td>\n<td><span style=\"font-weight: 400;\">0,7 gramu<\/span><\/td>\n<\/tr>\n<tr>\n<td><b>Po\u010det porc\u00ed<\/b><\/td>\n<td><span style=\"font-weight: 400;\">21 za plechovku<\/span><\/td>\n<\/tr>\n<tr>\n<td><b>Celkov\u00e1 hmotnost plechovky<\/b><\/td>\n<td><span style=\"font-weight: 400;\">14,7 gram\u016f<\/span><\/td>\n<\/tr>\n<tr>\n<td><b>V\u00fdrobce<\/b><\/td>\n<td><span style=\"font-weight: 400;\">\u0160v\u00e9dsk\u00e1 z\u00e1palka<\/span><\/td>\n<\/tr>\n<tr>\n<td><b>Pozoruhodn\u00e9 funkce<\/b><\/td>\n<td><span style=\"font-weight: 400;\">Bez tab\u00e1ku, tenk\u00fd form\u00e1t, sladk\u00fd meloun s chladiv\u00fdm z\u00e1v\u011brem<\/span><\/td>\n<\/tr>\n<\/tbody>\n<\/table>","protected":false},"excerpt":{"rendered":"<p>ZYN <strong data-start=\"4\" data-end=\"23\">Chladn\u00fd meloun<\/strong> <strong data-start=\"24\" data-end=\"32\">slim<\/strong> spojuje \u0161\u0165avnat\u00fd vodn\u00ed meloun se sv\u011b\u017e\u00ed m\u00e1tovou chut\u00ed a vytv\u00e1\u0159\u00ed tak osv\u011b\u017euj\u00edc\u00ed a uspokojiv\u00fd profil. Ka\u017ed\u00fd s\u00e1\u010dek obsahuje <strong data-start=\"148\" data-end=\"165\">6 mg nikotinu<\/strong> pro siln\u00e9 a stabiln\u00ed uvoln\u011bn\u00ed.<\/p>","protected":false},"featured_media":9531,"comment_status":"open","ping_status":"closed","template":"","format":[206],"meta":{"_acf_changed":false},"product_brand":[],"product_cat":[37],"product_tag":[16445,16559],"flavours":[196],"nicotine":[213,232],"class_list":{"0":"post-9530","1":"product","2":"type-product","3":"status-publish","4":"has-post-thumbnail","6":"product_cat-zyn","7":"product_tag-20-off","8":"product_tag-6-mg-pouch","9":"pa_quantity-1-pack","10":"pa_quantity-10-pack","11":"pa_quantity-3-pack","12":"pa_quantity-30-pack","13":"pa_quantity-5-pack","14":"pa_quantity-60-pack","15":"flavours-fruits-berries","16":"format-slim","17":"nicotine-16-mg-g","18":"nicotine-extra-strong","20":"first","21":"outofstock","22":"sale","23":"taxable","24":"shipping-taxable","25":"purchasable","26":"product-type-variable"},"acf":[],"_links":{"self":[{"href":"https:\/\/whitelip.com\/cs\/wp-json\/wp\/v2\/product\/9530","targetHints":{"allow":["GET"]}}],"collection":[{"href":"https:\/\/whitelip.com\/cs\/wp-json\/wp\/v2\/product"}],"about":[{"href":"https:\/\/whitelip.com\/cs\/wp-json\/wp\/v2\/types\/product"}],"replies":[{"embeddable":true,"href":"https:\/\/whitelip.com\/cs\/wp-json\/wp\/v2\/comments?post=9530"}],"wp:featuredmedia":[{"embeddable":true,"href":"https:\/\/whitelip.com\/cs\/wp-json\/wp\/v2\/media\/9531"}],"wp:attachment":[{"href":"https:\/\/whitelip.com\/cs\/wp-json\/wp\/v2\/media?parent=9530"}],"wp:term":[{"taxonomy":"product_brand","embeddable":true,"href":"https:\/\/whitelip.com\/cs\/wp-json\/wp\/v2\/product_brand?post=9530"},{"taxonomy":"product_cat","embeddable":true,"href":"https:\/\/whitelip.com\/cs\/wp-json\/wp\/v2\/product_cat?post=9530"},{"taxonomy":"product_tag","embeddable":true,"href":"https:\/\/whitelip.com\/cs\/wp-json\/wp\/v2\/product_tag?post=9530"},{"taxonomy":"flavours","embeddable":true,"href":"https:\/\/whitelip.com\/cs\/wp-json\/wp\/v2\/flavours?post=9530"},{"taxonomy":"format","embeddable":true,"href":"https:\/\/whitelip.com\/cs\/wp-json\/wp\/v2\/format?post=9530"},{"taxonomy":"nicotine","embeddable":true,"href":"https:\/\/whitelip.com\/cs\/wp-json\/wp\/v2\/nicotine?post=9530"}],"curies":[{"name":"wp","href":"https:\/\/api.w.org\/{rel}","templated":true}]}}