{"id":9520,"date":"2025-01-03T12:09:01","date_gmt":"2025-01-03T12:09:01","guid":{"rendered":"https:\/\/whitelip.com\/xqs-berrynana-twist-strong\/"},"modified":"2026-04-22T10:11:34","modified_gmt":"2026-04-22T10:11:34","slug":"xqs-berrynana-twist-strong","status":"publish","type":"product","link":"https:\/\/whitelip.com\/cs\/xqs\/xqs-berrynana-twist-strong\/","title":{"rendered":"XQS Berrynana Twist Strong"},"content":{"rendered":"<h2><strong>XQS Berrynana Twist Strong<\/strong><\/h2>\n<p>XQS Berrynana Twist Strong je b\u00edl\u00fd nikotinov\u00fd s\u00e1\u010dek s p\u0159\u00edchut\u00ed jahod a ban\u00e1nu. S\u00e1\u010dky maj\u00ed tenk\u00fd form\u00e1t a s\u00edlu nikotinu 16 mg\/g.<\/p>\n<ul>\n<li>P\u0159\u00edchu\u0165: jahoda a ban\u00e1n<\/li>\n<li>Form\u00e1t: Slim<\/li>\n<li>Nikotin: 16 mg\/g<\/li>\n<li>Pouzdra: 20 ks<\/li>\n<li>Hmotnost: 10 g<\/li>\n<li>Zna\u010dka: <a href=\"https:\/\/whitelip.se\/en\/xqs\/\" target=\"_blank\" rel=\"noopener\">XQS<\/a><\/li>\n<li>V\u00fdrobce: <a href=\"https:\/\/www.st-group.com\/\" target=\"_blank\" rel=\"noopener\">Insurgent Ventures II<\/a><\/li>\n<\/ul>\n<p><em><strong>O zna\u010dce: XQS<\/strong><\/em><\/p>\n<p>Objevte sv\u011bt chut\u00ed a pohodl\u00ed s nikotinov\u00fdmi s\u00e1\u010dky XQS - \u0159adou, kter\u00e1 nab\u00edz\u00ed mimo\u0159\u00e1dnou chu\u0165ovou rozmanitost a diskr\u00e9tnost. D\u00edky r\u016fzn\u00fdm vzru\u0161uj\u00edc\u00edm p\u0159\u00edchut\u00edm a s\u00edle nikotinu nab\u00edz\u00ed XQS pohodln\u00e9 a stylov\u00e9 \u0159e\u0161en\u00ed pro uspokojen\u00ed va\u0161ich nikotinov\u00fdch pot\u0159eb. Vyzkou\u0161ejte tak\u00e9 mimo\u0159\u00e1dnou p\u0159irozenost XQS - jejich tablety jsou p\u0159irozen\u011b zbarven\u00e9 pro autentick\u00fd a p\u0159\u00edjemn\u00fd nikotinov\u00fd z\u00e1\u017eitek. Prozkoumejte rozs\u00e1hlou nab\u00eddku nikotinov\u00fdch s\u00e1\u010dk\u016f XQS a najd\u011bte si sv\u016fj obl\u00edben\u00fd pro p\u0159\u00edjemn\u00fd a p\u0159izp\u016fsoben\u00fd nikotinov\u00fd z\u00e1\u017eitek podle sv\u00e9ho pohodl\u00ed.<\/p>\n<p><em><strong>O Whitelip.se:\u00a0<\/strong><\/em><\/p>\n<p><span data-contrast=\"auto\">V\u00edtejte na str\u00e1nk\u00e1ch Whitelip.se, kde najdete vysoce kvalitn\u00ed nikotinov\u00e9 s\u00e1\u010dky. Prozkoumejte na\u0161i rozs\u00e1hlou nab\u00eddku produkt\u016f navr\u017een\u00fdch tak, aby uspokojily va\u0161e nikotinov\u00e9 pot\u0159eby, s mo\u017enost\u00ed pohodln\u00e9ho doru\u010den\u00ed do Spojen\u00fdch st\u00e1t\u016f a Evropy a s mo\u017enost\u00ed dopravy zdarma p\u0159i placen\u00ed. Zvy\u0161te svou spokojenost s ka\u017ed\u00fdm n\u00e1kupem, proto\u017ee v\u00e1m p\u0159in\u00e1\u0161\u00edme \u0161pi\u010dkov\u00e9 zna\u010dky a bezprobl\u00e9mov\u00e9 doru\u010den\u00ed a\u017e k va\u0161im dve\u0159\u00edm. Za\u017eijte maxim\u00e1ln\u00ed pohodl\u00ed a prvot\u0159\u00eddn\u00ed kvalitu pouze na Whitelip.se. Nakupujte nyn\u00ed a dop\u0159ejte si pot\u011b\u0161en\u00ed z pr\u00e9miov\u00fdch nikotinov\u00fdch s\u00e1\u010dk\u016f v cel\u00e9 b\u00edl\u00e9 barv\u011b.<\/span><\/p>","protected":false},"excerpt":{"rendered":"<p>XQS Berrynana Twist Strong je b\u00edl\u00fd nikotinov\u00fd s\u00e1\u010dek s chut\u00ed nikotinu. <strong>jahoda a ban\u00e1n<\/strong>. S\u00e1\u010dky se dod\u00e1vaj\u00ed v <strong>slim<\/strong> o s\u00edle nikotinu <strong>16 mg\/g<\/strong>.<\/p>","protected":false},"featured_media":63912,"comment_status":"open","ping_status":"closed","template":"","format":[206],"meta":{"_acf_changed":false},"product_brand":[],"product_cat":[27],"product_tag":[16583],"flavours":[196],"nicotine":[213,232],"class_list":{"0":"post-9520","1":"product","2":"type-product","3":"status-publish","4":"has-post-thumbnail","6":"product_cat-xqs","7":"product_tag-8-mg-pouch","8":"pa_quantity-1-pack","9":"pa_quantity-10-pack","10":"pa_quantity-3-pack","11":"pa_quantity-30-pack","12":"pa_quantity-5-pack","13":"pa_quantity-60-pack","14":"flavours-fruits-berries","15":"format-slim","16":"nicotine-16-mg-g","17":"nicotine-extra-strong","19":"first","20":"instock","21":"taxable","22":"shipping-taxable","23":"purchasable","24":"product-type-variable"},"acf":[],"_links":{"self":[{"href":"https:\/\/whitelip.com\/cs\/wp-json\/wp\/v2\/product\/9520","targetHints":{"allow":["GET"]}}],"collection":[{"href":"https:\/\/whitelip.com\/cs\/wp-json\/wp\/v2\/product"}],"about":[{"href":"https:\/\/whitelip.com\/cs\/wp-json\/wp\/v2\/types\/product"}],"replies":[{"embeddable":true,"href":"https:\/\/whitelip.com\/cs\/wp-json\/wp\/v2\/comments?post=9520"}],"wp:featuredmedia":[{"embeddable":true,"href":"https:\/\/whitelip.com\/cs\/wp-json\/wp\/v2\/media\/63912"}],"wp:attachment":[{"href":"https:\/\/whitelip.com\/cs\/wp-json\/wp\/v2\/media?parent=9520"}],"wp:term":[{"taxonomy":"product_brand","embeddable":true,"href":"https:\/\/whitelip.com\/cs\/wp-json\/wp\/v2\/product_brand?post=9520"},{"taxonomy":"product_cat","embeddable":true,"href":"https:\/\/whitelip.com\/cs\/wp-json\/wp\/v2\/product_cat?post=9520"},{"taxonomy":"product_tag","embeddable":true,"href":"https:\/\/whitelip.com\/cs\/wp-json\/wp\/v2\/product_tag?post=9520"},{"taxonomy":"flavours","embeddable":true,"href":"https:\/\/whitelip.com\/cs\/wp-json\/wp\/v2\/flavours?post=9520"},{"taxonomy":"format","embeddable":true,"href":"https:\/\/whitelip.com\/cs\/wp-json\/wp\/v2\/format?post=9520"},{"taxonomy":"nicotine","embeddable":true,"href":"https:\/\/whitelip.com\/cs\/wp-json\/wp\/v2\/nicotine?post=9520"}],"curies":[{"name":"wp","href":"https:\/\/api.w.org\/{rel}","templated":true}]}}