{"id":9506,"date":"2024-12-10T11:14:40","date_gmt":"2024-12-10T11:14:40","guid":{"rendered":"https:\/\/whitelip.com\/zxs-exotic-chill-jumbo-can\/"},"modified":"2026-04-30T10:10:59","modified_gmt":"2026-04-30T10:10:59","slug":"zxs-exotic-chill-jumbo-can","status":"publish","type":"product","link":"https:\/\/whitelip.com\/cs\/jumbo-can\/zxs-exotic-chill-jumbo-can\/","title":{"rendered":"Z!XS Exotic Chill Jumbo Can"},"content":{"rendered":"<h2><b>Z!XS Exotic Chill Jumbo Can<\/b><\/h2>\n<p><span style=\"font-weight: 400;\">Z!XS Exotic Chill Jumbo Can nab\u00edz\u00ed jedine\u010dnou sm\u011bs <\/span><b>p\u0159\u00edchut\u011b tropick\u00e9ho ovoce<\/b><span style=\"font-weight: 400;\"> v kombinaci s jemn\u00fdm <\/span><b>pocit chladu<\/b><span style=\"font-weight: 400;\">, a p\u0159in\u00e1\u0161\u00ed osv\u011b\u017euj\u00edc\u00ed a energick\u00fd nikotinov\u00fd z\u00e1\u017eitek. Ka\u017ed\u00fd tenk\u00fd, zcela b\u00edl\u00fd s\u00e1\u010dek je ide\u00e1ln\u00ed pro u\u017eivatele, kte\u0159\u00ed ocen\u00ed ovocn\u00fd a z\u00e1rove\u0148 povzbuzuj\u00edc\u00ed n\u00e1dech. <\/span><b>12 mg nikotinu<\/b><span style=\"font-weight: 400;\">, kter\u00fd poskytuje siln\u00e9 a stabiln\u00ed uvoln\u011bn\u00ed ide\u00e1ln\u00ed pro zku\u0161en\u00e9 u\u017eivatele, kte\u0159\u00ed hledaj\u00ed extra s\u00edlu.<\/span><\/p>\n<p><span style=\"font-weight: 400;\">Baleno v <\/span><b>jumbo plechovka<\/b><span style=\"font-weight: 400;\"> s 320 porcemi je Z!XS Exotic Chill ide\u00e1ln\u00ed pro dlouhodob\u00e9 pou\u017e\u00edv\u00e1n\u00ed a nab\u00edz\u00ed vysokou hodnotu a pohodl\u00ed. Tenk\u00fd form\u00e1t zaru\u010duje pohodln\u00e9 a diskr\u00e9tn\u00ed ulo\u017een\u00ed pod rty, zat\u00edmco beztab\u00e1kov\u00fd design zaru\u010duje \u010dist\u00fd po\u017eitek beze skvrn. Z!XS Exotic Chill Jumbo Can je ide\u00e1ln\u00ed volbou pro ty, kte\u0159\u00ed tou\u017e\u00ed po v\u00fdrazn\u00e9 tropick\u00e9 chuti v kombinaci s chladiv\u00fdm, osv\u011b\u017euj\u00edc\u00edm z\u00e1v\u011brem.<\/span><\/p>\n<table>\n<tbody>\n<tr>\n<td><b>Atribut<\/b><\/td>\n<td><b>Podrobnosti na<\/b><\/td>\n<\/tr>\n<tr>\n<td><b>Zna\u010dka<\/b><\/td>\n<td><span style=\"font-weight: 400;\">Z!XS<\/span><\/td>\n<\/tr>\n<tr>\n<td><b>Typ v\u00fdrobku<\/b><\/td>\n<td><span style=\"font-weight: 400;\">V\u0161echny b\u00edl\u00e9 nikotinov\u00e9 s\u00e1\u010dky<\/span><\/td>\n<\/tr>\n<tr>\n<td><b>Form\u00e1t<\/b><\/td>\n<td><span style=\"font-weight: 400;\">Slim<\/span><\/td>\n<\/tr>\n<tr>\n<td><b>P\u0159\u00edchu\u0165<\/b><\/td>\n<td><span style=\"font-weight: 400;\">Tropick\u00e9 ovoce a chlazen\u00ed<\/span><\/td>\n<\/tr>\n<tr>\n<td><b>S\u00edla nikotinu<\/b><\/td>\n<td><span style=\"font-weight: 400;\">12 mg na s\u00e1\u010dek<\/span><\/td>\n<\/tr>\n<tr>\n<td><b>Hmotnost porce<\/b><\/td>\n<td><span style=\"font-weight: 400;\">0,7 gramu<\/span><\/td>\n<\/tr>\n<tr>\n<td><b>Po\u010det porc\u00ed<\/b><\/td>\n<td><span style=\"font-weight: 400;\">320 za plechovku (Jumbo Can)<\/span><\/td>\n<\/tr>\n<tr>\n<td><b>Celkov\u00e1 hmotnost plechovky<\/b><\/td>\n<td><span style=\"font-weight: 400;\">46,2 gram\u016f<\/span><\/td>\n<\/tr>\n<tr>\n<td><b>V\u00fdrobce<\/b><\/td>\n<td><span style=\"font-weight: 400;\">Z!XS International<\/span><\/td>\n<\/tr>\n<tr>\n<td><b>Pozoruhodn\u00e9 funkce<\/b><\/td>\n<td><span style=\"font-weight: 400;\">Bez tab\u00e1ku, tenk\u00fd form\u00e1t, p\u0159\u00edchu\u0165 tropick\u00e9ho ovoce s chladiv\u00fdm pocitem, velk\u00e1 plechovka s 66 porcemi.<\/span><\/td>\n<\/tr>\n<\/tbody>\n<\/table>","protected":false},"excerpt":{"rendered":"<p>Z!XS <strong data-start=\"5\" data-end=\"21\">Exotick\u00fd chlad<\/strong> <strong data-start=\"22\" data-end=\"38\">Extra siln\u00fd<\/strong> m\u00eds\u00ed tropick\u00e9 ovoce s jemn\u00fdm chladiv\u00fdm z\u00e1v\u011brem a vytv\u00e1\u0159\u00ed osv\u011b\u017euj\u00edc\u00ed, \u017eiv\u00fd profil. Na <strong data-start=\"130\" data-end=\"138\">slim<\/strong>, celob\u00edl\u00e1 pouzdra jsou diskr\u00e9tn\u00ed a pohodln\u00e1. Ka\u017ed\u00fd s\u00e1\u010dek obsahuje <strong data-start=\"208\" data-end=\"226\">12 mg nikotinu<\/strong>, kter\u00fd poskytuje zku\u0161en\u00e9mu u\u017eivateli v\u00fdkonn\u00e9 a stabiln\u00ed uvoln\u011bn\u00ed. Kanystr jumbo obsahuje p\u0159ibli\u017en\u011b <strong>320 Slim<\/strong> s\u00e1\u010dky, kter\u00e9 poskytuj\u00ed v\u00fdrazn\u011b v\u011bt\u0161\u00ed objem ne\u017e standardn\u00ed form\u00e1ty plechovek.<\/p>","protected":false},"featured_media":9507,"comment_status":"open","ping_status":"closed","template":"","format":[206],"meta":{"_acf_changed":false},"product_brand":[],"product_cat":[92,39],"product_tag":[16561],"flavours":[196],"nicotine":[213,232],"class_list":{"0":"post-9506","1":"product","2":"type-product","3":"status-publish","4":"has-post-thumbnail","6":"product_cat-jumbo-can","7":"product_cat-zxs","8":"product_tag-12-mg-pouch","9":"pa_quantity-1-pack","10":"pa_quantity-10-pack","11":"pa_quantity-2-pack","12":"pa_quantity-3-pack","13":"pa_quantity-30-pack","14":"pa_quantity-5-pack","15":"pa_quantity-60-pack","16":"flavours-fruits-berries","17":"format-slim","18":"nicotine-16-mg-g","19":"nicotine-extra-strong","21":"first","22":"instock","23":"taxable","24":"shipping-taxable","25":"purchasable","26":"product-type-variable"},"acf":[],"_links":{"self":[{"href":"https:\/\/whitelip.com\/cs\/wp-json\/wp\/v2\/product\/9506","targetHints":{"allow":["GET"]}}],"collection":[{"href":"https:\/\/whitelip.com\/cs\/wp-json\/wp\/v2\/product"}],"about":[{"href":"https:\/\/whitelip.com\/cs\/wp-json\/wp\/v2\/types\/product"}],"replies":[{"embeddable":true,"href":"https:\/\/whitelip.com\/cs\/wp-json\/wp\/v2\/comments?post=9506"}],"wp:featuredmedia":[{"embeddable":true,"href":"https:\/\/whitelip.com\/cs\/wp-json\/wp\/v2\/media\/9507"}],"wp:attachment":[{"href":"https:\/\/whitelip.com\/cs\/wp-json\/wp\/v2\/media?parent=9506"}],"wp:term":[{"taxonomy":"product_brand","embeddable":true,"href":"https:\/\/whitelip.com\/cs\/wp-json\/wp\/v2\/product_brand?post=9506"},{"taxonomy":"product_cat","embeddable":true,"href":"https:\/\/whitelip.com\/cs\/wp-json\/wp\/v2\/product_cat?post=9506"},{"taxonomy":"product_tag","embeddable":true,"href":"https:\/\/whitelip.com\/cs\/wp-json\/wp\/v2\/product_tag?post=9506"},{"taxonomy":"flavours","embeddable":true,"href":"https:\/\/whitelip.com\/cs\/wp-json\/wp\/v2\/flavours?post=9506"},{"taxonomy":"format","embeddable":true,"href":"https:\/\/whitelip.com\/cs\/wp-json\/wp\/v2\/format?post=9506"},{"taxonomy":"nicotine","embeddable":true,"href":"https:\/\/whitelip.com\/cs\/wp-json\/wp\/v2\/nicotine?post=9506"}],"curies":[{"name":"wp","href":"https:\/\/api.w.org\/{rel}","templated":true}]}}