{"id":9504,"date":"2024-12-10T11:14:41","date_gmt":"2024-12-10T11:14:41","guid":{"rendered":"https:\/\/whitelip.com\/zxs-north-ice-66-jumbo-can\/"},"modified":"2026-04-16T17:28:32","modified_gmt":"2026-04-16T17:28:32","slug":"zxs-north-ice-66-jumbo-can","status":"publish","type":"product","link":"https:\/\/whitelip.com\/cs\/jumbo-can\/zxs-north-ice-66-jumbo-can\/","title":{"rendered":"Z!XS North Ice -66 Jumbo Can"},"content":{"rendered":"<h2><b>Z!XS North Ice -66 Jumbo Can<\/b><\/h2>\n<p><span style=\"font-weight: 400;\">Z!XS North Ice -66 Jumbo Can p\u0159in\u00e1\u0161\u00ed <\/span><b>intenzivn\u00ed ledov\u00e1 m\u00e1tov\u00e1 p\u0159\u00edchu\u0165<\/b><span style=\"font-weight: 400;\"> v kombinaci s mimo\u0159\u00e1dn\u011b siln\u00fdm nikotinem, co\u017e z n\u011bj \u010din\u00ed odv\u00e1\u017enou volbu pro zku\u0161en\u00e9 u\u017eivatele. Ostr\u00fd a osv\u011b\u017euj\u00edc\u00ed mentolov\u00fd pocit poskytuje \u010dist\u00fd a povzbuzuj\u00edc\u00ed z\u00e1\u017eitek, zat\u00edmco vysok\u00fd obsah nikotinu zaji\u0161\u0165uje \u010dist\u00fd pocit. <\/span><b>siln\u00e9 a dlouhotrvaj\u00edc\u00ed uvoln\u011bn\u00ed<\/b><span style=\"font-weight: 400;\">. Ka\u017ed\u00e9 b\u00edl\u00e9 pouzdro obsahuje <\/span><b>12 mg nikotinu<\/b><span style=\"font-weight: 400;\">, a nab\u00edz\u00ed tak mimo\u0159\u00e1dn\u011b silnou variantu pro ty, kte\u0159\u00ed hledaj\u00ed maxim\u00e1ln\u00ed s\u00edlu.<\/span><\/p>\n<p><span style=\"font-weight: 400;\">Baleno v praktick\u00e9m <\/span><b>jumbo plechovka<\/b><span style=\"font-weight: 400;\"> s v\u011bt\u0161\u00edm po\u010dtem porc\u00ed je tento produkt ide\u00e1ln\u00ed pro n\u00e1ro\u010dn\u00e9 u\u017eivatele nebo pro ty, kte\u0159\u00ed cht\u011bj\u00ed prodlou\u017eit dostupnost. Tenk\u00fd form\u00e1t zaji\u0161\u0165uje pohodln\u00e9 a diskr\u00e9tn\u00ed ulo\u017een\u00ed pod rty, zat\u00edmco beztab\u00e1kov\u00e9 slo\u017een\u00ed p\u0159edstavuje modern\u00ed alternativu tradi\u010dn\u00edch v\u00fdrobk\u016f bez skvrn. Z!XS North Ice -66 kombinuje extr\u00e9mn\u00ed s\u00edlu s osv\u011b\u017euj\u00edc\u00edm chladiv\u00fdm efektem pro jedine\u010dn\u00fd nikotinov\u00fd z\u00e1\u017eitek.<\/span><\/p>\n<table>\n<tbody>\n<tr>\n<td><b>Atribut<\/b><\/td>\n<td><b>Podrobnosti na<\/b><\/td>\n<\/tr>\n<tr>\n<td><b>Zna\u010dka<\/b><\/td>\n<td><span style=\"font-weight: 400;\">Z!XS<\/span><\/td>\n<\/tr>\n<tr>\n<td><b>Typ v\u00fdrobku<\/b><\/td>\n<td><span style=\"font-weight: 400;\">V\u0161echny b\u00edl\u00e9 nikotinov\u00e9 s\u00e1\u010dky<\/span><\/td>\n<\/tr>\n<tr>\n<td><b>Form\u00e1t<\/b><\/td>\n<td><span style=\"font-weight: 400;\">Slim<\/span><\/td>\n<\/tr>\n<tr>\n<td><b>P\u0159\u00edchu\u0165<\/b><\/td>\n<td><span style=\"font-weight: 400;\">Icy Mint<\/span><\/td>\n<\/tr>\n<tr>\n<td><b>S\u00edla nikotinu<\/b><\/td>\n<td><span style=\"font-weight: 400;\">12 mg na s\u00e1\u010dek<\/span><\/td>\n<\/tr>\n<tr>\n<td><b>Hmotnost porce<\/b><\/td>\n<td><span style=\"font-weight: 400;\">0,7 gramu<\/span><\/td>\n<\/tr>\n<tr>\n<td><b>Po\u010det porc\u00ed<\/b><\/td>\n<td><span style=\"font-weight: 400;\">320 za plechovku (Jumbo Can)<\/span><\/td>\n<\/tr>\n<tr>\n<td><b>Celkov\u00e1 hmotnost plechovky<\/b><\/td>\n<td><span style=\"font-weight: 400;\">46,2 gram\u016f<\/span><\/td>\n<\/tr>\n<tr>\n<td><b>V\u00fdrobce<\/b><\/td>\n<td><span style=\"font-weight: 400;\">Z!XS International<\/span><\/td>\n<\/tr>\n<tr>\n<td><b>Pozoruhodn\u00e9 funkce<\/b><\/td>\n<td><span style=\"font-weight: 400;\">Bez tab\u00e1ku, tenk\u00fd form\u00e1t, extra siln\u00e1 ledov\u011b m\u00e1tov\u00e1 p\u0159\u00edchu\u0165, velk\u00e1 plechovka s 66 porcemi.<\/span><\/td>\n<\/tr>\n<\/tbody>\n<\/table>","protected":false},"excerpt":{"rendered":"<p>Z!XS <strong data-start=\"5\" data-end=\"22\">Severn\u00ed led -66<\/strong> <strong data-start=\"23\" data-end=\"39\">Ultra Strong<\/strong> p\u0159in\u00e1\u0161\u00ed intenzivn\u00ed ledovou m\u00e1tu\/mentol pro \u010dist\u00fd a osv\u011b\u017euj\u00edc\u00ed vzhled. Na <strong data-start=\"110\" data-end=\"123\">zcela b\u00edl\u00e9<\/strong> s\u00e1\u010dky jsou diskr\u00e9tn\u00ed a pohodln\u00e9. Ka\u017ed\u00fd s\u00e1\u010dek obsahuje <strong data-start=\"182\" data-end=\"200\">12 mg nikotinu<\/strong>, a poskytuje tak siln\u00e9 a dlouhotrvaj\u00edc\u00ed uvoln\u011bn\u00ed. Ob\u0159\u00ed plechovka obsahuje p\u0159ibli\u017en\u011b <strong>320 Slim<\/strong> s\u00e1\u010dky, kter\u00e9 poskytuj\u00ed v\u00fdrazn\u011b v\u011bt\u0161\u00ed objem ne\u017e standardn\u00ed form\u00e1ty plechovek.<\/p>","protected":false},"featured_media":9505,"comment_status":"open","ping_status":"closed","template":"","format":[206],"meta":{"_acf_changed":false},"product_brand":[],"product_cat":[92,39],"product_tag":[16561],"flavours":[199],"nicotine":[213,232],"class_list":{"0":"post-9504","1":"product","2":"type-product","3":"status-publish","4":"has-post-thumbnail","6":"product_cat-jumbo-can","7":"product_cat-zxs","8":"product_tag-12-mg-pouch","9":"pa_quantity-1-pack","10":"pa_quantity-10-pack","11":"pa_quantity-2-pack","12":"pa_quantity-3-pack","13":"pa_quantity-30-pack","14":"pa_quantity-5-pack","15":"pa_quantity-60-pack","16":"flavours-mint","17":"format-slim","18":"nicotine-16-mg-g","19":"nicotine-extra-strong","21":"first","22":"instock","23":"taxable","24":"shipping-taxable","25":"purchasable","26":"product-type-variable"},"acf":[],"_links":{"self":[{"href":"https:\/\/whitelip.com\/cs\/wp-json\/wp\/v2\/product\/9504","targetHints":{"allow":["GET"]}}],"collection":[{"href":"https:\/\/whitelip.com\/cs\/wp-json\/wp\/v2\/product"}],"about":[{"href":"https:\/\/whitelip.com\/cs\/wp-json\/wp\/v2\/types\/product"}],"replies":[{"embeddable":true,"href":"https:\/\/whitelip.com\/cs\/wp-json\/wp\/v2\/comments?post=9504"}],"wp:featuredmedia":[{"embeddable":true,"href":"https:\/\/whitelip.com\/cs\/wp-json\/wp\/v2\/media\/9505"}],"wp:attachment":[{"href":"https:\/\/whitelip.com\/cs\/wp-json\/wp\/v2\/media?parent=9504"}],"wp:term":[{"taxonomy":"product_brand","embeddable":true,"href":"https:\/\/whitelip.com\/cs\/wp-json\/wp\/v2\/product_brand?post=9504"},{"taxonomy":"product_cat","embeddable":true,"href":"https:\/\/whitelip.com\/cs\/wp-json\/wp\/v2\/product_cat?post=9504"},{"taxonomy":"product_tag","embeddable":true,"href":"https:\/\/whitelip.com\/cs\/wp-json\/wp\/v2\/product_tag?post=9504"},{"taxonomy":"flavours","embeddable":true,"href":"https:\/\/whitelip.com\/cs\/wp-json\/wp\/v2\/flavours?post=9504"},{"taxonomy":"format","embeddable":true,"href":"https:\/\/whitelip.com\/cs\/wp-json\/wp\/v2\/format?post=9504"},{"taxonomy":"nicotine","embeddable":true,"href":"https:\/\/whitelip.com\/cs\/wp-json\/wp\/v2\/nicotine?post=9504"}],"curies":[{"name":"wp","href":"https:\/\/api.w.org\/{rel}","templated":true}]}}