{"id":9479,"date":"2024-12-05T14:23:54","date_gmt":"2024-12-05T14:23:54","guid":{"rendered":"https:\/\/whitelip.com\/gilo-brainfreeze\/"},"modified":"2026-03-05T11:31:53","modified_gmt":"2026-03-05T11:31:53","slug":"gilo-brainfreeze","status":"publish","type":"product","link":"https:\/\/whitelip.com\/cs\/gilo\/gilo-brainfreeze\/","title":{"rendered":"GILO Brainfreeze"},"content":{"rendered":"<h2><b>GILO Brainfreeze<\/b><\/h2>\n<p><span style=\"font-weight: 400;\">Nikotinov\u00e9 s\u00e1\u010dky GILO Brainfreeze p\u0159in\u00e1\u0161ej\u00ed intenzivn\u00ed ledov\u00fd z\u00e1van osv\u011b\u017euj\u00edc\u00ed m\u00e1ty a poskytuj\u00ed siln\u00fd chladiv\u00fd pocit, kter\u00fd probouz\u00ed smysly. Ka\u017ed\u00fd s\u00e1\u010dek obsahuje 12 mg nikotinu a nab\u00edz\u00ed siln\u00fd z\u00e1\u017eitek pro ty, kte\u0159\u00ed hledaj\u00ed silnou a povzbuzuj\u00edc\u00ed chu\u0165. Tenk\u00fd design zaji\u0161\u0165uje diskr\u00e9tn\u00ed ulo\u017een\u00ed pod rty, co\u017e umo\u017e\u0148uje pohodln\u00e9 pou\u017e\u00edv\u00e1n\u00ed bez zabarven\u00ed zub\u016f. Tyto s\u00e1\u010dky, vyr\u00e1b\u011bn\u00e9 zna\u010dkou GILO, kter\u00e1 je zn\u00e1m\u00e1 sv\u00fdm z\u00e1vazkem ke kvalit\u011b a inovativn\u00edm chu\u0165ov\u00fdm profil\u016fm, jsou p\u0159\u00edkladem vysok\u00fdch standard\u016f a odhodl\u00e1n\u00ed zlep\u0161it u\u017eivatelsk\u00fd z\u00e1\u017eitek.<\/span><\/p>\n<p><b>Specifikace<\/b><\/p>\n<table>\n<tbody>\n<tr>\n<td><b>Atribut<\/b><\/td>\n<td><b>Podrobnosti na<\/b><\/td>\n<\/tr>\n<tr>\n<td><b>Obsah nikotinu<\/b><\/td>\n<td><span style=\"font-weight: 400;\">12 mg na s\u00e1\u010dek<\/span><\/td>\n<\/tr>\n<tr>\n<td><b>Form\u00e1t pouzdra<\/b><\/td>\n<td><span style=\"font-weight: 400;\">Slim<\/span><\/td>\n<\/tr>\n<tr>\n<td><b>P\u0159\u00edchu\u0165<\/b><\/td>\n<td><span style=\"font-weight: 400;\">M\u00e1tov\u00fd<\/span><\/td>\n<\/tr>\n<tr>\n<td><b>Typ<\/b><\/td>\n<td><span style=\"font-weight: 400;\">Beztab\u00e1kov\u00fd s\u00e1\u010dek<\/span><\/td>\n<\/tr>\n<\/tbody>\n<\/table>","protected":false},"excerpt":{"rendered":"<p><span style=\"font-weight: 400;\">Nikotinov\u00e9 s\u00e1\u010dky GILO Brainfreeze p\u0159in\u00e1\u0161ej\u00ed intenzivn\u00ed ledov\u00fd z\u00e1van osv\u011b\u017euj\u00edc\u00ed m\u00e1ty a poskytuj\u00ed siln\u00fd chladiv\u00fd pocit, kter\u00fd probouz\u00ed smysly. Ka\u017ed\u00fd s\u00e1\u010dek obsahuje 12 mg nikotinu a nab\u00edz\u00ed siln\u00fd z\u00e1\u017eitek pro ty, kte\u0159\u00ed hledaj\u00ed silnou a povzbuzuj\u00edc\u00ed chu\u0165. Tenk\u00fd design zaji\u0161\u0165uje diskr\u00e9tn\u00ed ulo\u017een\u00ed pod rty, co\u017e umo\u017e\u0148uje pohodln\u00e9 pou\u017e\u00edv\u00e1n\u00ed bez zabarven\u00ed zub\u016f. Tyto s\u00e1\u010dky, vyr\u00e1b\u011bn\u00e9 zna\u010dkou GILO, kter\u00e1 je zn\u00e1m\u00e1 sv\u00fdm z\u00e1vazkem ke kvalit\u011b a inovativn\u00edm chu\u0165ov\u00fdm profil\u016fm, jsou p\u0159\u00edkladem vysok\u00fdch standard\u016f a odhodl\u00e1n\u00ed zlep\u0161it u\u017eivatelsk\u00fd z\u00e1\u017eitek.<\/span><\/p>","protected":false},"featured_media":9480,"comment_status":"open","ping_status":"closed","template":"","format":[206],"meta":{"_acf_changed":false},"product_brand":[],"product_cat":[89],"product_tag":[16561],"flavours":[199],"nicotine":[209,232],"class_list":{"0":"post-9479","1":"product","2":"type-product","3":"status-publish","4":"has-post-thumbnail","6":"product_cat-gilo","7":"product_tag-12-mg-pouch","8":"pa_quantity-1-pack","9":"pa_quantity-10-pack","10":"pa_quantity-3-pack","11":"pa_quantity-30-pack","12":"pa_quantity-5-pack","13":"pa_quantity-60-pack","14":"flavours-mint","15":"format-slim","16":"nicotine-12-mg-g","17":"nicotine-extra-strong","19":"first","20":"outofstock","21":"taxable","22":"shipping-taxable","23":"purchasable","24":"product-type-variable","25":"has-default-attributes"},"acf":[],"_links":{"self":[{"href":"https:\/\/whitelip.com\/cs\/wp-json\/wp\/v2\/product\/9479","targetHints":{"allow":["GET"]}}],"collection":[{"href":"https:\/\/whitelip.com\/cs\/wp-json\/wp\/v2\/product"}],"about":[{"href":"https:\/\/whitelip.com\/cs\/wp-json\/wp\/v2\/types\/product"}],"replies":[{"embeddable":true,"href":"https:\/\/whitelip.com\/cs\/wp-json\/wp\/v2\/comments?post=9479"}],"wp:featuredmedia":[{"embeddable":true,"href":"https:\/\/whitelip.com\/cs\/wp-json\/wp\/v2\/media\/9480"}],"wp:attachment":[{"href":"https:\/\/whitelip.com\/cs\/wp-json\/wp\/v2\/media?parent=9479"}],"wp:term":[{"taxonomy":"product_brand","embeddable":true,"href":"https:\/\/whitelip.com\/cs\/wp-json\/wp\/v2\/product_brand?post=9479"},{"taxonomy":"product_cat","embeddable":true,"href":"https:\/\/whitelip.com\/cs\/wp-json\/wp\/v2\/product_cat?post=9479"},{"taxonomy":"product_tag","embeddable":true,"href":"https:\/\/whitelip.com\/cs\/wp-json\/wp\/v2\/product_tag?post=9479"},{"taxonomy":"flavours","embeddable":true,"href":"https:\/\/whitelip.com\/cs\/wp-json\/wp\/v2\/flavours?post=9479"},{"taxonomy":"format","embeddable":true,"href":"https:\/\/whitelip.com\/cs\/wp-json\/wp\/v2\/format?post=9479"},{"taxonomy":"nicotine","embeddable":true,"href":"https:\/\/whitelip.com\/cs\/wp-json\/wp\/v2\/nicotine?post=9479"}],"curies":[{"name":"wp","href":"https:\/\/api.w.org\/{rel}","templated":true}]}}