{"id":94370,"date":"2026-04-13T10:08:45","date_gmt":"2026-04-13T10:08:45","guid":{"rendered":"https:\/\/whitelip.com\/?post_type=product&#038;p=94370"},"modified":"2026-04-18T13:10:33","modified_gmt":"2026-04-18T13:10:33","slug":"killa-exclusive-dark-cherry-exp-02-17-2026","status":"publish","type":"product","link":"https:\/\/whitelip.com\/cs\/killa\/killa-exclusive-dark-cherry-exp-02-17-2026\/","title":{"rendered":"KILLA Exclusive Dark Cherry Exp.02\/17\/2026"},"content":{"rendered":"<h2>KILLA Exclusive Dark Cherry Exp.02\/17\/2026<\/h2>\n<p data-start=\"528\" data-end=\"818\">KILLA Exclusive Dark Cherry je s\u00e1\u010dek bez tab\u00e1ku s nikotinem z \u0159ady KILLA Exclusive, vyvinut\u00fd pro jemn\u00fd a kou\u0159menfree z\u00e1\u017eitek. Produkt se vyzna\u010duje odv\u00e1\u017enou p\u0159\u00edchut\u00ed temn\u00e9ho vi\u0161n\u011b, kter\u00e1 p\u0159in\u00e1\u0161\u00ed m\u00edrn\u011b sladk\u00fd a hlubok\u00fd profil chuti, kter\u00fd se vy\u010dle\u0148uje mezi ovocn\u00fdmi alternativami.<\/p>\n<p data-start=\"820\" data-end=\"1030\">S\u00e1\u010dky jsou navr\u017eeny v \u00fazk\u00e9m form\u00e1tu, kter\u00fd umo\u017e\u0148uje diskr\u00e9tn\u00ed a pohodln\u00e9 um\u00edst\u011bn\u00ed pod doln\u00ed ret. Ka\u017ed\u00fd s\u00e1\u010dek v\u00e1\u017e\u00ed 0,8 gramu a je optimalizov\u00e1n pro konzistentn\u00ed uvol\u0148ov\u00e1n\u00ed p\u0159\u00edchuti i nikotinu v \u010dase.<\/p>\n<p data-start=\"1032\" data-end=\"1195\">S obsahem nikotinu 16,5 mg\/g nab\u00edz\u00ed KILLA Exclusive Dark Cherry vyv\u00e1\u017eenou s\u00edlu vhodnou pro u\u017eivatele hledaj\u00edc\u00ed znateln\u00fd, ale kontrolovan\u00fd z\u00e1\u017eitek.<\/p>\n<table style=\"width: 100%; max-width: 400px;\">\n<tbody>\n<tr>\n<td><b>Atribut<\/b><\/td>\n<td><b>Podrobnosti na<\/b><\/td>\n<\/tr>\n<tr>\n<td><b>Zna\u010dka<\/b><\/td>\n<td>KILLA Exclusive<\/td>\n<\/tr>\n<tr>\n<td><b>P\u0159\u00edchu\u0165<\/b><\/td>\n<td>Tmav\u00e1 t\u0159e\u0161e\u0148<\/td>\n<\/tr>\n<tr>\n<td><b>Form\u00e1t pouzdra<\/b><\/td>\n<td>Slim<\/td>\n<\/tr>\n<tr>\n<td><b>S\u00edla nikotinu<\/b><\/td>\n<td>16,5 mg\/g<\/td>\n<\/tr>\n<tr>\n<td><b>Nicotine per pouch<\/b><\/td>\n<td>13.2 mg<\/td>\n<\/tr>\n<tr>\n<td><b>Pouches per can<\/b><\/td>\n<td>20<\/td>\n<\/tr>\n<tr>\n<td><b>Weight per pouch<\/b><\/td>\n<td>0.8 g<\/td>\n<\/tr>\n<tr>\n<td><b>Net weight<\/b><\/td>\n<td>16 g<\/td>\n<\/tr>\n<tr>\n<td><b>Kategorie<\/b><\/td>\n<td>Tobacco-free nicotine pouches<\/td>\n<\/tr>\n<tr>\n<td><b>Typ<\/b><\/td>\n<td>Celob\u00edl\u00e9 pouzdro<\/td>\n<\/tr>\n<\/tbody>\n<\/table>","protected":false},"excerpt":{"rendered":"<p>KILLA Exclusive Dark Cherry je s\u00e1\u010dek bez tab\u00e1ku s nikotinem z \u0159ady KILLA Exclusive, vyvinut\u00fd pro jemn\u00fd a kou\u0159mfree z\u00e1\u017eitek.<\/p>","protected":false},"featured_media":94378,"comment_status":"open","ping_status":"closed","template":"","format":[206],"meta":{"_acf_changed":false},"product_brand":[],"product_cat":[64],"product_tag":[16693,17015],"flavours":[],"nicotine":[213,232],"class_list":{"0":"post-94370","1":"product","2":"type-product","3":"status-publish","4":"has-post-thumbnail","6":"product_cat-killa","7":"product_tag-13-2-mg-pouch","8":"product_tag-50-off","9":"pa_quantity-1-pack","10":"pa_quantity-10-pack","11":"pa_quantity-3-pack","12":"pa_quantity-30-pack","13":"pa_quantity-5-pack","14":"pa_quantity-60-pack","15":"format-slim","16":"nicotine-16-mg-g","17":"nicotine-extra-strong","19":"first","20":"instock","21":"sale","22":"taxable","23":"shipping-taxable","24":"purchasable","25":"product-type-variable"},"acf":[],"_links":{"self":[{"href":"https:\/\/whitelip.com\/cs\/wp-json\/wp\/v2\/product\/94370","targetHints":{"allow":["GET"]}}],"collection":[{"href":"https:\/\/whitelip.com\/cs\/wp-json\/wp\/v2\/product"}],"about":[{"href":"https:\/\/whitelip.com\/cs\/wp-json\/wp\/v2\/types\/product"}],"replies":[{"embeddable":true,"href":"https:\/\/whitelip.com\/cs\/wp-json\/wp\/v2\/comments?post=94370"}],"wp:featuredmedia":[{"embeddable":true,"href":"https:\/\/whitelip.com\/cs\/wp-json\/wp\/v2\/media\/94378"}],"wp:attachment":[{"href":"https:\/\/whitelip.com\/cs\/wp-json\/wp\/v2\/media?parent=94370"}],"wp:term":[{"taxonomy":"product_brand","embeddable":true,"href":"https:\/\/whitelip.com\/cs\/wp-json\/wp\/v2\/product_brand?post=94370"},{"taxonomy":"product_cat","embeddable":true,"href":"https:\/\/whitelip.com\/cs\/wp-json\/wp\/v2\/product_cat?post=94370"},{"taxonomy":"product_tag","embeddable":true,"href":"https:\/\/whitelip.com\/cs\/wp-json\/wp\/v2\/product_tag?post=94370"},{"taxonomy":"flavours","embeddable":true,"href":"https:\/\/whitelip.com\/cs\/wp-json\/wp\/v2\/flavours?post=94370"},{"taxonomy":"format","embeddable":true,"href":"https:\/\/whitelip.com\/cs\/wp-json\/wp\/v2\/format?post=94370"},{"taxonomy":"nicotine","embeddable":true,"href":"https:\/\/whitelip.com\/cs\/wp-json\/wp\/v2\/nicotine?post=94370"}],"curies":[{"name":"wp","href":"https:\/\/api.w.org\/{rel}","templated":true}]}}