{"id":94361,"date":"2026-04-13T09:52:03","date_gmt":"2026-04-13T09:52:03","guid":{"rendered":"https:\/\/whitelip.com\/?post_type=product&#038;p=94361"},"modified":"2026-04-13T09:55:19","modified_gmt":"2026-04-13T09:55:19","slug":"killa-cold-x-mint-exp-03-01-2026","status":"publish","type":"product","link":"https:\/\/whitelip.com\/cs\/killa\/killa-cold-x-mint-exp-03-01-2026\/","title":{"rendered":"KILLA Cold X Mint Exp.03\/01\/2026"},"content":{"rendered":"<h2>KILLA Cold X Mint Exp.03\/01\/2026<\/h2>\n<p><span style=\"font-weight: 400;\">Nikotinov\u00e9 s\u00e1\u010dky KILLA Cold X Mint nab\u00edzej\u00ed siln\u00fd a povzbuzuj\u00edc\u00ed z\u00e1\u017eitek, kter\u00fd kombinuje sv\u011b\u017e\u00ed m\u00e1tovou p\u0159\u00edchu\u0165 se siln\u00fdm nikotinov\u00fdm n\u00e1razem. Tyto tenk\u00e9 s\u00e1\u010dky bez tab\u00e1ku jsou navr\u017eeny pro diskr\u00e9tn\u00ed a pohodln\u00e9 pou\u017eit\u00ed a poskytuj\u00ed osv\u011b\u017euj\u00edc\u00ed pocit ide\u00e1ln\u00ed pro u\u017eivatele, kte\u0159\u00ed hledaj\u00ed silnou a povzbuzuj\u00edc\u00ed variantu. Ledov\u00e1 sm\u011bs m\u00e1ty a mentolu p\u0159in\u00e1\u0161\u00ed okam\u017eit\u00fd chladiv\u00fd \u00fa\u010dinek, d\u00edky \u010demu\u017e je KILLA Cold X Mint obl\u00edbenou volbou mezi t\u011bmi, kte\u0159\u00ed oce\u0148uj\u00ed intenzivn\u00ed m\u00e1tov\u00e9 p\u0159\u00edchut\u011b.<\/span><\/p>\n<table>\n<tbody>\n<tr>\n<td><b>Atribut<\/b><\/td>\n<td><b>Podrobnosti na<\/b><\/td>\n<\/tr>\n<tr>\n<td><span style=\"font-weight: 400;\">Obsah na plechovku<\/span><\/td>\n<td><span style=\"font-weight: 400;\">16 g (20 s\u00e1\u010dk\u016f)<\/span><\/td>\n<\/tr>\n<tr>\n<td><span style=\"font-weight: 400;\">Obsah nikotinu<\/span><\/td>\n<td><span style=\"font-weight: 400;\">16 mg\/g (12,8 mg na s\u00e1\u010dek)<\/span><\/td>\n<\/tr>\n<tr>\n<td><span style=\"font-weight: 400;\">Form\u00e1t pouzdra<\/span><\/td>\n<td><span style=\"font-weight: 400;\">Slim<\/span><\/td>\n<\/tr>\n<tr>\n<td><span style=\"font-weight: 400;\">V\u00fdrobce<\/span><\/td>\n<td><span style=\"font-weight: 400;\">NGP Empire Sweden AB<\/span><\/td>\n<\/tr>\n<tr>\n<td><span style=\"font-weight: 400;\">P\u0159\u00edchu\u0165<\/span><\/td>\n<td><span style=\"font-weight: 400;\">Ledov\u00e1 m\u00e1ta, mentol<\/span><\/td>\n<\/tr>\n<tr>\n<td><span style=\"font-weight: 400;\">Typ<\/span><\/td>\n<td><span style=\"font-weight: 400;\">Celob\u00edl\u00fd s\u00e1\u010dek, bez tab\u00e1ku<\/span><\/td>\n<\/tr>\n<\/tbody>\n<\/table>","protected":false},"excerpt":{"rendered":"<p>Siln\u00fd, povzbuzuj\u00edc\u00ed <strong data-start=\"21\" data-end=\"36\">Cold X Mint<\/strong> s \u010derstvou m\u00e1tou a ledov\u00fdm mentolov\u00fdm chladem. <strong data-start=\"79\" data-end=\"87\">Slim<\/strong>, beztab\u00e1kov\u00e9 s\u00e1\u010dky se diskr\u00e9tn\u011b vkl\u00e1daj\u00ed pod ret a umo\u017e\u0148uj\u00ed \u010dist\u00e9 a pohodln\u00e9 pou\u017e\u00edv\u00e1n\u00ed. Ka\u017ed\u00fd s\u00e1\u010dek obsahuje <strong data-start=\"186\" data-end=\"206\">12,8 mg nikotinu<\/strong>, kter\u00e9 p\u0159in\u00e1\u0161\u00ed siln\u00fd, revitaliza\u010dn\u00ed kopanec.<\/p>","protected":false},"featured_media":8219,"comment_status":"open","ping_status":"closed","template":"","format":[],"meta":{"_acf_changed":false},"product_brand":[],"product_cat":[64],"product_tag":[16676,17015],"flavours":[],"nicotine":[],"class_list":{"0":"post-94361","1":"product","2":"type-product","3":"status-publish","4":"has-post-thumbnail","6":"product_cat-killa","7":"product_tag-12-8-mg-pouch","8":"product_tag-50-off","9":"pa_quantity-1-pack","10":"pa_quantity-10-pack","11":"pa_quantity-3-pack","12":"pa_quantity-30-pack","13":"pa_quantity-5-pack","14":"pa_quantity-60-pack","16":"first","17":"instock","18":"sale","19":"taxable","20":"shipping-taxable","21":"purchasable","22":"product-type-variable"},"acf":[],"_links":{"self":[{"href":"https:\/\/whitelip.com\/cs\/wp-json\/wp\/v2\/product\/94361","targetHints":{"allow":["GET"]}}],"collection":[{"href":"https:\/\/whitelip.com\/cs\/wp-json\/wp\/v2\/product"}],"about":[{"href":"https:\/\/whitelip.com\/cs\/wp-json\/wp\/v2\/types\/product"}],"replies":[{"embeddable":true,"href":"https:\/\/whitelip.com\/cs\/wp-json\/wp\/v2\/comments?post=94361"}],"wp:featuredmedia":[{"embeddable":true,"href":"https:\/\/whitelip.com\/cs\/wp-json\/wp\/v2\/media\/8219"}],"wp:attachment":[{"href":"https:\/\/whitelip.com\/cs\/wp-json\/wp\/v2\/media?parent=94361"}],"wp:term":[{"taxonomy":"product_brand","embeddable":true,"href":"https:\/\/whitelip.com\/cs\/wp-json\/wp\/v2\/product_brand?post=94361"},{"taxonomy":"product_cat","embeddable":true,"href":"https:\/\/whitelip.com\/cs\/wp-json\/wp\/v2\/product_cat?post=94361"},{"taxonomy":"product_tag","embeddable":true,"href":"https:\/\/whitelip.com\/cs\/wp-json\/wp\/v2\/product_tag?post=94361"},{"taxonomy":"flavours","embeddable":true,"href":"https:\/\/whitelip.com\/cs\/wp-json\/wp\/v2\/flavours?post=94361"},{"taxonomy":"format","embeddable":true,"href":"https:\/\/whitelip.com\/cs\/wp-json\/wp\/v2\/format?post=94361"},{"taxonomy":"nicotine","embeddable":true,"href":"https:\/\/whitelip.com\/cs\/wp-json\/wp\/v2\/nicotine?post=94361"}],"curies":[{"name":"wp","href":"https:\/\/api.w.org\/{rel}","templated":true}]}}