{"id":93973,"date":"2026-04-10T10:55:42","date_gmt":"2026-04-10T10:55:42","guid":{"rendered":"https:\/\/whitelip.com\/?post_type=product&#038;p=93973"},"modified":"2026-04-10T11:12:00","modified_gmt":"2026-04-10T11:12:00","slug":"mynt-mango-3mg","status":"publish","type":"product","link":"https:\/\/whitelip.com\/cs\/mynt\/mynt-mango-3mg\/","title":{"rendered":"MYNT Mango 3mg"},"content":{"rendered":"<p data-start=\"212\" data-end=\"505\">MYNT Mango 3mg poskytuje sladkou, \u0161\u0165avnatou tropickou chu\u0165 manga s hladk\u00fdm a osv\u011b\u017euj\u00edc\u00edm z\u00e1v\u011brem. Chu\u0165 je \u017eiv\u00e1, ovocn\u00e1 a p\u0159irozen\u011b sladk\u00e1, nab\u00edz\u00ed povzn\u00e1\u0161ej\u00edc\u00ed a p\u0159\u00edjemn\u00fd profil ide\u00e1ln\u00ed pro ka\u017edodenn\u00ed pou\u017eit\u00ed. Poskytuje chutn\u00fd z\u00e1\u017eitek, kter\u00fd se vyzna\u010duje zral\u00fdm a slune\u010dn\u00fdm charakterem manga.<\/p>\n<p data-start=\"507\" data-end=\"827\">Ka\u017ed\u00fd tenk\u00fd s\u00e1\u010dek obsahuje 3 mg nikotinu a poskytuje st\u0159edn\u00ed s\u00edlu s jasn\u00fdm a stabiln\u00edm uvol\u0148ov\u00e1n\u00edm vhodn\u00fdm pro b\u011b\u017en\u00e9 u\u017eivatele. Form\u00e1t bez tab\u00e1ku v b\u00edl\u00e9 barv\u011b zaji\u0161\u0165uje \u010dist\u00fd z\u00e1\u017eitek bez skvrn, kou\u0159e nebo p\u0159etrv\u00e1vaj\u00edc\u00edho z\u00e1pachu \u2013 ide\u00e1ln\u00ed pro diskr\u00e9tn\u00ed a osv\u011b\u017euj\u00edc\u00ed pot\u011b\u0161en\u00ed kdykoli a kdekoli.<\/p>\n<table>\n<tbody>\n<tr>\n<td><b>Atribut<\/b><\/td>\n<td><b>Podrobnosti na<\/b><\/td>\n<\/tr>\n<tr>\n<td><b>Zna\u010dka<\/b><\/td>\n<td><span style=\"font-weight: 400;\">MYNT<\/span><\/td>\n<\/tr>\n<tr>\n<td><b>Typ v\u00fdrobku<\/b><\/td>\n<td><span style=\"font-weight: 400;\">V\u0161echny b\u00edl\u00e9 nikotinov\u00e9 s\u00e1\u010dky<\/span><\/td>\n<\/tr>\n<tr>\n<td><b>Form\u00e1t<\/b><\/td>\n<td>Slim<\/td>\n<\/tr>\n<tr>\n<td><b>P\u0159\u00edchu\u0165<\/b><\/td>\n<td>Mango<\/td>\n<\/tr>\n<tr>\n<td><b>S\u00edla nikotinu<\/b><\/td>\n<td><span style=\"font-weight: 400;\">3 mg per pouch (6 mg\/g)<\/span><\/td>\n<\/tr>\n<tr>\n<td><b>Hmotnost porce<\/b><\/td>\n<td><span style=\"font-weight: 400;\">0,5 gramu<\/span><\/td>\n<\/tr>\n<tr>\n<td><b>Po\u010det porc\u00ed<\/b><\/td>\n<td><span style=\"font-weight: 400;\">20 za plechovku<\/span><\/td>\n<\/tr>\n<tr>\n<td><b>Celkov\u00e1 hmotnost plechovky<\/b><\/td>\n<td><span style=\"font-weight: 400;\">8 gram\u016f<\/span><\/td>\n<\/tr>\n<tr>\n<td><b>V\u00fdrobce<\/b><\/td>\n<td>Satyam's Sun Products Pvt Ltd<\/td>\n<\/tr>\n<tr>\n<td><b>Pozoruhodn\u00e9 funkce<\/b><\/td>\n<td><span style=\"font-weight: 400;\">Bez tab\u00e1ku, \u0161t\u00edhl\u00fd form\u00e1t, sladk\u00e1 a osv\u011b\u017euj\u00edc\u00ed tropick\u00e1 p\u0159\u00edchu\u0165 mango<\/span><\/td>\n<\/tr>\n<\/tbody>\n<\/table>","protected":false},"excerpt":{"rendered":"<p data-start=\"1386\" data-end=\"1459\"><b>Mango <\/b>p\u0159\u00edchu\u0165 v <b>slim <\/b>s\u00e1\u010dek s <strong data-start=\"1494\" data-end=\"1513\">3 mg nikotinu<\/strong> v jednom s\u00e1\u010dku.<\/p>","protected":false},"featured_media":93982,"comment_status":"open","ping_status":"closed","template":"","format":[206],"meta":{"_acf_changed":false},"product_brand":[],"product_cat":[11212],"product_tag":[16579],"flavours":[196],"nicotine":[228,234],"class_list":{"0":"post-93973","1":"product","2":"type-product","3":"status-publish","4":"has-post-thumbnail","6":"product_cat-mynt","7":"product_tag-3-mg-pouch","8":"pa_quantity-1-pack","9":"pa_quantity-10-pack","10":"pa_quantity-3-pack","11":"pa_quantity-30-pack","12":"pa_quantity-5-pack","13":"pa_quantity-60-pack","14":"flavours-fruits-berries","15":"format-slim","16":"nicotine-6-mg-g","17":"nicotine-mild","19":"first","20":"instock","21":"taxable","22":"shipping-taxable","23":"purchasable","24":"product-type-variable"},"acf":[],"_links":{"self":[{"href":"https:\/\/whitelip.com\/cs\/wp-json\/wp\/v2\/product\/93973","targetHints":{"allow":["GET"]}}],"collection":[{"href":"https:\/\/whitelip.com\/cs\/wp-json\/wp\/v2\/product"}],"about":[{"href":"https:\/\/whitelip.com\/cs\/wp-json\/wp\/v2\/types\/product"}],"replies":[{"embeddable":true,"href":"https:\/\/whitelip.com\/cs\/wp-json\/wp\/v2\/comments?post=93973"}],"wp:featuredmedia":[{"embeddable":true,"href":"https:\/\/whitelip.com\/cs\/wp-json\/wp\/v2\/media\/93982"}],"wp:attachment":[{"href":"https:\/\/whitelip.com\/cs\/wp-json\/wp\/v2\/media?parent=93973"}],"wp:term":[{"taxonomy":"product_brand","embeddable":true,"href":"https:\/\/whitelip.com\/cs\/wp-json\/wp\/v2\/product_brand?post=93973"},{"taxonomy":"product_cat","embeddable":true,"href":"https:\/\/whitelip.com\/cs\/wp-json\/wp\/v2\/product_cat?post=93973"},{"taxonomy":"product_tag","embeddable":true,"href":"https:\/\/whitelip.com\/cs\/wp-json\/wp\/v2\/product_tag?post=93973"},{"taxonomy":"flavours","embeddable":true,"href":"https:\/\/whitelip.com\/cs\/wp-json\/wp\/v2\/flavours?post=93973"},{"taxonomy":"format","embeddable":true,"href":"https:\/\/whitelip.com\/cs\/wp-json\/wp\/v2\/format?post=93973"},{"taxonomy":"nicotine","embeddable":true,"href":"https:\/\/whitelip.com\/cs\/wp-json\/wp\/v2\/nicotine?post=93973"}],"curies":[{"name":"wp","href":"https:\/\/api.w.org\/{rel}","templated":true}]}}