{"id":93167,"date":"2026-04-02T13:36:48","date_gmt":"2026-04-02T13:36:48","guid":{"rendered":"https:\/\/whitelip.com\/?post_type=product&#038;p=93167"},"modified":"2026-04-10T09:40:36","modified_gmt":"2026-04-10T09:40:36","slug":"lind-spearmint","status":"publish","type":"product","link":"https:\/\/whitelip.com\/cs\/lind\/lind-spearmint\/","title":{"rendered":"Lind Spearmint"},"content":{"rendered":"<h2>Lind Spearmint<\/h2>\n<p data-start=\"30\" data-end=\"241\">LIND Spearmint Slim obsahuje 5 mg nikotinu na s\u00e1\u010dek a m\u00e1 profil p\u0159\u00edchuti kotvice. Produkt je vyr\u00e1b\u011bn spole\u010dnost\u00ed HS Factory Sweden AB ve Stockholmu a je prezentov\u00e1n ve form\u00e1tu \u00fazk\u00e9ho s\u00e1\u010dku.<\/p>\n<p data-start=\"243\" data-end=\"598\">Profil p\u0159\u00edchuti je zalo\u017een na kotvici se \u010dist\u00fdm a osv\u011b\u017euj\u00edc\u00edm charakterem, poskytuj\u00edc\u00ed hladk\u00e9 chladiv\u00e9 pocity. Form\u00e1t Slim se skl\u00e1d\u00e1 z u\u017e\u0161\u00edch s\u00e1\u010dk\u016f navr\u017een\u00fdch tak, aby sed\u011bly rovnom\u011brn\u011b pod retem a poskytovaly diskr\u00e9tn\u00ed a pohodln\u00fd fit b\u011bhem pou\u017e\u00edv\u00e1n\u00ed. Struktura s\u00e1\u010dku podporuje konzistentn\u00ed a postupn\u00e9 uvol\u0148ov\u00e1n\u00ed p\u0159\u00edchuti a nikotinu v pr\u016fb\u011bhu \u010dasu.<\/p>\n<p data-start=\"600\" data-end=\"896\">Koncentrace nikotinu je 10 mg na gram, co\u017e odpov\u00edd\u00e1 5 mg nikotinu na s\u00e1\u010dek. Ka\u017ed\u00fd s\u00e1\u010dek v\u00e1\u017e\u00ed 0,5 gramu. Ka\u017ed\u00e1 plechovka obsahuje 20 s\u00e1\u010dk\u016f s celkovou \u010distou hmotnost\u00ed 10 gram\u016f, co\u017e celkem p\u0159in\u00e1\u0161\u00ed p\u0159ibli\u017en\u011b 100 mg nikotinu na plechovku. \u00darove\u0148 nikotinu je obecn\u011b pova\u017eov\u00e1na za norm\u00e1ln\u00ed.<\/p>\n<p data-start=\"898\" data-end=\"1046\">LIND je \u0159ada produkt\u016f vyvinut\u00fdch spole\u010dnost\u00ed HS Factory Sweden AB, zam\u011b\u0159en\u00e1 na vyv\u00e1\u017een\u00e9 profily p\u0159\u00edchut\u00ed, konzistentn\u00ed kvalitu a modern\u00ed v\u00fdrobn\u00ed metody.<\/p>\n<table>\n<tbody>\n<tr>\n<td><b>Atribut<\/b><\/td>\n<td><b>Podrobnosti na<\/b><\/td>\n<\/tr>\n<tr>\n<td><b>Obsah na plechovku<\/b><\/td>\n<td><span style=\"font-weight: 400;\">10 g (20 s\u00e1\u010dk\u016f)<\/span><\/td>\n<\/tr>\n<tr>\n<td><b>Obsah nikotinu<\/b><\/td>\n<td><span style=\"font-weight: 400;\">100 mg\/g (5 mg na s\u00e1\u010dek)<\/span><\/td>\n<\/tr>\n<tr>\n<td><b>Form\u00e1t pouzdra<\/b><\/td>\n<td><span style=\"font-weight: 400;\">Slim<\/span><\/td>\n<\/tr>\n<tr>\n<td><b>V\u00fdrobce<\/b><\/td>\n<td><span style=\"font-weight: 400;\">HS Factory Sweden AB<\/span><\/td>\n<\/tr>\n<tr>\n<td><b>P\u0159\u00edchu\u0165<\/b><\/td>\n<td><span style=\"font-weight: 400;\">M\u00e1tov\u00e1<\/span><\/td>\n<\/tr>\n<tr>\n<td><b>Typ<\/b><\/td>\n<td><span style=\"font-weight: 400;\">Celob\u00edl\u00e9 pouzdro<\/span><\/td>\n<\/tr>\n<\/tbody>\n<\/table>","protected":false},"excerpt":{"rendered":"<p>LIND Spearmint Slim obsahuje <strong data-start=\"1114\" data-end=\"1131\">5 mg nikotinu<\/strong> na s\u00e1\u010dek s profilem p\u0159\u00edchuti kotvice. Ka\u017ed\u00e1 plechovka obsahuje 20 <strong data-start=\"1196\" data-end=\"1204\">Slim<\/strong> s\u00e1\u010dk\u016f v\u00e1\u017e\u00edc\u00edch po 0,5 gramu, s koncentrac\u00ed nikotinu 10 mg na gram. Produkt je vyr\u00e1b\u011bn ve Stockholmu a odpov\u00edd\u00e1 norm\u00e1ln\u00ed s\u00edle nikotinu.<\/p>","protected":false},"featured_media":93174,"comment_status":"open","ping_status":"closed","template":"","format":[206],"meta":{"_acf_changed":false},"product_brand":[],"product_cat":[17017],"product_tag":[16421],"flavours":[199],"nicotine":[207,236],"class_list":{"0":"post-93167","1":"product","2":"type-product","3":"status-publish","4":"has-post-thumbnail","6":"product_cat-lind","7":"product_tag-new","8":"pa_quantity-1-pack","9":"pa_quantity-10-pack","10":"pa_quantity-3-pack","11":"pa_quantity-30-pack","12":"pa_quantity-5-pack","13":"pa_quantity-60-pack","14":"flavours-mint","15":"format-slim","16":"nicotine-10-mg-g","17":"nicotine-strong","19":"first","20":"instock","21":"sale","22":"taxable","23":"shipping-taxable","24":"purchasable","25":"product-type-variable"},"acf":[],"_links":{"self":[{"href":"https:\/\/whitelip.com\/cs\/wp-json\/wp\/v2\/product\/93167","targetHints":{"allow":["GET"]}}],"collection":[{"href":"https:\/\/whitelip.com\/cs\/wp-json\/wp\/v2\/product"}],"about":[{"href":"https:\/\/whitelip.com\/cs\/wp-json\/wp\/v2\/types\/product"}],"replies":[{"embeddable":true,"href":"https:\/\/whitelip.com\/cs\/wp-json\/wp\/v2\/comments?post=93167"}],"wp:featuredmedia":[{"embeddable":true,"href":"https:\/\/whitelip.com\/cs\/wp-json\/wp\/v2\/media\/93174"}],"wp:attachment":[{"href":"https:\/\/whitelip.com\/cs\/wp-json\/wp\/v2\/media?parent=93167"}],"wp:term":[{"taxonomy":"product_brand","embeddable":true,"href":"https:\/\/whitelip.com\/cs\/wp-json\/wp\/v2\/product_brand?post=93167"},{"taxonomy":"product_cat","embeddable":true,"href":"https:\/\/whitelip.com\/cs\/wp-json\/wp\/v2\/product_cat?post=93167"},{"taxonomy":"product_tag","embeddable":true,"href":"https:\/\/whitelip.com\/cs\/wp-json\/wp\/v2\/product_tag?post=93167"},{"taxonomy":"flavours","embeddable":true,"href":"https:\/\/whitelip.com\/cs\/wp-json\/wp\/v2\/flavours?post=93167"},{"taxonomy":"format","embeddable":true,"href":"https:\/\/whitelip.com\/cs\/wp-json\/wp\/v2\/format?post=93167"},{"taxonomy":"nicotine","embeddable":true,"href":"https:\/\/whitelip.com\/cs\/wp-json\/wp\/v2\/nicotine?post=93167"}],"curies":[{"name":"wp","href":"https:\/\/api.w.org\/{rel}","templated":true}]}}