{"id":93147,"date":"2026-04-02T13:08:44","date_gmt":"2026-04-02T13:08:44","guid":{"rendered":"https:\/\/whitelip.com\/?post_type=product&#038;p=93147"},"modified":"2026-05-09T10:11:26","modified_gmt":"2026-05-09T10:11:26","slug":"lind-banana-slim","status":"publish","type":"product","link":"https:\/\/whitelip.com\/cs\/lind\/lind-banana-slim\/","title":{"rendered":"Lind Banana Slim"},"content":{"rendered":"<h2>Lind Banana Slim<\/h2>\n<p data-start=\"30\" data-end=\"190\">Lind Banana Slim obsahuje 5 mg nikotinu na s\u00e1\u010dek a m\u00e1 profil p\u0159\u00edchuti ban\u00e1nu. P\u0159\u00edchu\u0165 je zalo\u017eena na ban\u00e1nu se sladk\u00fdm a hladk\u00fdm charakterem.<\/p>\n<p data-start=\"192\" data-end=\"395\">Ka\u017ed\u00fd s\u00e1\u010dek v\u00e1\u017e\u00ed 0,5 gramu a je navr\u017een tak, aby poskytoval konzistentn\u00ed uvol\u0148ov\u00e1n\u00ed p\u0159\u00edchuti a nikotinu b\u011bhem pou\u017e\u00edv\u00e1n\u00ed. Koncentrace nikotinu je 100 mg na gram, co\u017e odpov\u00edd\u00e1 5 mg nikotinu na s\u00e1\u010dek.<\/p>\n<p data-start=\"397\" data-end=\"581\">Ka\u017ed\u00e1 plechovka obsahuje 20 s\u00e1\u010dk\u016f s celkovou \u010distou hmotnost\u00ed 10 gram\u016f. Form\u00e1t Slim s\u00e1\u010dku je vyvinut pro rovnom\u011brn\u00e9 um\u00edst\u011bn\u00ed pod retem a kontrolovan\u00e9 uvol\u0148ov\u00e1n\u00ed p\u0159\u00edchuti a nikotinu.<\/p>\n<table>\n<tbody>\n<tr>\n<td><b>Atribut<\/b><\/td>\n<td><b>Podrobnosti na<\/b><\/td>\n<\/tr>\n<tr>\n<td><b>Obsah na plechovku<\/b><\/td>\n<td><span style=\"font-weight: 400;\">10 g (20 s\u00e1\u010dk\u016f)<\/span><\/td>\n<\/tr>\n<tr>\n<td><b>Obsah nikotinu<\/b><\/td>\n<td><span style=\"font-weight: 400;\">100 mg\/g (5 mg na s\u00e1\u010dek)<\/span><\/td>\n<\/tr>\n<tr>\n<td><b>Form\u00e1t pouzdra<\/b><\/td>\n<td><span style=\"font-weight: 400;\">Slim<\/span><\/td>\n<\/tr>\n<tr>\n<td><b>V\u00fdrobce<\/b><\/td>\n<td><span style=\"font-weight: 400;\">HS Factory Sweden AB<\/span><\/td>\n<\/tr>\n<tr>\n<td><b>P\u0159\u00edchu\u0165<\/b><\/td>\n<td><span style=\"font-weight: 400;\">Ban\u00e1n<\/span><\/td>\n<\/tr>\n<tr>\n<td><b>Typ<\/b><\/td>\n<td><span style=\"font-weight: 400;\">Celob\u00edl\u00e9 pouzdro<\/span><\/td>\n<\/tr>\n<\/tbody>\n<\/table>","protected":false},"excerpt":{"rendered":"<p>Lind Banana Slim obsahuje <strong data-start=\"646\" data-end=\"663\">5 mg nikotinu<\/strong> na s\u00e1\u010dek s <strong>ban\u00e1n<\/strong> profilem p\u0159\u00edchuti. Ka\u017ed\u00e1 plechovka obsahuje 20 <strong data-start=\"725\" data-end=\"733\">Slim<\/strong> s\u00e1\u010dk\u016f v\u00e1\u017e\u00edc\u00edch po 0,5 gramu, s celkovou \u010distou hmotnost\u00ed 10 gram\u016f.<\/p>","protected":false},"featured_media":93156,"comment_status":"open","ping_status":"closed","template":"","format":[206],"meta":{"_acf_changed":false},"product_brand":[],"product_cat":[17017],"product_tag":[16421],"flavours":[196],"nicotine":[207,236],"class_list":{"0":"post-93147","1":"product","2":"type-product","3":"status-publish","4":"has-post-thumbnail","6":"product_cat-lind","7":"product_tag-new","8":"pa_quantity-1-pack","9":"pa_quantity-10-pack","10":"pa_quantity-3-pack","11":"pa_quantity-30-pack","12":"pa_quantity-5-pack","13":"pa_quantity-60-pack","14":"flavours-fruits-berries","15":"format-slim","16":"nicotine-10-mg-g","17":"nicotine-strong","19":"first","20":"instock","21":"sale","22":"taxable","23":"shipping-taxable","24":"purchasable","25":"product-type-variable"},"acf":[],"_links":{"self":[{"href":"https:\/\/whitelip.com\/cs\/wp-json\/wp\/v2\/product\/93147","targetHints":{"allow":["GET"]}}],"collection":[{"href":"https:\/\/whitelip.com\/cs\/wp-json\/wp\/v2\/product"}],"about":[{"href":"https:\/\/whitelip.com\/cs\/wp-json\/wp\/v2\/types\/product"}],"replies":[{"embeddable":true,"href":"https:\/\/whitelip.com\/cs\/wp-json\/wp\/v2\/comments?post=93147"}],"wp:featuredmedia":[{"embeddable":true,"href":"https:\/\/whitelip.com\/cs\/wp-json\/wp\/v2\/media\/93156"}],"wp:attachment":[{"href":"https:\/\/whitelip.com\/cs\/wp-json\/wp\/v2\/media?parent=93147"}],"wp:term":[{"taxonomy":"product_brand","embeddable":true,"href":"https:\/\/whitelip.com\/cs\/wp-json\/wp\/v2\/product_brand?post=93147"},{"taxonomy":"product_cat","embeddable":true,"href":"https:\/\/whitelip.com\/cs\/wp-json\/wp\/v2\/product_cat?post=93147"},{"taxonomy":"product_tag","embeddable":true,"href":"https:\/\/whitelip.com\/cs\/wp-json\/wp\/v2\/product_tag?post=93147"},{"taxonomy":"flavours","embeddable":true,"href":"https:\/\/whitelip.com\/cs\/wp-json\/wp\/v2\/flavours?post=93147"},{"taxonomy":"format","embeddable":true,"href":"https:\/\/whitelip.com\/cs\/wp-json\/wp\/v2\/format?post=93147"},{"taxonomy":"nicotine","embeddable":true,"href":"https:\/\/whitelip.com\/cs\/wp-json\/wp\/v2\/nicotine?post=93147"}],"curies":[{"name":"wp","href":"https:\/\/api.w.org\/{rel}","templated":true}]}}