{"id":93139,"date":"2026-04-02T12:43:45","date_gmt":"2026-04-02T12:43:45","guid":{"rendered":"https:\/\/whitelip.com\/?post_type=product&#038;p=93139"},"modified":"2026-05-09T10:11:26","modified_gmt":"2026-05-09T10:11:26","slug":"zyn-watermelon-mint-6mg","status":"publish","type":"product","link":"https:\/\/whitelip.com\/cs\/zyn\/zyn-watermelon-mint-6mg\/","title":{"rendered":"ZYN Watermelon Mint 6mg"},"content":{"rendered":"<h2>ZYN Watermelon Mint 6mg<\/h2>\n<p data-start=\"30\" data-end=\"246\">ZYN Watermelon Mint Slim obsahuje 6 mg nikotinu na s\u00e1\u010dek a m\u00e1 profil p\u0159\u00edchuti kombinuj\u00edc\u00ed melon a m\u00e1tu. Produkt je vyr\u00e1b\u011bn spole\u010dnost\u00ed Swedish Match a je prezentov\u00e1n ve form\u00e1tu \u00fazk\u00e9ho s\u00e1\u010dku.<\/p>\n<p data-start=\"248\" data-end=\"502\">Profil p\u0159\u00edchuti kombinuje sladk\u00fd melon se chladiv\u00fdm charakterem m\u00e1ty a vytv\u00e1\u0159\u00ed vyv\u00e1\u017eenou kombinaci ovoce a sv\u011b\u017eesti. Form\u00e1t Slim se skl\u00e1d\u00e1 z u\u017e\u0161\u00edch s\u00e1\u010dk\u016f navr\u017een\u00fdch tak, aby sed\u011bly rovnom\u011brn\u011b pod retem a poskytovaly diskr\u00e9tn\u00ed fit b\u011bhem pou\u017e\u00edv\u00e1n\u00ed.<\/p>\n<p data-start=\"504\" data-end=\"678\">Koncentrace nikotinu je 10 mg na gram, co\u017e odpov\u00edd\u00e1 6 mg nikotinu na s\u00e1\u010dek. Ka\u017ed\u00e1 plechovka obsahuje 20 s\u00e1\u010dk\u016f. \u00darove\u0148 nikotinu je klasifikov\u00e1na jako norm\u00e1ln\u00ed s\u00edla.<\/p>\n<p data-start=\"680\" data-end=\"877\">ZYN byl p\u0159edstaven v roce 2014 a vyvinula ho spole\u010dnost Swedish Match. Zna\u010dka nab\u00edz\u00ed nikotinov\u00e9 s\u00e1\u010dky v \u0159ad\u011b p\u0159\u00edchut\u00ed, sil a form\u00e1t\u016f. ZYN Watermelon Mint byl poprv\u00e9 spu\u0161t\u011bn na podzim 2025.<\/p>\n<table>\n<tbody>\n<tr>\n<td><b>Atribut<\/b><\/td>\n<td><b>Podrobnosti na<\/b><\/td>\n<\/tr>\n<tr>\n<td><span style=\"font-weight: 400;\">Zna\u010dka<\/span><\/td>\n<td><span style=\"font-weight: 400;\">ZYN<\/span><\/td>\n<\/tr>\n<tr>\n<td><span style=\"font-weight: 400;\">Typ v\u00fdrobku<\/span><\/td>\n<td><span style=\"font-weight: 400;\">V\u0161echny b\u00edl\u00e9 nikotinov\u00e9 s\u00e1\u010dky<\/span><\/td>\n<\/tr>\n<tr>\n<td><span style=\"font-weight: 400;\">Form\u00e1t<\/span><\/td>\n<td><span style=\"font-weight: 400;\">Slim<\/span><\/td>\n<\/tr>\n<tr>\n<td><span style=\"font-weight: 400;\">P\u0159\u00edchu\u0165<\/span><\/td>\n<td><span style=\"font-weight: 400;\">Meloun a m\u00e1ta<\/span><\/td>\n<\/tr>\n<tr>\n<td><span style=\"font-weight: 400;\">S\u00edla nikotinu<\/span><\/td>\n<td><span style=\"font-weight: 400;\">6 mg na s\u00e1\u010dek<\/span><\/td>\n<\/tr>\n<tr>\n<td><span style=\"font-weight: 400;\">Hmotnost porce<\/span><\/td>\n<td><span style=\"font-weight: 400;\">0,6 gramu<\/span><\/td>\n<\/tr>\n<tr>\n<td><span style=\"font-weight: 400;\">Po\u010det porc\u00ed<\/span><\/td>\n<td><span style=\"font-weight: 400;\">20 za plechovku<\/span><\/td>\n<\/tr>\n<tr>\n<td><span style=\"font-weight: 400;\">Celkov\u00e1 hmotnost plechovky<\/span><\/td>\n<td><span style=\"font-weight: 400;\">12 gram\u016f<\/span><\/td>\n<\/tr>\n<tr>\n<td><span style=\"font-weight: 400;\">V\u00fdrobce<\/span><\/td>\n<td><span style=\"font-weight: 400;\">\u0160v\u00e9dsk\u00e1 z\u00e1palka<\/span><\/td>\n<\/tr>\n<tr>\n<td><span style=\"font-weight: 400;\">Pozoruhodn\u00e9 funkce<\/span><\/td>\n<td><span style=\"font-weight: 400;\">Bez tab\u00e1ku, tenk\u00fd form\u00e1t<\/span><\/td>\n<\/tr>\n<\/tbody>\n<\/table>","protected":false},"excerpt":{"rendered":"<p>ZYN Watermelon Mint Slim obsahuje <strong data-start=\"950\" data-end=\"967\">6 mg nikotinu<\/strong> na s\u00e1\u010dek s profilem p\u0159\u00edchuti kombinuj\u00edc\u00ed melon a m\u00e1tu. Ka\u017ed\u00e1 plechovka obsahuje 20 <strong data-start=\"1052\" data-end=\"1060\">Slim<\/strong> s\u00e1\u010dk\u016f a je vyr\u00e1b\u011bna spole\u010dnost\u00ed Swedish Match. Koncentrace nikotinu je 10 mg na gram, co\u017e odpov\u00edd\u00e1 norm\u00e1ln\u00ed s\u00edle nikotinu.<\/p>","protected":false},"featured_media":93146,"comment_status":"open","ping_status":"closed","template":"","format":[206],"meta":{"_acf_changed":false},"product_brand":[],"product_cat":[37],"product_tag":[16559],"flavours":[199],"nicotine":[236,207],"class_list":{"0":"post-93139","1":"product","2":"type-product","3":"status-publish","4":"has-post-thumbnail","6":"product_cat-zyn","7":"product_tag-6-mg-pouch","8":"pa_quantity-1-pack","9":"pa_quantity-10-pack","10":"pa_quantity-3-pack","11":"pa_quantity-30-pack","12":"pa_quantity-5-pack","13":"pa_quantity-60-pack","14":"flavours-mint","15":"format-slim","16":"nicotine-strong","17":"nicotine-10-mg-g","19":"first","20":"instock","21":"taxable","22":"shipping-taxable","23":"purchasable","24":"product-type-variable"},"acf":[],"_links":{"self":[{"href":"https:\/\/whitelip.com\/cs\/wp-json\/wp\/v2\/product\/93139","targetHints":{"allow":["GET"]}}],"collection":[{"href":"https:\/\/whitelip.com\/cs\/wp-json\/wp\/v2\/product"}],"about":[{"href":"https:\/\/whitelip.com\/cs\/wp-json\/wp\/v2\/types\/product"}],"replies":[{"embeddable":true,"href":"https:\/\/whitelip.com\/cs\/wp-json\/wp\/v2\/comments?post=93139"}],"wp:featuredmedia":[{"embeddable":true,"href":"https:\/\/whitelip.com\/cs\/wp-json\/wp\/v2\/media\/93146"}],"wp:attachment":[{"href":"https:\/\/whitelip.com\/cs\/wp-json\/wp\/v2\/media?parent=93139"}],"wp:term":[{"taxonomy":"product_brand","embeddable":true,"href":"https:\/\/whitelip.com\/cs\/wp-json\/wp\/v2\/product_brand?post=93139"},{"taxonomy":"product_cat","embeddable":true,"href":"https:\/\/whitelip.com\/cs\/wp-json\/wp\/v2\/product_cat?post=93139"},{"taxonomy":"product_tag","embeddable":true,"href":"https:\/\/whitelip.com\/cs\/wp-json\/wp\/v2\/product_tag?post=93139"},{"taxonomy":"flavours","embeddable":true,"href":"https:\/\/whitelip.com\/cs\/wp-json\/wp\/v2\/flavours?post=93139"},{"taxonomy":"format","embeddable":true,"href":"https:\/\/whitelip.com\/cs\/wp-json\/wp\/v2\/format?post=93139"},{"taxonomy":"nicotine","embeddable":true,"href":"https:\/\/whitelip.com\/cs\/wp-json\/wp\/v2\/nicotine?post=93139"}],"curies":[{"name":"wp","href":"https:\/\/api.w.org\/{rel}","templated":true}]}}