{"id":93131,"date":"2026-04-02T12:34:56","date_gmt":"2026-04-02T12:34:56","guid":{"rendered":"https:\/\/whitelip.com\/?post_type=product&#038;p=93131"},"modified":"2026-05-11T11:04:15","modified_gmt":"2026-05-11T11:04:15","slug":"greatest-wasted-mango-strong","status":"publish","type":"product","link":"https:\/\/whitelip.com\/cs\/greatest\/greatest-wasted-mango-strong\/","title":{"rendered":"GREATEST Wasted Mango Strong"},"content":{"rendered":"<h1 data-section-id=\"yk2pjq\" data-start=\"273\" data-end=\"332\"><strong>Greatest Wasted Mango Strong<\/strong><\/h1>\n<p data-start=\"334\" data-end=\"640\">Greatest Wasted Mango Strong je b\u00edl\u00fd snus od zna\u010dky Greatest, vyr\u00e1b\u011bn\u00fd spole\u010dnost\u00ed Premium Pouch Global OY. Produkt pat\u0159\u00ed do kategorie nikotinov\u00fdch s\u00e1\u010dk\u016f a obsahuje nikotin, ale bez tab\u00e1ku. S\u00e1\u010dky jsou zcela b\u00edl\u00e9 a navr\u017eeny ve form\u00e1tu Slim, co\u017e znamen\u00e1 u\u017e\u0161\u00ed profil ve srovn\u00e1n\u00ed s tradi\u010dn\u00edm snusem. Produkt je klasifikov\u00e1n jako siln\u00fd na z\u00e1klad\u011b sv\u00e9ho obsahu nikotinu.<\/p>\n<h2 data-section-id=\"1ufkwb7\" data-start=\"642\" data-end=\"660\">P\u0159\u00edchu\u0165 a s\u00edla<\/h2>\n<p data-start=\"662\" data-end=\"875\">Tento b\u00edl\u00fd snus m\u00e1 profil p\u0159\u00edchuti manga. P\u0159\u00edchu\u0165 pat\u0159\u00ed do segmentu ovocn\u00fdch nikotinov\u00fdch s\u00e1\u010dk\u016f a li\u0161\u00ed se od klasick\u00fdch mintov\u00fdch a bor\u016fvkov\u00fdch alternativ. Ka\u017ed\u00fd s\u00e1\u010dek obsahuje p\u0159ibli\u017en\u011b 12 mg nikotinu, co\u017e odpov\u00edd\u00e1 1,67 %. Produkt je proto klasifikov\u00e1n jako siln\u00fd v r\u00e1mci segmentu nikotinov\u00fdch s\u00e1\u010dk\u016f.<\/p>\n<h2 data-section-id=\"1u8puf8\" data-start=\"877\" data-end=\"894\">Form\u00e1t pouzdra<\/h2>\n<p data-start=\"896\" data-end=\"1085\">Greatest Wasted Mango Strong je dod\u00e1v\u00e1n ve form\u00e1tu Slim. To znamen\u00e1, \u017ee s\u00e1\u010dky jsou u\u017e\u0161\u00ed a navr\u017eeny pro diskr\u00e9tn\u00ed um\u00edst\u011bn\u00ed pod ret. Form\u00e1t Slim se b\u011b\u017en\u011b pou\u017e\u00edv\u00e1 v b\u00edl\u00e9m snusu a modern\u00edch nikotinov\u00fdch s\u00e1\u010dc\u00edch.<\/p>\n<h2 data-section-id=\"14a1xfx\" data-start=\"1087\" data-end=\"1105\">O zna\u010dce Greatest snus<\/h2>\n<p data-start=\"1107\" data-end=\"1335\">Greatest je finsk\u00e1 zna\u010dka v kategorii nikotinov\u00fdch s\u00e1\u010dk\u016f. Produkty se vyzna\u010duj\u00ed zcela b\u00edl\u00fdmi s\u00e1\u010dky v diskr\u00e9tn\u00edch form\u00e1tech a jsou vyr\u00e1b\u011bny spole\u010dnost\u00ed Premium Pouch Global OY. Nab\u00eddka zahrnuje n\u011bkolik p\u0159\u00edchut\u00ed a sil v kategorii b\u00edl\u00e9ho snusu.<\/p>\n<table style=\"height: 235px;\" width=\"383\">\n<tbody>\n<tr>\n<td><b>Atribut<\/b><\/td>\n<td><b>Podrobnosti na<\/b><\/td>\n<\/tr>\n<tr>\n<td><strong>Zna\u010dka<\/strong><\/td>\n<td><a href=\"https:\/\/whitelip.com\/cs\/greatest\/\"><em><strong>Nejlep\u0161\u00ed<\/strong><\/em><\/a><\/td>\n<\/tr>\n<tr>\n<td><b>Form\u00e1t pouzdra<\/b><\/td>\n<td><em><strong><a href=\"https:\/\/whitelip.com\/cs\/format\/slim\/\">Slim<\/a><\/strong><\/em><\/td>\n<\/tr>\n<tr>\n<td><b>S\u00edla\u00a0<\/b><\/td>\n<td><a href=\"https:\/\/whitelip.com\/cs\/nicotine\/strong\/\"><em><strong>Siln\u00fd<\/strong><\/em><\/a><\/td>\n<\/tr>\n<tr>\n<td><b>V\u00fdrobce<\/b><\/td>\n<td><a href=\"https:\/\/whitelip.com\/cs\/greatest\/\"><em><strong>Premium Pouch Global OY<\/strong><\/em><\/a><\/td>\n<\/tr>\n<tr>\n<td><b>P\u0159\u00edchu\u0165<\/b><\/td>\n<td><span style=\"font-weight: 400;\">Mango<\/span><\/td>\n<\/tr>\n<tr>\n<td><b>Obsah nikotinu<\/b><\/td>\n<td><b><span style=\"font-weight: 400;\">\u00a012 mg na s\u00e1\u010dek<\/span><\/b><\/td>\n<\/tr>\n<tr>\n<td><b>Obsah na plechovku<\/b><\/td>\n<td><span style=\"font-weight: 400;\">14 g (20 s\u00e1\u010dk\u016f)<\/span><\/td>\n<\/tr>\n<tr>\n<td><b>Kategorie<\/b><\/td>\n<td><a href=\"https:\/\/whitelip.com\/cs\/snus\/\"><b><i>Nikotinov\u00e9 s\u00e1\u010dky<\/i><\/b><\/a><\/td>\n<\/tr>\n<tr>\n<td><b>Typ\u00a0<\/b><\/td>\n<td><b><span style=\"font-weight: 400;\">Celob\u00edl\u00e9 pouzdro<\/span><\/b><\/td>\n<\/tr>\n<\/tbody>\n<\/table>\n<p>&nbsp;<\/p>","protected":false},"excerpt":{"rendered":"<p>Greatest Wasted Mango Strong je \u00fazk\u00fd b\u00edl\u00fd nikotinov\u00fd s\u00e1\u010dek s p\u0159\u00edchut\u00ed manga.<\/p>","protected":false},"featured_media":93138,"comment_status":"open","ping_status":"closed","template":"","format":[206],"meta":{"_acf_changed":false},"product_brand":[],"product_cat":[87],"product_tag":[16561],"flavours":[196],"nicotine":[213,232],"class_list":{"0":"post-93131","1":"product","2":"type-product","3":"status-publish","4":"has-post-thumbnail","6":"product_cat-greatest","7":"product_tag-12-mg-pouch","8":"pa_quantity-1-pack","9":"pa_quantity-10-pack","10":"pa_quantity-3-pack","11":"pa_quantity-30-pack","12":"pa_quantity-5-pack","13":"pa_quantity-60-pack","14":"flavours-fruits-berries","15":"format-slim","16":"nicotine-16-mg-g","17":"nicotine-extra-strong","19":"first","20":"outofstock","21":"taxable","22":"shipping-taxable","23":"purchasable","24":"product-type-variable"},"acf":[],"_links":{"self":[{"href":"https:\/\/whitelip.com\/cs\/wp-json\/wp\/v2\/product\/93131","targetHints":{"allow":["GET"]}}],"collection":[{"href":"https:\/\/whitelip.com\/cs\/wp-json\/wp\/v2\/product"}],"about":[{"href":"https:\/\/whitelip.com\/cs\/wp-json\/wp\/v2\/types\/product"}],"replies":[{"embeddable":true,"href":"https:\/\/whitelip.com\/cs\/wp-json\/wp\/v2\/comments?post=93131"}],"wp:featuredmedia":[{"embeddable":true,"href":"https:\/\/whitelip.com\/cs\/wp-json\/wp\/v2\/media\/93138"}],"wp:attachment":[{"href":"https:\/\/whitelip.com\/cs\/wp-json\/wp\/v2\/media?parent=93131"}],"wp:term":[{"taxonomy":"product_brand","embeddable":true,"href":"https:\/\/whitelip.com\/cs\/wp-json\/wp\/v2\/product_brand?post=93131"},{"taxonomy":"product_cat","embeddable":true,"href":"https:\/\/whitelip.com\/cs\/wp-json\/wp\/v2\/product_cat?post=93131"},{"taxonomy":"product_tag","embeddable":true,"href":"https:\/\/whitelip.com\/cs\/wp-json\/wp\/v2\/product_tag?post=93131"},{"taxonomy":"flavours","embeddable":true,"href":"https:\/\/whitelip.com\/cs\/wp-json\/wp\/v2\/flavours?post=93131"},{"taxonomy":"format","embeddable":true,"href":"https:\/\/whitelip.com\/cs\/wp-json\/wp\/v2\/format?post=93131"},{"taxonomy":"nicotine","embeddable":true,"href":"https:\/\/whitelip.com\/cs\/wp-json\/wp\/v2\/nicotine?post=93131"}],"curies":[{"name":"wp","href":"https:\/\/api.w.org\/{rel}","templated":true}]}}