{"id":92116,"date":"2026-03-24T13:52:49","date_gmt":"2026-03-24T13:52:49","guid":{"rendered":"https:\/\/whitelip.com\/?post_type=product&#038;p=92116"},"modified":"2026-04-07T23:44:29","modified_gmt":"2026-04-07T23:44:29","slug":"outdare-rad-mint-6mg","status":"publish","type":"product","link":"https:\/\/whitelip.com\/cs\/uncategorized\/outdare-rad-mint-6mg\/","title":{"rendered":"OUTDARE Rad Mint 6mg"},"content":{"rendered":"<h2>OUTDARE Rad Mint 6mg<\/h2>\n<p data-start=\"30\" data-end=\"233\">OUTDARE Rad Mint Slim obsahuje 6 mg nikotinu na s\u00e1\u010dek a m\u00e1 p\u0159\u00edchu\u0165ov\u00fd profil zalo\u017een\u00fd na m\u00e1te. Produkt je dod\u00e1v\u00e1n ve form\u00e1tu Slim s\u00e1\u010dek navr\u017een\u00fd pro diskr\u00e9tn\u00ed um\u00edst\u011bn\u00ed pod rtem. P\u0159\u00edchu\u0165ov\u00fd profil se zam\u011b\u0159uje na m\u00e1tu s \u010distou a osv\u011b\u017euj\u00edc\u00ed charakteristikou. Form\u00e1t Slim se skl\u00e1d\u00e1 z u\u017e\u0161\u00edch s\u00e1\u010dk\u016f navr\u017een\u00fdch tak, aby sed\u011bly pod rtem a p\u0159itom si udr\u017eely n\u00edzk\u00fd profil b\u011bhem pou\u017e\u00edv\u00e1n\u00ed. Struktura s\u00e1\u010dku podporuje kontrolovan\u00e9 uvol\u0148ov\u00e1n\u00ed chuti a nikotinu v pr\u016fb\u011bhu \u010dasu. Ka\u017ed\u00fd s\u00e1\u010dek poskytuje 6 mg nikotinu, co\u017e za\u0159azuje produkt do kategorie ni\u017e\u0161\u00ed s\u00edly nikotinu. S\u00e1\u010dky jsou vyr\u00e1b\u011bny s \u00fapln\u011b b\u00edl\u00fdm slo\u017een\u00edm a jsou baleny do kompaktn\u00ed plechovky obsahuj\u00edc\u00ed v\u00edce s\u00e1\u010dk\u016f. Kombinace m\u00e1tov\u00e9 chuti, form\u00e1tu Slim a ni\u017e\u0161\u00ed hladiny nikotinu za\u0159azuje tento produkt do jemn\u00e9ho segmentu nikotin s\u00e1\u010dk\u016f \u0159ady OUTDARE.<\/p>\n<table>\n<tbody>\n<tr>\n<td><b>Atribut<\/b><\/td>\n<td><b>Podrobnosti na<\/b><\/td>\n<\/tr>\n<tr>\n<td><b>Obsah na plechovku<\/b><\/td>\n<td><span style=\"font-weight: 400;\">12 g (20 s\u00e1\u010dk\u016f)<\/span><\/td>\n<\/tr>\n<tr>\n<td><b>Obsah nikotinu<\/b><\/td>\n<td><span style=\"font-weight: 400;\">10 mg\/g (6 mg na s\u00e1\u010dek)<\/span><\/td>\n<\/tr>\n<tr>\n<td><b>Form\u00e1t pouzdra<\/b><\/td>\n<td><span style=\"font-weight: 400;\">Slim<\/span><\/td>\n<\/tr>\n<tr>\n<td><b>V\u00fdrobce<\/b><\/td>\n<td><span style=\"font-weight: 400;\">OutDare LLC<\/span><\/td>\n<\/tr>\n<tr>\n<td><b>P\u0159\u00edchu\u0165<\/b><\/td>\n<td><span style=\"font-weight: 400;\">M\u00e1tov\u00fd<\/span><\/td>\n<\/tr>\n<tr>\n<td><b>Typ<\/b><\/td>\n<td><span style=\"font-weight: 400;\">Celob\u00edl\u00e9 pouzdro<\/span><\/td>\n<\/tr>\n<\/tbody>\n<\/table>","protected":false},"excerpt":{"rendered":"<p>OUTDARE Rad Mint Slim obsahuje <strong data-start=\"976\" data-end=\"993\">6 mg nikotinu<\/strong> na s\u00e1\u010dek s p\u0159\u00edchu\u0165ov\u00fdm profilem m\u00e1ty. Form\u00e1t <strong data-start=\"1036\" data-end=\"1044\">Slim<\/strong> form\u00e1t s\u00e1\u010dku je navr\u017een pro diskr\u00e9tn\u00ed sezen\u00ed pod rtem a poskytuje kontrolovan\u00e9 uvol\u0148ov\u00e1n\u00ed chuti a nikotinu. Produkt je klasifikov\u00e1n jako ni\u017e\u0161\u00ed s\u00edla nikotinu.<\/p>","protected":false},"featured_media":92123,"comment_status":"open","ping_status":"closed","template":"","format":[206],"meta":{"_acf_changed":false},"product_brand":[],"product_cat":[15],"product_tag":[17015,16559],"flavours":[199],"nicotine":[207,236],"class_list":{"0":"post-92116","1":"product","2":"type-product","3":"status-publish","4":"has-post-thumbnail","6":"product_cat-uncategorized","7":"product_tag-50-off","8":"product_tag-6-mg-pouch","9":"pa_quantity-1-pack","10":"pa_quantity-10-pack","11":"pa_quantity-3-pack","12":"pa_quantity-30-pack","13":"pa_quantity-5-pack","14":"pa_quantity-60-pack","15":"flavours-mint","16":"format-slim","17":"nicotine-10-mg-g","18":"nicotine-strong","20":"first","21":"outofstock","22":"sale","23":"taxable","24":"shipping-taxable","25":"purchasable","26":"product-type-variable"},"acf":[],"_links":{"self":[{"href":"https:\/\/whitelip.com\/cs\/wp-json\/wp\/v2\/product\/92116","targetHints":{"allow":["GET"]}}],"collection":[{"href":"https:\/\/whitelip.com\/cs\/wp-json\/wp\/v2\/product"}],"about":[{"href":"https:\/\/whitelip.com\/cs\/wp-json\/wp\/v2\/types\/product"}],"replies":[{"embeddable":true,"href":"https:\/\/whitelip.com\/cs\/wp-json\/wp\/v2\/comments?post=92116"}],"wp:featuredmedia":[{"embeddable":true,"href":"https:\/\/whitelip.com\/cs\/wp-json\/wp\/v2\/media\/92123"}],"wp:attachment":[{"href":"https:\/\/whitelip.com\/cs\/wp-json\/wp\/v2\/media?parent=92116"}],"wp:term":[{"taxonomy":"product_brand","embeddable":true,"href":"https:\/\/whitelip.com\/cs\/wp-json\/wp\/v2\/product_brand?post=92116"},{"taxonomy":"product_cat","embeddable":true,"href":"https:\/\/whitelip.com\/cs\/wp-json\/wp\/v2\/product_cat?post=92116"},{"taxonomy":"product_tag","embeddable":true,"href":"https:\/\/whitelip.com\/cs\/wp-json\/wp\/v2\/product_tag?post=92116"},{"taxonomy":"flavours","embeddable":true,"href":"https:\/\/whitelip.com\/cs\/wp-json\/wp\/v2\/flavours?post=92116"},{"taxonomy":"format","embeddable":true,"href":"https:\/\/whitelip.com\/cs\/wp-json\/wp\/v2\/format?post=92116"},{"taxonomy":"nicotine","embeddable":true,"href":"https:\/\/whitelip.com\/cs\/wp-json\/wp\/v2\/nicotine?post=92116"}],"curies":[{"name":"wp","href":"https:\/\/api.w.org\/{rel}","templated":true}]}}