{"id":92089,"date":"2026-03-24T12:52:44","date_gmt":"2026-03-24T12:52:44","guid":{"rendered":"https:\/\/whitelip.com\/?post_type=product&#038;p=92089"},"modified":"2026-04-17T12:39:49","modified_gmt":"2026-04-17T12:39:49","slug":"apres-julmust","status":"publish","type":"product","link":"https:\/\/whitelip.com\/cs\/apres\/apres-julmust\/","title":{"rendered":"APR\u00c8S Julmust"},"content":{"rendered":"<h2>APR\u00c8S Julmust<\/h2>\n<p data-start=\"30\" data-end=\"256\">APR\u00c8S Julmust Slim obsahuje 4,4 mg nikotinu na s\u00e1\u010dek a m\u00e1 p\u0159\u00edchu\u0165ov\u00fd profil inspirovan\u00fd tradi\u010dn\u00edm \u0161v\u00e9dsk\u00fdm julmust. Produkt je vyr\u00e1b\u011bn spole\u010dnost\u00ed APR\u00c8S Nicotine AB a je dod\u00e1v\u00e1n ve form\u00e1tu Slim s\u00e1\u010dek. P\u0159\u00edchu\u0165ov\u00fd profil je zalo\u017een na julmust a kombinuje sladk\u00e9 a ko\u0159en\u011bn\u00e9 n\u00f3ty charakteristick\u00e9 pro klasick\u00fd \u0161v\u00e9dsk\u00fd n\u00e1poj. Form\u00e1t Slim se skl\u00e1d\u00e1 z u\u017e\u0161\u00edch s\u00e1\u010dk\u016f navr\u017een\u00fdch tak, aby sed\u011bly pod rtem, poskytuj\u00ed diskr\u00e9tn\u00ed a pohodln\u00e9 sezen\u00ed. S\u00e1\u010dky jsou zcela b\u00edl\u00e9 a vyvinuty tak, aby poskytovaly konzistentn\u00ed uvol\u0148ov\u00e1n\u00ed chuti a nikotinu b\u011bhem pou\u017e\u00edv\u00e1n\u00ed. Koncentrace nikotinu je 8 mg na gram, co\u017e odpov\u00edd\u00e1 4,4 mg nikotinu na s\u00e1\u010dek. Ka\u017ed\u00e1 plechovka obsahuje 20 s\u00e1\u010dk\u016f s celkov\u00fdm obsahem 11 gram\u016f. Hladina nikotinu je klasifikov\u00e1na jako n\u00edzk\u00e1. APR\u00c8S je zna\u010dka zam\u011b\u0159en\u00e1 na v\u00fdrobu nikotin s\u00e1\u010dk\u016f se vyv\u00e1\u017een\u00edm p\u0159\u00edchu\u0165ov\u00fdmi profily a konzistentn\u00ed kvalitou produktu. \u0158ada zahrnuje rozmanitost kategori\u00ed chut\u00ed, od m\u00e1ty a\u017e po ovoce a v\u00edce odli\u0161n\u00e9 profily jako je julmust, dostupn\u00e9 v r\u016fzn\u00fdch sil\u00e1ch a form\u00e1tech.<\/p>\n<table>\n<tbody>\n<tr>\n<td><b>Atribut<\/b><\/td>\n<td><b>Podrobnosti na<\/b><\/td>\n<\/tr>\n<tr>\n<td><b>Obsah na plechovku<\/b><\/td>\n<td><span style=\"font-weight: 400;\">11 g (20 s\u00e1\u010dk\u016f)<\/span><\/td>\n<\/tr>\n<tr>\n<td><b>Obsah nikotinu<\/b><\/td>\n<td><span style=\"font-weight: 400;\">8 mg\/g (4,4 mg na s\u00e1\u010dek)<\/span><\/td>\n<\/tr>\n<tr>\n<td><b>Form\u00e1t pouzdra<\/b><\/td>\n<td><span style=\"font-weight: 400;\">Slim<\/span><\/td>\n<\/tr>\n<tr>\n<td><b>V\u00fdrobce<\/b><\/td>\n<td><span style=\"font-weight: 400;\">APR\u00c8S Nicotine AB<\/span><\/td>\n<\/tr>\n<tr>\n<td><b>P\u0159\u00edchu\u0165<\/b><\/td>\n<td><span style=\"font-weight: 400;\">\u0160v\u00e9dsk\u00fd julmust<\/span><\/td>\n<\/tr>\n<tr>\n<td><b>Typ<\/b><\/td>\n<td><span style=\"font-weight: 400;\">Celob\u00edl\u00e9 pouzdro<\/span><\/td>\n<\/tr>\n<\/tbody>\n<\/table>","protected":false},"excerpt":{"rendered":"<p>APR\u00c8S <strong data-start=\"1143\" data-end=\"1159\">Julmust Slim<\/strong> obsahuje <strong data-start=\"1169\" data-end=\"1188\">4,4 mg nikotinu<\/strong> na s\u00e1\u010dek s p\u0159\u00edchu\u0165ov\u00fdm profilem inspirovan\u00fdm \u0161v\u00e9dsk\u00fdm julmust. Ka\u017ed\u00e1 plechovka obsahuje 20 <strong data-start=\"1271\" data-end=\"1279\">Slim<\/strong> s\u00e1\u010dk\u016f s celkovou hmotnost\u00ed 11 gram\u016f. Koncentrace nikotinu je 8 mg na gram, co\u017e odpov\u00edd\u00e1 n\u00edzk\u00e9 s\u00edle nikotinu.<\/p>","protected":false},"featured_media":92096,"comment_status":"open","ping_status":"closed","template":"","format":[206],"meta":{"_acf_changed":false},"product_brand":[],"product_cat":[41],"product_tag":[17014,16549],"flavours":[],"nicotine":[230,235],"class_list":{"0":"post-92089","1":"product","2":"type-product","3":"status-publish","4":"has-post-thumbnail","6":"product_cat-apres","7":"product_tag-35-off","8":"product_tag-4-4-mg-pouch","9":"pa_quantity-1-pack","10":"pa_quantity-10-pack","11":"pa_quantity-3-pack","12":"pa_quantity-30-pack","13":"pa_quantity-5-pack","14":"pa_quantity-60-pack","15":"format-slim","16":"nicotine-8-mg-g","17":"nicotine-normal","19":"first","20":"instock","21":"sale","22":"taxable","23":"shipping-taxable","24":"purchasable","25":"product-type-variable"},"acf":[],"_links":{"self":[{"href":"https:\/\/whitelip.com\/cs\/wp-json\/wp\/v2\/product\/92089","targetHints":{"allow":["GET"]}}],"collection":[{"href":"https:\/\/whitelip.com\/cs\/wp-json\/wp\/v2\/product"}],"about":[{"href":"https:\/\/whitelip.com\/cs\/wp-json\/wp\/v2\/types\/product"}],"replies":[{"embeddable":true,"href":"https:\/\/whitelip.com\/cs\/wp-json\/wp\/v2\/comments?post=92089"}],"wp:featuredmedia":[{"embeddable":true,"href":"https:\/\/whitelip.com\/cs\/wp-json\/wp\/v2\/media\/92096"}],"wp:attachment":[{"href":"https:\/\/whitelip.com\/cs\/wp-json\/wp\/v2\/media?parent=92089"}],"wp:term":[{"taxonomy":"product_brand","embeddable":true,"href":"https:\/\/whitelip.com\/cs\/wp-json\/wp\/v2\/product_brand?post=92089"},{"taxonomy":"product_cat","embeddable":true,"href":"https:\/\/whitelip.com\/cs\/wp-json\/wp\/v2\/product_cat?post=92089"},{"taxonomy":"product_tag","embeddable":true,"href":"https:\/\/whitelip.com\/cs\/wp-json\/wp\/v2\/product_tag?post=92089"},{"taxonomy":"flavours","embeddable":true,"href":"https:\/\/whitelip.com\/cs\/wp-json\/wp\/v2\/flavours?post=92089"},{"taxonomy":"format","embeddable":true,"href":"https:\/\/whitelip.com\/cs\/wp-json\/wp\/v2\/format?post=92089"},{"taxonomy":"nicotine","embeddable":true,"href":"https:\/\/whitelip.com\/cs\/wp-json\/wp\/v2\/nicotine?post=92089"}],"curies":[{"name":"wp","href":"https:\/\/api.w.org\/{rel}","templated":true}]}}