{"id":86596,"date":"2026-03-02T11:41:11","date_gmt":"2026-03-02T11:41:11","guid":{"rendered":"https:\/\/whitelip.com\/?post_type=product&#038;p=86596"},"modified":"2026-05-01T10:10:59","modified_gmt":"2026-05-01T10:10:59","slug":"zixs-licorice-slim-megacan","status":"publish","type":"product","link":"https:\/\/whitelip.com\/cs\/jumbo-can\/zixs-licorice-slim-megacan\/","title":{"rendered":"ZIXS L\u00e9ko\u0159ice Slim Jumbo Can"},"content":{"rendered":"<p data-start=\"30\" data-end=\"224\">ZIXS Licorice Slim Jumbo Canconobsahuje 10 mg nikotinu v jednom s\u00e1\u010dku a vyzna\u010duje se l\u00e9ko\u0159icovou p\u0159\u00edchut\u00ed. V\u00fdrobek je prezentov\u00e1n ve form\u00e1tu slim s\u00e1\u010dku a je dod\u00e1v\u00e1n v konfiguraci jumbo plechovky.<\/p>\n<p data-start=\"226\" data-end=\"491\">Chu\u0165ov\u00fd profil je zalo\u017een na l\u00e9ko\u0159ici s v\u00fdrazn\u00fdm a trval\u00fdm charakterem. Form\u00e1t Slim se skl\u00e1d\u00e1 z u\u017e\u0161\u00edch s\u00e1\u010dk\u016f navr\u017een\u00fdch tak, aby rovnom\u011brn\u011b sed\u011bly pod rty. Uvol\u0148ov\u00e1n\u00ed chuti je vyvinuto tak, aby z\u016fstalo konzistentn\u00ed a\u017e po dobu p\u0159ibli\u017en\u011b 30 minut b\u011bhem pou\u017e\u00edv\u00e1n\u00ed.<\/p>\n<p data-start=\"493\" data-end=\"750\">Ka\u017ed\u00fd s\u00e1\u010dek obsahuje 10 mg nikotinu. Jumbo plechovka obsahuje p\u0159ibli\u017en\u011b 320 s\u00e1\u010dk\u016f, co\u017e odpov\u00edd\u00e1 p\u0159ibli\u017en\u011b 16 standardn\u00edm plechovk\u00e1m. Velkoform\u00e1tov\u00e9 balen\u00ed m\u00e1 zajistit del\u0161\u00ed z\u00e1sobov\u00e1n\u00ed ve srovn\u00e1n\u00ed se standardn\u00edmi velikostmi plechovek.<\/p>\n<p data-start=\"752\" data-end=\"913\">Kombinace l\u00e9ko\u0159icov\u00e9 p\u0159\u00edchut\u011b, form\u00e1tu Slim a prezentace v podob\u011b velk\u00e9 plechovky definuje tento v\u00fdrobek v segmentu velkokapacitn\u00edch nikotinov\u00fdch s\u00e1\u010dk\u016f.<\/p>\n<table>\n<tbody>\n<tr>\n<td><b>Atribut<\/b><\/td>\n<td><b>Podrobnosti na<\/b><\/td>\n<\/tr>\n<tr>\n<td><b>Obsah na plechovku<\/b><\/td>\n<td><span style=\"font-weight: 400;\">320 s\u00e1\u010dk\u016f<\/span><\/td>\n<\/tr>\n<tr>\n<td><b>Obsah nikotinu<\/b><\/td>\n<td><span style=\"font-weight: 400;\">10 mg na s\u00e1\u010dek<\/span><\/td>\n<\/tr>\n<tr>\n<td><b>Form\u00e1t pouzdra<\/b><\/td>\n<td><span style=\"font-weight: 400;\">Slim<\/span><\/td>\n<\/tr>\n<tr>\n<td><b>V\u00fdrobce<\/b><\/td>\n<td><span style=\"font-weight: 400;\">\u0158\u00ed\u0161e N.G.P<\/span><\/td>\n<\/tr>\n<tr>\n<td><b>P\u0159\u00edchu\u0165<\/b><\/td>\n<td>L\u00e9ko\u0159ice<\/td>\n<\/tr>\n<tr>\n<td><b>Typ<\/b><\/td>\n<td><span style=\"font-weight: 400;\">Celob\u00edl\u00fd s\u00e1\u010dek, bez tab\u00e1ku<\/span><\/td>\n<\/tr>\n<\/tbody>\n<\/table>","protected":false},"excerpt":{"rendered":"<div class=\"flex flex-col text-sm pb-25\">\n<article class=\"text-token-text-primary w-full focus:outline-none [--shadow-height:45px] has-data-writing-block:pointer-events-none has-data-writing-block:-mt-(--shadow-height) has-data-writing-block:pt-(--shadow-height) [&amp;:has([data-writing-block])&gt;*]:pointer-events-auto scroll-mt-[calc(var(--header-height)+min(200px,max(70px,20svh)))]\" dir=\"auto\" tabindex=\"-1\" data-turn-id=\"request-WEB:7c378e38-7b05-4ab5-a6c8-dc6ba46f83f8-6\" data-testid=\"conversation-turn-14\" data-scroll-anchor=\"true\" data-turn=\"assistant\">\n<div class=\"text-base my-auto mx-auto pb-10 [--thread-content-margin:--spacing(4)] @w-sm\/main:[--thread-content-margin:--spacing(6)] @w-lg\/main:[--thread-content-margin:--spacing(16)] px-(--thread-content-margin)\">\n<div class=\"[--thread-content-max-width:40rem] @w-lg\/main:[--thread-content-max-width:48rem] mx-auto max-w-(--thread-content-max-width) flex-1 group\/turn-messages focus-visible:outline-hidden relative flex w-full min-w-0 flex-col agent-turn\" tabindex=\"-1\">\n<div class=\"flex max-w-full flex-col grow\">\n<div class=\"min-h-8 text-message relative flex w-full flex-col items-end gap-2 text-start break-words whitespace-normal [.text-message+&amp;]:mt-1\" dir=\"auto\" data-message-author-role=\"assistant\" data-message-id=\"f6a1e70d-7186-4654-8618-e568e5622b30\" data-message-model-slug=\"gpt-5-2\">\n<div class=\"flex w-full flex-col gap-1 empty:hidden first:pt-[1px]\">\n<div class=\"markdown prose dark:prose-invert w-full wrap-break-word dark markdown-new-styling\">\n<p data-start=\"948\" data-end=\"1165\" data-is-last-node=\"\" data-is-only-node=\"\">ZIXS Licorice Slim Jumbo Can contains <strong data-start=\"979\" data-end=\"997\">10 mg nicotine<\/strong> per pouch with a licorice flavor profile. The jumbo can includes approximately <strong>320 Slim<\/strong> pouches, providing a significantly larger volume than standard can formats.<\/p>\n<\/div>\n<\/div>\n<\/div>\n<\/div>\n<\/div>\n<\/div>\n<\/article>\n<\/div>\n","protected":false},"featured_media":86645,"comment_status":"open","ping_status":"closed","template":"","format":[206],"meta":{"_acf_changed":false},"product_brand":[],"product_cat":[92,39],"product_tag":[16587,16445],"flavours":[198],"nicotine":[218,232],"class_list":{"0":"post-86596","1":"product","2":"type-product","3":"status-publish","4":"has-post-thumbnail","6":"product_cat-jumbo-can","7":"product_cat-zxs","8":"product_tag-10-mg-pouch","9":"product_tag-20-off","10":"pa_quantity-1-pack","11":"pa_quantity-2-pack","12":"pa_quantity-3-pack","13":"flavours-licorice","14":"format-slim","15":"nicotine-20-mg-g","16":"nicotine-extra-strong","18":"first","19":"instock","20":"sale","21":"taxable","22":"shipping-taxable","23":"purchasable","24":"product-type-variable"},"acf":[],"_links":{"self":[{"href":"https:\/\/whitelip.com\/cs\/wp-json\/wp\/v2\/product\/86596","targetHints":{"allow":["GET"]}}],"collection":[{"href":"https:\/\/whitelip.com\/cs\/wp-json\/wp\/v2\/product"}],"about":[{"href":"https:\/\/whitelip.com\/cs\/wp-json\/wp\/v2\/types\/product"}],"replies":[{"embeddable":true,"href":"https:\/\/whitelip.com\/cs\/wp-json\/wp\/v2\/comments?post=86596"}],"wp:featuredmedia":[{"embeddable":true,"href":"https:\/\/whitelip.com\/cs\/wp-json\/wp\/v2\/media\/86645"}],"wp:attachment":[{"href":"https:\/\/whitelip.com\/cs\/wp-json\/wp\/v2\/media?parent=86596"}],"wp:term":[{"taxonomy":"product_brand","embeddable":true,"href":"https:\/\/whitelip.com\/cs\/wp-json\/wp\/v2\/product_brand?post=86596"},{"taxonomy":"product_cat","embeddable":true,"href":"https:\/\/whitelip.com\/cs\/wp-json\/wp\/v2\/product_cat?post=86596"},{"taxonomy":"product_tag","embeddable":true,"href":"https:\/\/whitelip.com\/cs\/wp-json\/wp\/v2\/product_tag?post=86596"},{"taxonomy":"flavours","embeddable":true,"href":"https:\/\/whitelip.com\/cs\/wp-json\/wp\/v2\/flavours?post=86596"},{"taxonomy":"format","embeddable":true,"href":"https:\/\/whitelip.com\/cs\/wp-json\/wp\/v2\/format?post=86596"},{"taxonomy":"nicotine","embeddable":true,"href":"https:\/\/whitelip.com\/cs\/wp-json\/wp\/v2\/nicotine?post=86596"}],"curies":[{"name":"wp","href":"https:\/\/api.w.org\/{rel}","templated":true}]}}