{"id":86331,"date":"2026-03-02T09:06:36","date_gmt":"2026-03-02T09:06:36","guid":{"rendered":"https:\/\/whitelip.com\/?post_type=product&#038;p=86331"},"modified":"2026-05-11T10:11:56","modified_gmt":"2026-05-11T10:11:56","slug":"greatest-cold-dry-easy","status":"publish","type":"product","link":"https:\/\/whitelip.com\/cs\/greatest\/greatest-cold-dry-easy\/","title":{"rendered":"GREATEST Cold Dry Easy"},"content":{"rendered":"<h2>GREATEST Cold Dry Easy<\/h2>\n<p data-start=\"30\" data-end=\"259\">Greatest Cold Dry Easy Mint Slim obsahuje 4 mg nikotinu v jednom s\u00e1\u010dku a vyr\u00e1b\u00ed se v tenk\u00e9m form\u00e1tu s m\u00e1tovou p\u0159\u00edchut\u00ed. V\u00fdrobek vyr\u00e1b\u00ed spole\u010dnost Premium Pouch OY a ka\u017ed\u00e1 plechovka obsahuje 20 s\u00e1\u010dk\u016f. P\u0159\u00edchu\u0165ov\u00fd profil je m\u00e1tov\u00fd s v\u00fdrazn\u011b chladiv\u00fdm charakterem. Form\u00e1t Slim se skl\u00e1d\u00e1 z u\u017e\u0161\u00edch s\u00e1\u010dk\u016f navr\u017een\u00fdch tak, aby rovnom\u011brn\u011b sed\u011bly pod rty. Konstrukce se vyzna\u010duje su\u0161\u0161\u00edm povrchem, co\u017e p\u0159isp\u00edv\u00e1 ke kontrolovan\u00e9mu a postupn\u00e9mu uvol\u0148ov\u00e1n\u00ed chuti a nikotinu v pr\u016fb\u011bhu \u010dasu. Ka\u017ed\u00fd s\u00e1\u010dek v\u00e1\u017e\u00ed 0,5 gramu. Obsah nikotinu je 0,80%, co\u017e odpov\u00edd\u00e1 4 mg nikotinu na s\u00e1\u010dek a p\u0159ibli\u017en\u011b 80 mg nikotinu na plechovku celkem. Such\u00e1 konstrukce s\u00e1\u010dku sni\u017euje po\u010d\u00e1te\u010dn\u00ed vlhkost a umo\u017e\u0148uje konzistentn\u011bj\u0161\u00ed uvol\u0148ov\u00e1n\u00ed ve srovn\u00e1n\u00ed s vlh\u010d\u00edmi form\u00e1ty. Kombinace m\u00e1tov\u00e9 p\u0159\u00edchuti, Slim form\u00e1tu a n\u00edzk\u00e9 s\u00edly nikotinu je vhodn\u00e1 pro u\u017eivatele, kte\u0159\u00ed hledaj\u00ed m\u00edrnou hladinu nikotinu s kontrolovan\u00fdm pod\u00e1v\u00e1n\u00edm.<\/p>\n<table>\n<tbody>\n<tr>\n<td><b>Atribut<\/b><\/td>\n<td><b>Podrobnosti na<\/b><\/td>\n<\/tr>\n<tr>\n<td><b>Obsah na plechovku<\/b><\/td>\n<td><span style=\"font-weight: 400;\">10 g (20 s\u00e1\u010dk\u016f)<\/span><\/td>\n<\/tr>\n<tr>\n<td><b>Obsah nikotinu<\/b><\/td>\n<td><span style=\"font-weight: 400;\">4 mg na s\u00e1\u010dek<\/span><\/td>\n<\/tr>\n<tr>\n<td><b>Form\u00e1t pouzdra<\/b><\/td>\n<td><span style=\"font-weight: 400;\">Slim<\/span><\/td>\n<\/tr>\n<tr>\n<td><b>V\u00fdrobce<\/b><\/td>\n<td><span style=\"font-weight: 400;\">Premium Pouch Finland Oy<\/span><\/td>\n<\/tr>\n<tr>\n<td><b>P\u0159\u00edchu\u0165<\/b><\/td>\n<td><span style=\"font-weight: 400;\">M\u00e1tov\u00fd<\/span><\/td>\n<\/tr>\n<tr>\n<td><b>Typ<\/b><\/td>\n<td><span style=\"font-weight: 400;\">Celob\u00edl\u00e9 pouzdro<\/span><\/td>\n<\/tr>\n<\/tbody>\n<\/table>","protected":false},"excerpt":{"rendered":"<p>Greatest Cold Dry Easy <strong data-start=\"1108\" data-end=\"1121\">Mint Slim<\/strong> obsahuje <strong data-start=\"1131\" data-end=\"1148\">4 mg nikotinu<\/strong> v jednom s\u00e1\u010dku s m\u00e1tovou p\u0159\u00edchut\u00ed a n\u00edzkou klasifikac\u00ed s\u00edly. Ka\u017ed\u00e1 plechovka obsahuje 20 s\u00e1\u010dk\u016f o hmotnosti 0,5 gramu. Such\u00fd <strong data-start=\"1273\" data-end=\"1281\">Slim<\/strong> poskytuje kontrolovan\u00e9 a postupn\u00e9 uvol\u0148ov\u00e1n\u00ed nikotinu.<\/p>","protected":false},"featured_media":86376,"comment_status":"open","ping_status":"closed","template":"","format":[206],"meta":{"_acf_changed":false},"product_brand":[],"product_cat":[87],"product_tag":[16585],"flavours":[199],"nicotine":[230,236],"class_list":{"0":"post-86331","1":"product","2":"type-product","3":"status-publish","4":"has-post-thumbnail","6":"product_cat-greatest","7":"product_tag-4-mg-pouch","8":"pa_quantity-1-pack","9":"pa_quantity-10-pack","10":"pa_quantity-3-pack","11":"pa_quantity-30-pack","12":"pa_quantity-5-pack","13":"pa_quantity-60-pack","14":"flavours-mint","15":"format-slim","16":"nicotine-8-mg-g","17":"nicotine-strong","19":"first","20":"instock","21":"taxable","22":"shipping-taxable","23":"purchasable","24":"product-type-variable"},"acf":[],"_links":{"self":[{"href":"https:\/\/whitelip.com\/cs\/wp-json\/wp\/v2\/product\/86331","targetHints":{"allow":["GET"]}}],"collection":[{"href":"https:\/\/whitelip.com\/cs\/wp-json\/wp\/v2\/product"}],"about":[{"href":"https:\/\/whitelip.com\/cs\/wp-json\/wp\/v2\/types\/product"}],"replies":[{"embeddable":true,"href":"https:\/\/whitelip.com\/cs\/wp-json\/wp\/v2\/comments?post=86331"}],"wp:featuredmedia":[{"embeddable":true,"href":"https:\/\/whitelip.com\/cs\/wp-json\/wp\/v2\/media\/86376"}],"wp:attachment":[{"href":"https:\/\/whitelip.com\/cs\/wp-json\/wp\/v2\/media?parent=86331"}],"wp:term":[{"taxonomy":"product_brand","embeddable":true,"href":"https:\/\/whitelip.com\/cs\/wp-json\/wp\/v2\/product_brand?post=86331"},{"taxonomy":"product_cat","embeddable":true,"href":"https:\/\/whitelip.com\/cs\/wp-json\/wp\/v2\/product_cat?post=86331"},{"taxonomy":"product_tag","embeddable":true,"href":"https:\/\/whitelip.com\/cs\/wp-json\/wp\/v2\/product_tag?post=86331"},{"taxonomy":"flavours","embeddable":true,"href":"https:\/\/whitelip.com\/cs\/wp-json\/wp\/v2\/flavours?post=86331"},{"taxonomy":"format","embeddable":true,"href":"https:\/\/whitelip.com\/cs\/wp-json\/wp\/v2\/format?post=86331"},{"taxonomy":"nicotine","embeddable":true,"href":"https:\/\/whitelip.com\/cs\/wp-json\/wp\/v2\/nicotine?post=86331"}],"curies":[{"name":"wp","href":"https:\/\/api.w.org\/{rel}","templated":true}]}}