{"id":8578,"date":"2024-11-28T12:48:31","date_gmt":"2024-11-28T12:48:31","guid":{"rendered":"https:\/\/whitelip.com\/greatest-cold-dry-16mg\/"},"modified":"2026-04-28T10:11:21","modified_gmt":"2026-04-28T10:11:21","slug":"greatest-cold-dry-16mg","status":"publish","type":"product","link":"https:\/\/whitelip.com\/cs\/greatest\/greatest-cold-dry-16mg\/","title":{"rendered":"GREATEST Cold Dry 16mg"},"content":{"rendered":"<h2><b>GREATEST Cold Dry 16mg<\/b><\/h2>\n<p><span style=\"font-weight: 400;\">GREATEST Cold Dry 16mg nikotinov\u00e9 s\u00e1\u010dky nab\u00edzej\u00ed osv\u011b\u017euj\u00edc\u00ed m\u00e1tovou p\u0159\u00edchu\u0165 v kombinaci se silou nikotinu 16 mg na gram, co\u017e odpov\u00edd\u00e1 p\u0159ibli\u017en\u011b 12 mg na s\u00e1\u010dek. Ka\u017ed\u00e1 plechovka obsahuje 20 s\u00e1\u010dk\u016f tenk\u00e9ho form\u00e1tu, kter\u00e9 jsou navr\u017eeny pro diskr\u00e9tn\u00ed pou\u017eit\u00ed bez zabarven\u00ed zub\u016f. Tyto s\u00e1\u010dky, vyr\u00e1b\u011bn\u00e9 finsk\u00fdm v\u00fdrobcem Puff &amp; Pouch, kter\u00fd je zn\u00e1m\u00fd spojen\u00edm modern\u00edch metod s tradi\u010dn\u00ed kvalitou, jsou p\u0159\u00edkladem vysok\u00fdch standard\u016f a inovativn\u00edch kombinac\u00ed chut\u00ed.<\/span><\/p>\n<table>\n<tbody>\n<tr>\n<td><b>Atribut<\/b><\/td>\n<td><b>Podrobnosti na<\/b><\/td>\n<\/tr>\n<tr>\n<td><b>Obsah na plechovku<\/b><\/td>\n<td><span style=\"font-weight: 400;\">12 g (20 s\u00e1\u010dk\u016f)<\/span><\/td>\n<\/tr>\n<tr>\n<td><b>Obsah nikotinu<\/b><\/td>\n<td><span style=\"font-weight: 400;\">16 mg\/g (12 mg na s\u00e1\u010dek)<\/span><\/td>\n<\/tr>\n<tr>\n<td><b>Form\u00e1t pouzdra<\/b><\/td>\n<td><span style=\"font-weight: 400;\">Slim<\/span><\/td>\n<\/tr>\n<tr>\n<td><b>V\u00fdrobce<\/b><\/td>\n<td><span style=\"font-weight: 400;\">Puff &amp; Pouch<\/span><\/td>\n<\/tr>\n<tr>\n<td><b>P\u0159\u00edchu\u0165<\/b><\/td>\n<td><span style=\"font-weight: 400;\">M\u00e1tov\u00fd<\/span><\/td>\n<\/tr>\n<tr>\n<td><b>Typ<\/b><\/td>\n<td><span style=\"font-weight: 400;\">Celob\u00edl\u00e9 pouzdro<\/span><\/td>\n<\/tr>\n<\/tbody>\n<\/table>","protected":false},"excerpt":{"rendered":"<p>Osv\u011b\u017euj\u00edc\u00ed <strong data-start=\"11\" data-end=\"19\">m\u00e1ta<\/strong> s \u010dist\u00fdm, chladiv\u00fdm profilem. <strong data-start=\"51\" data-end=\"59\">Slim<\/strong>, zcela b\u00edl\u00e9 s\u00e1\u010dky navr\u017een\u00e9 pro diskr\u00e9tn\u00ed pou\u017eit\u00ed bez zabarven\u00ed zub\u016f; 20 ks v plechovce. Ka\u017ed\u00fd s\u00e1\u010dek obsahuje <strong data-start=\"161\" data-end=\"179\">12 mg nikotinu<\/strong> (16 mg\/g), co\u017e p\u0159in\u00e1\u0161\u00ed st\u00e1l\u00fd a uspokojiv\u00fd kopanec. Vyrobeno spole\u010dnost\u00ed Puff &amp; Pouch (Finsko) pro zaji\u0161t\u011bn\u00ed st\u00e1l\u00e9 kvality.<\/p>","protected":false},"featured_media":8579,"comment_status":"open","ping_status":"closed","template":"","format":[206],"meta":{"_acf_changed":false},"product_brand":[],"product_cat":[87],"product_tag":[16561],"flavours":[199],"nicotine":[213,232],"class_list":{"0":"post-8578","1":"product","2":"type-product","3":"status-publish","4":"has-post-thumbnail","6":"product_cat-greatest","7":"product_tag-12-mg-pouch","8":"pa_quantity-1-pack","9":"pa_quantity-10-pack","10":"pa_quantity-3-pack","11":"pa_quantity-30-pack","12":"pa_quantity-5-pack","13":"pa_quantity-60-pack","14":"flavours-mint","15":"format-slim","16":"nicotine-16-mg-g","17":"nicotine-extra-strong","19":"first","20":"outofstock","21":"taxable","22":"shipping-taxable","23":"purchasable","24":"product-type-variable"},"acf":[],"_links":{"self":[{"href":"https:\/\/whitelip.com\/cs\/wp-json\/wp\/v2\/product\/8578","targetHints":{"allow":["GET"]}}],"collection":[{"href":"https:\/\/whitelip.com\/cs\/wp-json\/wp\/v2\/product"}],"about":[{"href":"https:\/\/whitelip.com\/cs\/wp-json\/wp\/v2\/types\/product"}],"replies":[{"embeddable":true,"href":"https:\/\/whitelip.com\/cs\/wp-json\/wp\/v2\/comments?post=8578"}],"wp:featuredmedia":[{"embeddable":true,"href":"https:\/\/whitelip.com\/cs\/wp-json\/wp\/v2\/media\/8579"}],"wp:attachment":[{"href":"https:\/\/whitelip.com\/cs\/wp-json\/wp\/v2\/media?parent=8578"}],"wp:term":[{"taxonomy":"product_brand","embeddable":true,"href":"https:\/\/whitelip.com\/cs\/wp-json\/wp\/v2\/product_brand?post=8578"},{"taxonomy":"product_cat","embeddable":true,"href":"https:\/\/whitelip.com\/cs\/wp-json\/wp\/v2\/product_cat?post=8578"},{"taxonomy":"product_tag","embeddable":true,"href":"https:\/\/whitelip.com\/cs\/wp-json\/wp\/v2\/product_tag?post=8578"},{"taxonomy":"flavours","embeddable":true,"href":"https:\/\/whitelip.com\/cs\/wp-json\/wp\/v2\/flavours?post=8578"},{"taxonomy":"format","embeddable":true,"href":"https:\/\/whitelip.com\/cs\/wp-json\/wp\/v2\/format?post=8578"},{"taxonomy":"nicotine","embeddable":true,"href":"https:\/\/whitelip.com\/cs\/wp-json\/wp\/v2\/nicotine?post=8578"}],"curies":[{"name":"wp","href":"https:\/\/api.w.org\/{rel}","templated":true}]}}