{"id":8572,"date":"2024-11-28T12:48:31","date_gmt":"2024-11-28T12:48:31","guid":{"rendered":"https:\/\/whitelip.com\/puff-pouch-freezy-citrus-4mg\/"},"modified":"2026-03-10T09:16:19","modified_gmt":"2026-03-10T09:16:19","slug":"puff-pouch-freezy-citrus-4mg","status":"publish","type":"product","link":"https:\/\/whitelip.com\/cs\/puff-pouch\/puff-pouch-freezy-citrus-4mg\/","title":{"rendered":"Puff &amp; Pouch Freezy Citrus 4mg"},"content":{"rendered":"<h2><strong>Puff &amp; Pouch Freezy Citrus 4mg<\/strong><\/h2>\n<p><span style=\"font-weight: 400;\">Puff &amp; Pouch Freezy Citrus 4 mg nikotinov\u00e9 s\u00e1\u010dky nab\u00edzej\u00ed jasnou a pikantn\u00ed citrusovou p\u0159\u00edchu\u0165, kter\u00e1 poskytuje osv\u011b\u017euj\u00edc\u00ed a m\u00edrn\u00fd nikotinov\u00fd z\u00e1\u017eitek. Tyto tenk\u00e9 beztab\u00e1kov\u00e9 s\u00e1\u010dky jsou navr\u017eeny pro diskr\u00e9tn\u00ed a pohodln\u00e9 pou\u017e\u00edv\u00e1n\u00ed a snadno se vejdou pod ret, abyste si je mohli u\u017e\u00edvat na cest\u00e1ch. D\u00edky ni\u017e\u0161\u00ed s\u00edle nikotinu je Puff &amp; Pouch Freezy Citrus 4 mg vynikaj\u00edc\u00ed volbou pro ty, kdo hledaj\u00ed jemnou a aromatickou variantu, kter\u00e1 je ide\u00e1ln\u00ed pro za\u010d\u00e1te\u010dn\u00edky nebo u\u017eivatele s n\u00edzkou hladinou nikotinu.<\/span><\/p>\n<table>\n<tbody>\n<tr>\n<td><b>Atribut<\/b><\/td>\n<td><b>Podrobnosti na<\/b><\/td>\n<\/tr>\n<tr>\n<td><span style=\"font-weight: 400;\">Obsah na plechovku<\/span><\/td>\n<td><span style=\"font-weight: 400;\">10 g (20 s\u00e1\u010dk\u016f)<\/span><\/td>\n<\/tr>\n<tr>\n<td><span style=\"font-weight: 400;\">Obsah nikotinu<\/span><\/td>\n<td><span style=\"font-weight: 400;\">8 mg\/g (4 mg na s\u00e1\u010dek)<\/span><\/td>\n<\/tr>\n<tr>\n<td><span style=\"font-weight: 400;\">Form\u00e1t pouzdra<\/span><\/td>\n<td><span style=\"font-weight: 400;\">Slim<\/span><\/td>\n<\/tr>\n<tr>\n<td><span style=\"font-weight: 400;\">V\u00fdrobce<\/span><\/td>\n<td><span style=\"font-weight: 400;\">Puff &amp; Pouch<\/span><\/td>\n<\/tr>\n<tr>\n<td><span style=\"font-weight: 400;\">P\u0159\u00edchu\u0165<\/span><\/td>\n<td><span style=\"font-weight: 400;\">Citrus<\/span><\/td>\n<\/tr>\n<tr>\n<td><span style=\"font-weight: 400;\">Typ<\/span><\/td>\n<td><span style=\"font-weight: 400;\">Celob\u00edl\u00fd s\u00e1\u010dek, bez tab\u00e1ku<\/span><\/td>\n<\/tr>\n<\/tbody>\n<\/table>","protected":false},"excerpt":{"rendered":"<p>S\u00e1\u010dky Puff &amp; Pouch Freezy Citrus 4 mg nikotinu p\u0159in\u00e1\u0161ej\u00ed z\u00e1\u0159ivou, pikantn\u00ed chu\u0165. <strong data-start=\"72\" data-end=\"89\">Mraziv\u00e9 citrusy<\/strong> osv\u011b\u017euj\u00edc\u00ed a jemnou chu\u0165. <strong data-start=\"132\" data-end=\"140\">Slim<\/strong>, beztab\u00e1kov\u00fd form\u00e1t pro diskr\u00e9tn\u00ed a pohodln\u00e9 pou\u017e\u00edv\u00e1n\u00ed na cest\u00e1ch. Ka\u017ed\u00fd s\u00e1\u010dek obsahuje <strong data-start=\"223\" data-end=\"240\">4 mg nikotinu<\/strong>. Ide\u00e1ln\u00ed pro za\u010d\u00e1te\u010dn\u00edky a nen\u00e1ro\u010dn\u00e9 u\u017eivatele.<\/p>","protected":false},"featured_media":8573,"comment_status":"open","ping_status":"closed","template":"","format":[206],"meta":{"_acf_changed":false},"product_brand":[],"product_cat":[86],"product_tag":[16585],"flavours":[190],"nicotine":[230,232],"class_list":{"0":"post-8572","1":"product","2":"type-product","3":"status-publish","4":"has-post-thumbnail","6":"product_cat-puff-pouch","7":"product_tag-4-mg-pouch","8":"pa_quantity-1-pack","9":"pa_quantity-10-pack","10":"pa_quantity-3-pack","11":"pa_quantity-30-pack","12":"pa_quantity-5-pack","13":"pa_quantity-60-pack","14":"flavours-citrus","15":"format-slim","16":"nicotine-8-mg-g","17":"nicotine-extra-strong","19":"first","20":"instock","21":"taxable","22":"shipping-taxable","23":"purchasable","24":"product-type-variable"},"acf":[],"_links":{"self":[{"href":"https:\/\/whitelip.com\/cs\/wp-json\/wp\/v2\/product\/8572","targetHints":{"allow":["GET"]}}],"collection":[{"href":"https:\/\/whitelip.com\/cs\/wp-json\/wp\/v2\/product"}],"about":[{"href":"https:\/\/whitelip.com\/cs\/wp-json\/wp\/v2\/types\/product"}],"replies":[{"embeddable":true,"href":"https:\/\/whitelip.com\/cs\/wp-json\/wp\/v2\/comments?post=8572"}],"wp:featuredmedia":[{"embeddable":true,"href":"https:\/\/whitelip.com\/cs\/wp-json\/wp\/v2\/media\/8573"}],"wp:attachment":[{"href":"https:\/\/whitelip.com\/cs\/wp-json\/wp\/v2\/media?parent=8572"}],"wp:term":[{"taxonomy":"product_brand","embeddable":true,"href":"https:\/\/whitelip.com\/cs\/wp-json\/wp\/v2\/product_brand?post=8572"},{"taxonomy":"product_cat","embeddable":true,"href":"https:\/\/whitelip.com\/cs\/wp-json\/wp\/v2\/product_cat?post=8572"},{"taxonomy":"product_tag","embeddable":true,"href":"https:\/\/whitelip.com\/cs\/wp-json\/wp\/v2\/product_tag?post=8572"},{"taxonomy":"flavours","embeddable":true,"href":"https:\/\/whitelip.com\/cs\/wp-json\/wp\/v2\/flavours?post=8572"},{"taxonomy":"format","embeddable":true,"href":"https:\/\/whitelip.com\/cs\/wp-json\/wp\/v2\/format?post=8572"},{"taxonomy":"nicotine","embeddable":true,"href":"https:\/\/whitelip.com\/cs\/wp-json\/wp\/v2\/nicotine?post=8572"}],"curies":[{"name":"wp","href":"https:\/\/api.w.org\/{rel}","templated":true}]}}