{"id":8564,"date":"2024-11-28T12:48:10","date_gmt":"2024-11-28T12:48:10","guid":{"rendered":"https:\/\/whitelip.com\/puff-pouch-crispy-12mg\/"},"modified":"2026-04-30T10:10:58","modified_gmt":"2026-04-30T10:10:58","slug":"puff-pouch-crispy-12mg","status":"publish","type":"product","link":"https:\/\/whitelip.com\/cs\/puff-pouch\/puff-pouch-crispy-12mg\/","title":{"rendered":"Puff &amp; Pouch Crispy 12mg"},"content":{"rendered":"<h2><strong>Puff &amp; Pouch Crispy 12mg<\/strong><\/h2>\n<p><span style=\"font-weight: 400;\">Nikotinov\u00e9 s\u00e1\u010dky Puff &amp; Pouch Crispy 12 mg p\u0159in\u00e1\u0161ej\u00ed sv\u011b\u017e\u00ed a osv\u011b\u017euj\u00edc\u00ed m\u00e1tovou p\u0159\u00edchu\u0165 a poskytuj\u00ed chladiv\u00fd a povzbuzuj\u00edc\u00ed nikotinov\u00fd z\u00e1\u017eitek. Tyto tenk\u00e9 beztab\u00e1kov\u00e9 s\u00e1\u010dky jsou vyrobeny pro diskr\u00e9tn\u00ed a pohodln\u00e9 pou\u017e\u00edv\u00e1n\u00ed a bez probl\u00e9m\u016f se vejdou pod ret. D\u00edky vy\u0161\u0161\u00ed s\u00edle nikotinu je Puff &amp; Pouch Crispy 12 mg ide\u00e1ln\u00ed pro u\u017eivatele, kte\u0159\u00ed maj\u00ed r\u00e1di v\u00fdrazn\u00fd m\u00e1tov\u00fd pocit spojen\u00fd s uspokojiv\u00fdm uvol\u0148ov\u00e1n\u00edm nikotinu.<\/span><\/p>\n<table>\n<tbody>\n<tr>\n<td><b>Atribut<\/b><\/td>\n<td><b>Podrobnosti na<\/b><\/td>\n<\/tr>\n<tr>\n<td><span style=\"font-weight: 400;\">Obsah na plechovku<\/span><\/td>\n<td><span style=\"font-weight: 400;\">10 g (20 s\u00e1\u010dk\u016f)<\/span><\/td>\n<\/tr>\n<tr>\n<td><span style=\"font-weight: 400;\">Obsah nikotinu<\/span><\/td>\n<td><span style=\"font-weight: 400;\">16 mg\/g (12 mg na s\u00e1\u010dek)<\/span><\/td>\n<\/tr>\n<tr>\n<td><span style=\"font-weight: 400;\">Form\u00e1t pouzdra<\/span><\/td>\n<td><span style=\"font-weight: 400;\">Slim<\/span><\/td>\n<\/tr>\n<tr>\n<td><span style=\"font-weight: 400;\">V\u00fdrobce<\/span><\/td>\n<td><span style=\"font-weight: 400;\">Puff &amp; Pouch<\/span><\/td>\n<\/tr>\n<tr>\n<td><span style=\"font-weight: 400;\">P\u0159\u00edchu\u0165<\/span><\/td>\n<td><span style=\"font-weight: 400;\">M\u00e1ta peprn\u00e1<\/span><\/td>\n<\/tr>\n<tr>\n<td><span style=\"font-weight: 400;\">Typ<\/span><\/td>\n<td><span style=\"font-weight: 400;\">Celob\u00edl\u00fd s\u00e1\u010dek, bez tab\u00e1ku<\/span><\/td>\n<\/tr>\n<\/tbody>\n<\/table>","protected":false},"excerpt":{"rendered":"<p>S\u00e1\u010dky Puff &amp; Pouch Crispy 12 mg nikotinu p\u0159in\u00e1\u0161ej\u00ed sv\u011b\u017e\u00ed, osv\u011b\u017euj\u00edc\u00ed chu\u0165. <strong data-start=\"70\" data-end=\"84\">M\u00e1ta peprn\u00e1<\/strong> p\u0159\u00edchu\u0165. <strong data-start=\"93\" data-end=\"101\">Slim<\/strong>, beztab\u00e1kov\u00fd form\u00e1t pro diskr\u00e9tn\u00ed a pohodln\u00e9 pou\u017e\u00edv\u00e1n\u00ed s chladiv\u00fdm, osv\u011b\u017euj\u00edc\u00edm uvoln\u011bn\u00edm. Ka\u017ed\u00fd s\u00e1\u010dek obsahuje <strong data-start=\"208\" data-end=\"226\">12 mg nikotinu<\/strong>.<\/p>","protected":false},"featured_media":3184,"comment_status":"open","ping_status":"closed","template":"","format":[206],"meta":{"_acf_changed":false},"product_brand":[],"product_cat":[86],"product_tag":[16561],"flavours":[199],"nicotine":[213,232],"class_list":{"0":"post-8564","1":"product","2":"type-product","3":"status-publish","4":"has-post-thumbnail","6":"product_cat-puff-pouch","7":"product_tag-12-mg-pouch","8":"pa_quantity-1-pack","9":"pa_quantity-10-pack","10":"pa_quantity-3-pack","11":"pa_quantity-30-pack","12":"pa_quantity-5-pack","13":"pa_quantity-60-pack","14":"flavours-mint","15":"format-slim","16":"nicotine-16-mg-g","17":"nicotine-extra-strong","19":"first","20":"outofstock","21":"taxable","22":"shipping-taxable","23":"purchasable","24":"product-type-variable"},"acf":[],"_links":{"self":[{"href":"https:\/\/whitelip.com\/cs\/wp-json\/wp\/v2\/product\/8564","targetHints":{"allow":["GET"]}}],"collection":[{"href":"https:\/\/whitelip.com\/cs\/wp-json\/wp\/v2\/product"}],"about":[{"href":"https:\/\/whitelip.com\/cs\/wp-json\/wp\/v2\/types\/product"}],"replies":[{"embeddable":true,"href":"https:\/\/whitelip.com\/cs\/wp-json\/wp\/v2\/comments?post=8564"}],"wp:featuredmedia":[{"embeddable":true,"href":"https:\/\/whitelip.com\/cs\/wp-json\/wp\/v2\/media\/3184"}],"wp:attachment":[{"href":"https:\/\/whitelip.com\/cs\/wp-json\/wp\/v2\/media?parent=8564"}],"wp:term":[{"taxonomy":"product_brand","embeddable":true,"href":"https:\/\/whitelip.com\/cs\/wp-json\/wp\/v2\/product_brand?post=8564"},{"taxonomy":"product_cat","embeddable":true,"href":"https:\/\/whitelip.com\/cs\/wp-json\/wp\/v2\/product_cat?post=8564"},{"taxonomy":"product_tag","embeddable":true,"href":"https:\/\/whitelip.com\/cs\/wp-json\/wp\/v2\/product_tag?post=8564"},{"taxonomy":"flavours","embeddable":true,"href":"https:\/\/whitelip.com\/cs\/wp-json\/wp\/v2\/flavours?post=8564"},{"taxonomy":"format","embeddable":true,"href":"https:\/\/whitelip.com\/cs\/wp-json\/wp\/v2\/format?post=8564"},{"taxonomy":"nicotine","embeddable":true,"href":"https:\/\/whitelip.com\/cs\/wp-json\/wp\/v2\/nicotine?post=8564"}],"curies":[{"name":"wp","href":"https:\/\/api.w.org\/{rel}","templated":true}]}}