{"id":8554,"date":"2024-11-28T12:48:09","date_gmt":"2024-11-28T12:48:09","guid":{"rendered":"https:\/\/whitelip.com\/zyn-red-fruits-9mg\/"},"modified":"2026-04-16T16:16:15","modified_gmt":"2026-04-16T16:16:15","slug":"zyn-red-fruits-9mg","status":"publish","type":"product","link":"https:\/\/whitelip.com\/cs\/zyn\/zyn-red-fruits-9mg\/","title":{"rendered":"ZYN Red Fruits 9mg"},"content":{"rendered":"<h2><b>ZYN Red Fruits 9mg<\/b><\/h2>\n<p><span style=\"font-weight: 400;\">ZYN Red Fruits 9 mg kombinuje <\/span><b>bohat\u00e1 sm\u011bs \u010derven\u00fdch bobul\u00ed<\/b><span style=\"font-weight: 400;\">, kter\u00e1 nab\u00edz\u00ed sladkou a pikantn\u00ed chu\u0165 s n\u00e1dechem jahod, malin a t\u0159e\u0161n\u00ed. Tato ovocn\u00e1 kombinace p\u0159in\u00e1\u0161\u00ed hladk\u00fd a osv\u011b\u017euj\u00edc\u00ed z\u00e1\u017eitek s m\u00edrn\u011b siln\u011bj\u0161\u00edm nikotinov\u00fdm n\u00e1dechem. Ka\u017ed\u00fd tenk\u00fd, zcela b\u00edl\u00fd s\u00e1\u010dek obsahuje <\/span><b>9 mg nikotinu<\/b><span style=\"font-weight: 400;\">, kter\u00e1 poskytuje siln\u00e9 a konzistentn\u00ed uvol\u0148ov\u00e1n\u00ed nikotinu pro u\u017eivatele, kte\u0159\u00ed d\u00e1vaj\u00ed p\u0159ednost vy\u0161\u0161\u00ed s\u00edle nikotinu a z\u00e1rove\u0148 si vychutn\u00e1vaj\u00ed v\u00fdraznou chu\u0165.<\/span><\/p>\n<p><span style=\"font-weight: 400;\">Tenk\u00fd form\u00e1t zaji\u0161\u0165uje diskr\u00e9tn\u00ed a pohodln\u00e9 ulo\u017een\u00ed pod rty a umo\u017e\u0148uje \u010dist\u00e9 pou\u017eit\u00ed beze skvrn kdekoli a kdykoli. ZYN Red Fruits 9 mg je zcela bez tab\u00e1ku a je vyroben z vysoce kvalitn\u00edch rostlinn\u00fdch materi\u00e1l\u016f a nab\u00edz\u00ed modern\u00ed nikotinovou alternativu s uspokojivou ovocnou chut\u00ed a spolehlivou silou.<\/span><\/p>\n<table>\n<tbody>\n<tr>\n<td><b>Atribut<\/b><\/td>\n<td><b>Podrobnosti na<\/b><\/td>\n<\/tr>\n<tr>\n<td><b>Zna\u010dka<\/b><\/td>\n<td><span style=\"font-weight: 400;\">ZYN<\/span><\/td>\n<\/tr>\n<tr>\n<td><b>Typ v\u00fdrobku<\/b><\/td>\n<td><span style=\"font-weight: 400;\">V\u0161echny b\u00edl\u00e9 nikotinov\u00e9 s\u00e1\u010dky<\/span><\/td>\n<\/tr>\n<tr>\n<td><b>Form\u00e1t<\/b><\/td>\n<td><span style=\"font-weight: 400;\">Slim<\/span><\/td>\n<\/tr>\n<tr>\n<td><b>P\u0159\u00edchu\u0165<\/b><\/td>\n<td><span style=\"font-weight: 400;\">\u010cerven\u00e9 ovoce (Bobule)<\/span><\/td>\n<\/tr>\n<tr>\n<td><b>S\u00edla nikotinu<\/b><\/td>\n<td><span style=\"font-weight: 400;\">9 mg na s\u00e1\u010dek<\/span><\/td>\n<\/tr>\n<tr>\n<td><b>Hmotnost porce<\/b><\/td>\n<td><span style=\"font-weight: 400;\">0,7 gramu<\/span><\/td>\n<\/tr>\n<tr>\n<td><b>Po\u010det porc\u00ed<\/b><\/td>\n<td><span style=\"font-weight: 400;\">21 za plechovku<\/span><\/td>\n<\/tr>\n<tr>\n<td><b>Celkov\u00e1 hmotnost plechovky<\/b><\/td>\n<td><span style=\"font-weight: 400;\">14,7 gram\u016f<\/span><\/td>\n<\/tr>\n<tr>\n<td><b>V\u00fdrobce<\/b><\/td>\n<td><span style=\"font-weight: 400;\">\u0160v\u00e9dsk\u00e1 z\u00e1palka<\/span><\/td>\n<\/tr>\n<tr>\n<td><b>Pozoruhodn\u00e9 funkce<\/b><\/td>\n<td><span style=\"font-weight: 400;\">Bez tab\u00e1ku, slim form\u00e1t, sladk\u00e1 a osv\u011b\u017euj\u00edc\u00ed p\u0159\u00edchu\u0165 lesn\u00edch plod\u016f<\/span><\/td>\n<\/tr>\n<\/tbody>\n<\/table>","protected":false},"excerpt":{"rendered":"<p><strong>Nov\u00fd design! B\u011bhem p\u0159echodu mohou b\u00fdt prod\u00e1v\u00e1ny oba designy.<\/strong><\/p>\n<p>ZYN <strong data-start=\"4\" data-end=\"18\">\u010cerven\u00e9 ovoce<\/strong> <strong data-start=\"19\" data-end=\"27\">9 mg<\/strong> m\u00eds\u00ed jahody, maliny a t\u0159e\u0161n\u011b a vytv\u00e1\u0159\u00ed tak sladko-tane\u010dn\u00ed, osv\u011b\u017euj\u00edc\u00ed profil. Na <strong data-start=\"118\" data-end=\"126\">slim<\/strong>, celob\u00edl\u00e1 pouzdra jsou diskr\u00e9tn\u00ed a pohodln\u00e1. Ka\u017ed\u00fd s\u00e1\u010dek obsahuje <strong data-start=\"196\" data-end=\"213\">9 mg nikotinu<\/strong> pro siln\u00e9 a konzistentn\u00ed uvoln\u011bn\u00ed.<\/p>","protected":false},"featured_media":8555,"comment_status":"open","ping_status":"closed","template":"","format":[205],"meta":{"_acf_changed":false},"product_brand":[],"product_cat":[37],"product_tag":[16563],"flavours":[196,199],"nicotine":[210,232],"class_list":{"0":"post-8554","1":"product","2":"type-product","3":"status-publish","4":"has-post-thumbnail","6":"product_cat-zyn","7":"product_tag-9-mg-pouch","8":"pa_quantity-1-pack","9":"pa_quantity-10-pack","10":"pa_quantity-3-pack","11":"pa_quantity-30-pack","12":"pa_quantity-5-pack","13":"pa_quantity-60-pack","14":"flavours-fruits-berries","15":"flavours-mint","16":"format-mini","17":"nicotine-13-mg-g","18":"nicotine-extra-strong","20":"first","21":"instock","22":"taxable","23":"shipping-taxable","24":"purchasable","25":"product-type-variable"},"acf":[],"_links":{"self":[{"href":"https:\/\/whitelip.com\/cs\/wp-json\/wp\/v2\/product\/8554","targetHints":{"allow":["GET"]}}],"collection":[{"href":"https:\/\/whitelip.com\/cs\/wp-json\/wp\/v2\/product"}],"about":[{"href":"https:\/\/whitelip.com\/cs\/wp-json\/wp\/v2\/types\/product"}],"replies":[{"embeddable":true,"href":"https:\/\/whitelip.com\/cs\/wp-json\/wp\/v2\/comments?post=8554"}],"wp:featuredmedia":[{"embeddable":true,"href":"https:\/\/whitelip.com\/cs\/wp-json\/wp\/v2\/media\/8555"}],"wp:attachment":[{"href":"https:\/\/whitelip.com\/cs\/wp-json\/wp\/v2\/media?parent=8554"}],"wp:term":[{"taxonomy":"product_brand","embeddable":true,"href":"https:\/\/whitelip.com\/cs\/wp-json\/wp\/v2\/product_brand?post=8554"},{"taxonomy":"product_cat","embeddable":true,"href":"https:\/\/whitelip.com\/cs\/wp-json\/wp\/v2\/product_cat?post=8554"},{"taxonomy":"product_tag","embeddable":true,"href":"https:\/\/whitelip.com\/cs\/wp-json\/wp\/v2\/product_tag?post=8554"},{"taxonomy":"flavours","embeddable":true,"href":"https:\/\/whitelip.com\/cs\/wp-json\/wp\/v2\/flavours?post=8554"},{"taxonomy":"format","embeddable":true,"href":"https:\/\/whitelip.com\/cs\/wp-json\/wp\/v2\/format?post=8554"},{"taxonomy":"nicotine","embeddable":true,"href":"https:\/\/whitelip.com\/cs\/wp-json\/wp\/v2\/nicotine?post=8554"}],"curies":[{"name":"wp","href":"https:\/\/api.w.org\/{rel}","templated":true}]}}