{"id":8548,"date":"2024-11-28T12:48:09","date_gmt":"2024-11-28T12:48:09","guid":{"rendered":"https:\/\/whitelip.com\/loop-spicy-apple-3\/"},"modified":"2026-04-30T10:10:58","modified_gmt":"2026-04-30T10:10:58","slug":"loop-spicy-apple-3","status":"publish","type":"product","link":"https:\/\/whitelip.com\/cs\/loop\/loop-spicy-apple-3\/","title":{"rendered":"LOOP Spicy Apple #3"},"content":{"rendered":"<h2><b>LOOP Spicy Apple #3<\/b><\/h2>\n<p><span style=\"font-weight: 400;\">LOOP Spicy Apple #3 p\u0159in\u00e1\u0161\u00ed \u017eivou sm\u011bs k\u0159upav\u00e9, sladk\u00e9 jable\u010dn\u00e9 chuti s jemn\u00fdm n\u00e1dechem ko\u0159en\u00ed, co\u017e vytv\u00e1\u0159\u00ed dynamick\u00fd a povzbuzuj\u00edc\u00ed chu\u0165ov\u00fd z\u00e1\u017eitek. Tyto tenk\u00e9 nikotinov\u00e9 s\u00e1\u010dky poskytuj\u00ed vyv\u00e1\u017eenou s\u00edlu nikotinu, tak\u017ee jsou ide\u00e1ln\u00ed pro u\u017eivatele, kte\u0159\u00ed hledaj\u00ed chu\u0165ov\u011b v\u00fdraznou, ale um\u00edrn\u011bnou variantu. LOOP Spicy Apple #3 je navr\u017een pro diskr\u00e9tn\u00ed a pohodln\u00e9 pou\u017e\u00edv\u00e1n\u00ed a je ide\u00e1ln\u00ed pro u\u017e\u00edv\u00e1n\u00ed na cest\u00e1ch. Jeho jedine\u010dn\u00e1 kombinace ovocn\u00fdch a ko\u0159en\u011bn\u00fdch t\u00f3n\u016f zaji\u0161\u0165uje osv\u011b\u017euj\u00edc\u00ed a uspokojuj\u00edc\u00ed z\u00e1\u017eitek.<\/span><\/p>\n<table>\n<tbody>\n<tr>\n<td><b>Atribut<\/b><\/td>\n<td><b>Podrobnosti na<\/b><\/td>\n<\/tr>\n<tr>\n<td><span style=\"font-weight: 400;\">Obsah na plechovku<\/span><\/td>\n<td><span style=\"font-weight: 400;\">12 g (20 s\u00e1\u010dk\u016f)<\/span><\/td>\n<\/tr>\n<tr>\n<td><span style=\"font-weight: 400;\">Obsah nikotinu<\/span><\/td>\n<td><span style=\"font-weight: 400;\">15 mg\/g<\/span><\/td>\n<\/tr>\n<tr>\n<td><span style=\"font-weight: 400;\">Form\u00e1t pouzdra<\/span><\/td>\n<td><span style=\"font-weight: 400;\">Slim<\/span><\/td>\n<\/tr>\n<tr>\n<td><span style=\"font-weight: 400;\">V\u00fdrobce<\/span><\/td>\n<td>LOOP<\/td>\n<\/tr>\n<tr>\n<td><span style=\"font-weight: 400;\">P\u0159\u00edchu\u0165<\/span><\/td>\n<td><span style=\"font-weight: 400;\">Pikantn\u00ed jablko<\/span><\/td>\n<\/tr>\n<tr>\n<td><span style=\"font-weight: 400;\">Typ<\/span><\/td>\n<td><span style=\"font-weight: 400;\">Celob\u00edl\u00fd s\u00e1\u010dek, bez tab\u00e1ku<\/span><\/td>\n<\/tr>\n<\/tbody>\n<\/table>","protected":false},"excerpt":{"rendered":"<p>K\u0159upav\u00fd, sladk\u00fd <strong data-start=\"13\" data-end=\"28\">ko\u0159en\u011bn\u00e9 jablko<\/strong> s jemn\u00fdm h\u0159ejiv\u00fdm ko\u0159en\u00edm pro dynamick\u00fd, povzbuzuj\u00edc\u00ed vzpruhu. <strong data-start=\"88\" data-end=\"96\">Slim<\/strong>, beztab\u00e1kov\u00e9 s\u00e1\u010dky diskr\u00e9tn\u011b sed\u00ed pod rtem pro pohodln\u00e9 pou\u017e\u00edv\u00e1n\u00ed na cest\u00e1ch s vyv\u00e1\u017eenou silou nikotinu.<\/p>","protected":false},"featured_media":8549,"comment_status":"open","ping_status":"closed","template":"","format":[206],"meta":{"_acf_changed":false},"product_brand":[],"product_cat":[32],"product_tag":[17011],"flavours":[187,196],"nicotine":[212,232],"class_list":{"0":"post-8548","1":"product","2":"type-product","3":"status-publish","4":"has-post-thumbnail","6":"product_cat-loop","7":"product_tag-9-4-mg-pouch","8":"pa_quantity-1-pack","9":"pa_quantity-10-pack","10":"pa_quantity-3-pack","11":"pa_quantity-30-pack","12":"pa_quantity-5-pack","13":"pa_quantity-60-pack","14":"flavours-chili","15":"flavours-fruits-berries","16":"format-slim","17":"nicotine-15-mg-g","18":"nicotine-extra-strong","20":"first","21":"instock","22":"taxable","23":"shipping-taxable","24":"purchasable","25":"product-type-variable"},"acf":[],"_links":{"self":[{"href":"https:\/\/whitelip.com\/cs\/wp-json\/wp\/v2\/product\/8548","targetHints":{"allow":["GET"]}}],"collection":[{"href":"https:\/\/whitelip.com\/cs\/wp-json\/wp\/v2\/product"}],"about":[{"href":"https:\/\/whitelip.com\/cs\/wp-json\/wp\/v2\/types\/product"}],"replies":[{"embeddable":true,"href":"https:\/\/whitelip.com\/cs\/wp-json\/wp\/v2\/comments?post=8548"}],"wp:featuredmedia":[{"embeddable":true,"href":"https:\/\/whitelip.com\/cs\/wp-json\/wp\/v2\/media\/8549"}],"wp:attachment":[{"href":"https:\/\/whitelip.com\/cs\/wp-json\/wp\/v2\/media?parent=8548"}],"wp:term":[{"taxonomy":"product_brand","embeddable":true,"href":"https:\/\/whitelip.com\/cs\/wp-json\/wp\/v2\/product_brand?post=8548"},{"taxonomy":"product_cat","embeddable":true,"href":"https:\/\/whitelip.com\/cs\/wp-json\/wp\/v2\/product_cat?post=8548"},{"taxonomy":"product_tag","embeddable":true,"href":"https:\/\/whitelip.com\/cs\/wp-json\/wp\/v2\/product_tag?post=8548"},{"taxonomy":"flavours","embeddable":true,"href":"https:\/\/whitelip.com\/cs\/wp-json\/wp\/v2\/flavours?post=8548"},{"taxonomy":"format","embeddable":true,"href":"https:\/\/whitelip.com\/cs\/wp-json\/wp\/v2\/format?post=8548"},{"taxonomy":"nicotine","embeddable":true,"href":"https:\/\/whitelip.com\/cs\/wp-json\/wp\/v2\/nicotine?post=8548"}],"curies":[{"name":"wp","href":"https:\/\/api.w.org\/{rel}","templated":true}]}}