{"id":8538,"date":"2024-11-28T12:48:08","date_gmt":"2024-11-28T12:48:08","guid":{"rendered":"https:\/\/whitelip.com\/zyn-cool-mint-slim-14mg\/"},"modified":"2026-05-09T10:11:04","modified_gmt":"2026-05-09T10:11:04","slug":"zyn-cool-mint-slim-14mg","status":"publish","type":"product","link":"https:\/\/whitelip.com\/cs\/zyn\/zyn-cool-mint-slim-14mg\/","title":{"rendered":"ZYN Cool Mint Slim 14mg"},"content":{"rendered":"<h2><b>ZYN Cool Mint Slim 14mg<\/b><\/h2>\n<p><span style=\"font-weight: 400;\">ZYN Cool Mint Slim 14 mg poskytuje <\/span><b>v\u00fdrazn\u00e1 a osv\u011b\u017euj\u00edc\u00ed m\u00e1tov\u00e1 p\u0159\u00edchu\u0165<\/b><span style=\"font-weight: 400;\">, ve spojen\u00ed s v\u00fdkonn\u00fdm <\/span><b>pocit chladu<\/b><span style=\"font-weight: 400;\"> kter\u00e1 povzbuzuje smysly. V\u00fdrazn\u00fd, sv\u011b\u017e\u00ed m\u00e1tov\u00fd profil je ide\u00e1ln\u00ed pro u\u017eivatele, kte\u0159\u00ed maj\u00ed r\u00e1di intenzivn\u00ed, \u010distou a osv\u011b\u017euj\u00edc\u00ed chu\u0165 s extra d\u00e1vkou nikotinu. Ka\u017ed\u00fd tenk\u00fd, zcela b\u00edl\u00fd s\u00e1\u010dek obsahuje <\/span><b>14 mg nikotinu<\/b><span style=\"font-weight: 400;\">, kter\u00e1 nab\u00edz\u00ed stabiln\u00ed a siln\u00e9 uvol\u0148ov\u00e1n\u00ed nikotinu pro u\u017eivatele, kte\u0159\u00ed hledaj\u00ed vy\u0161\u0161\u00ed s\u00edlu nikotinu.<\/span><\/p>\n<p><span style=\"font-weight: 400;\">Tenk\u00fd form\u00e1t zaji\u0161\u0165uje diskr\u00e9tn\u00ed a pohodln\u00e9 um\u00edst\u011bn\u00ed pod rty a poskytuje \u010dist\u00fd z\u00e1\u017eitek beze skvrn za v\u0161ech okolnost\u00ed. ZYN Cool Mint Slim 14 mg, kter\u00fd je zcela bez tab\u00e1ku a je vyroben z vysoce kvalitn\u00edch rostlinn\u00fdch materi\u00e1l\u016f, je modern\u00ed a spolehlivou nikotinovou alternativou pro ty, kte\u0159\u00ed tou\u017e\u00ed po v\u00fdrazn\u00e9 m\u00e1tov\u00e9 p\u0159\u00edchuti s intenzivn\u00edm chladiv\u00fdm \u00fa\u010dinkem.<\/span><\/p>\n<table>\n<tbody>\n<tr>\n<td><b>Atribut<\/b><\/td>\n<td><b>Podrobnosti na<\/b><\/td>\n<\/tr>\n<tr>\n<td><b>Zna\u010dka<\/b><\/td>\n<td><span style=\"font-weight: 400;\">ZYN<\/span><\/td>\n<\/tr>\n<tr>\n<td><b>Typ v\u00fdrobku<\/b><\/td>\n<td><span style=\"font-weight: 400;\">V\u0161echny b\u00edl\u00e9 nikotinov\u00e9 s\u00e1\u010dky<\/span><\/td>\n<\/tr>\n<tr>\n<td><b>Form\u00e1t<\/b><\/td>\n<td><span style=\"font-weight: 400;\">Slim<\/span><\/td>\n<\/tr>\n<tr>\n<td><b>P\u0159\u00edchu\u0165<\/b><\/td>\n<td><span style=\"font-weight: 400;\">Cool Mint<\/span><\/td>\n<\/tr>\n<tr>\n<td><b>S\u00edla nikotinu<\/b><\/td>\n<td><span style=\"font-weight: 400;\">14 mg v jednom s\u00e1\u010dku<\/span><\/td>\n<\/tr>\n<tr>\n<td><b>Hmotnost porce<\/b><\/td>\n<td><span style=\"font-weight: 400;\">0,7 gramu<\/span><\/td>\n<\/tr>\n<tr>\n<td><b>Po\u010det porc\u00ed<\/b><\/td>\n<td><span style=\"font-weight: 400;\">21 za plechovku<\/span><\/td>\n<\/tr>\n<tr>\n<td><b>Celkov\u00e1 hmotnost plechovky<\/b><\/td>\n<td><span style=\"font-weight: 400;\">14,7 gram\u016f<\/span><\/td>\n<\/tr>\n<tr>\n<td><b>V\u00fdrobce<\/b><\/td>\n<td><span style=\"font-weight: 400;\">\u0160v\u00e9dsk\u00e1 z\u00e1palka<\/span><\/td>\n<\/tr>\n<tr>\n<td><b>Pozoruhodn\u00e9 funkce<\/b><\/td>\n<td><span style=\"font-weight: 400;\">Bez tab\u00e1ku, tenk\u00fd form\u00e1t, intenzivn\u00ed m\u00e1tov\u00e1 p\u0159\u00edchu\u0165 s chladiv\u00fdm \u00fa\u010dinkem<\/span><\/td>\n<\/tr>\n<\/tbody>\n<\/table>","protected":false},"excerpt":{"rendered":"<p>ZYN <strong data-start=\"4\" data-end=\"17\">Cool Mint<\/strong> <strong data-start=\"18\" data-end=\"26\">slim<\/strong> p\u0159in\u00e1\u0161\u00ed v\u00fdraznou, osv\u011b\u017euj\u00edc\u00ed m\u00e1tu s v\u00fdrazn\u00fdm chladiv\u00fdm pocitem a \u010dist\u00fdm, intenzivn\u00edm profilem. Ka\u017ed\u00fd s\u00e1\u010dek obsahuje <strong data-start=\"142\" data-end=\"160\">14 mg nikotinu<\/strong> pro stabiln\u00ed a robustn\u00ed uvol\u0148ov\u00e1n\u00ed.<\/p>","protected":false},"featured_media":8539,"comment_status":"open","ping_status":"closed","template":"","format":[206],"meta":{"_acf_changed":false},"product_brand":[],"product_cat":[37],"product_tag":[16581,16445],"flavours":[199],"nicotine":[213,232],"class_list":{"0":"post-8538","1":"product","2":"type-product","3":"status-publish","4":"has-post-thumbnail","6":"product_cat-zyn","7":"product_tag-14-mg-pouch","8":"product_tag-20-off","9":"pa_quantity-1-pack","10":"pa_quantity-10-pack","11":"pa_quantity-3-pack","12":"pa_quantity-30-pack","13":"pa_quantity-5-pack","14":"pa_quantity-60-pack","15":"flavours-mint","16":"format-slim","17":"nicotine-16-mg-g","18":"nicotine-extra-strong","20":"first","21":"outofstock","22":"sale","23":"taxable","24":"shipping-taxable","25":"purchasable","26":"product-type-variable"},"acf":[],"_links":{"self":[{"href":"https:\/\/whitelip.com\/cs\/wp-json\/wp\/v2\/product\/8538","targetHints":{"allow":["GET"]}}],"collection":[{"href":"https:\/\/whitelip.com\/cs\/wp-json\/wp\/v2\/product"}],"about":[{"href":"https:\/\/whitelip.com\/cs\/wp-json\/wp\/v2\/types\/product"}],"replies":[{"embeddable":true,"href":"https:\/\/whitelip.com\/cs\/wp-json\/wp\/v2\/comments?post=8538"}],"wp:featuredmedia":[{"embeddable":true,"href":"https:\/\/whitelip.com\/cs\/wp-json\/wp\/v2\/media\/8539"}],"wp:attachment":[{"href":"https:\/\/whitelip.com\/cs\/wp-json\/wp\/v2\/media?parent=8538"}],"wp:term":[{"taxonomy":"product_brand","embeddable":true,"href":"https:\/\/whitelip.com\/cs\/wp-json\/wp\/v2\/product_brand?post=8538"},{"taxonomy":"product_cat","embeddable":true,"href":"https:\/\/whitelip.com\/cs\/wp-json\/wp\/v2\/product_cat?post=8538"},{"taxonomy":"product_tag","embeddable":true,"href":"https:\/\/whitelip.com\/cs\/wp-json\/wp\/v2\/product_tag?post=8538"},{"taxonomy":"flavours","embeddable":true,"href":"https:\/\/whitelip.com\/cs\/wp-json\/wp\/v2\/flavours?post=8538"},{"taxonomy":"format","embeddable":true,"href":"https:\/\/whitelip.com\/cs\/wp-json\/wp\/v2\/format?post=8538"},{"taxonomy":"nicotine","embeddable":true,"href":"https:\/\/whitelip.com\/cs\/wp-json\/wp\/v2\/nicotine?post=8538"}],"curies":[{"name":"wp","href":"https:\/\/api.w.org\/{rel}","templated":true}]}}