{"id":8534,"date":"2024-11-28T12:47:46","date_gmt":"2024-11-28T12:47:46","guid":{"rendered":"https:\/\/whitelip.com\/loop-creamy-cappuccino-3\/"},"modified":"2026-04-17T12:39:49","modified_gmt":"2026-04-17T12:39:49","slug":"loop-creamy-cappuccino-3","status":"publish","type":"product","link":"https:\/\/whitelip.com\/cs\/loop\/loop-creamy-cappuccino-3\/","title":{"rendered":"LOOP Kr\u00e9mov\u00e9 cappuccino #3"},"content":{"rendered":"<h2><b>LOOP Kr\u00e9mov\u00e9 cappuccino #3<\/b><\/h2>\n<p><span style=\"font-weight: 400;\">LOOP Creamy Cappuccino #3 p\u0159in\u00e1\u0161\u00ed bohatou a jemnou chu\u0165 klasick\u00e9ho cappuccina v tenk\u00e9m nikotinov\u00e9m s\u00e1\u010dku. S n\u00e1dechem sladkosti a sametov\u00fdm k\u00e1vov\u00fdm profilem p\u0159in\u00e1\u0161\u00ed tento s\u00e1\u010dek uklid\u0148uj\u00edc\u00ed a po\u017eitk\u00e1\u0159sk\u00fd nikotinov\u00fd z\u00e1\u017eitek. LOOP Creamy Cappuccino #3 je navr\u017een pro diskr\u00e9tn\u00ed pou\u017eit\u00ed a pohodln\u011b se vejde pod ret, tak\u017ee je ide\u00e1ln\u00ed pro milovn\u00edky k\u00e1vy, kte\u0159\u00ed hledaj\u00ed uspokojuj\u00edc\u00ed nikotinovou variantu na cest\u00e1ch. Jeho st\u0159edn\u00ed s\u00edla nikotinu zaji\u0161\u0165uje vyv\u00e1\u017een\u00fd a p\u0159\u00edjemn\u00fd z\u00e1\u017eitek.<\/span><\/p>\n<table>\n<tbody>\n<tr>\n<td><b>Atribut<\/b><\/td>\n<td><b>Podrobnosti na<\/b><\/td>\n<\/tr>\n<tr>\n<td><span style=\"font-weight: 400;\">Obsah na plechovku<\/span><\/td>\n<td><span style=\"font-weight: 400;\">12 g (20 s\u00e1\u010dk\u016f)<\/span><\/td>\n<\/tr>\n<tr>\n<td><span style=\"font-weight: 400;\">Obsah nikotinu<\/span><\/td>\n<td><span style=\"font-weight: 400;\">10 mg\/g<\/span><\/td>\n<\/tr>\n<tr>\n<td><span style=\"font-weight: 400;\">Form\u00e1t pouzdra<\/span><\/td>\n<td><span style=\"font-weight: 400;\">Slim<\/span><\/td>\n<\/tr>\n<tr>\n<td><span style=\"font-weight: 400;\">V\u00fdrobce<\/span><\/td>\n<td><span style=\"font-weight: 400;\">LOOP<\/span><\/td>\n<\/tr>\n<tr>\n<td><span style=\"font-weight: 400;\">P\u0159\u00edchu\u0165<\/span><\/td>\n<td><span style=\"font-weight: 400;\">Kr\u00e9mov\u00e9 cappuccino<\/span><\/td>\n<\/tr>\n<tr>\n<td><span style=\"font-weight: 400;\">Typ<\/span><\/td>\n<td><span style=\"font-weight: 400;\">Celob\u00edl\u00fd s\u00e1\u010dek, bez tab\u00e1ku<\/span><\/td>\n<\/tr>\n<\/tbody>\n<\/table>","protected":false},"excerpt":{"rendered":"<p>Bohat\u00fd, hladk\u00fd <strong data-start=\"13\" data-end=\"34\">kr\u00e9mov\u00e9 cappuccino<\/strong> se sametov\u00fdm k\u00e1vov\u00fdm profilem a n\u00e1dechem sladkosti. <strong data-start=\"91\" data-end=\"99\">Slim<\/strong>, beztab\u00e1kov\u00e9 s\u00e1\u010dky diskr\u00e9tn\u011b sed\u00ed pod rty a poskytuj\u00ed p\u0159\u00edjemn\u00fd, po\u017eitk\u00e1\u0159sk\u00fd vzhled s vyv\u00e1\u017eenou silou.<\/p>","protected":false},"featured_media":8535,"comment_status":"open","ping_status":"closed","template":"","format":[206],"meta":{"_acf_changed":false},"product_brand":[],"product_cat":[32],"product_tag":[17011],"flavours":[192],"nicotine":[212,232],"class_list":{"0":"post-8534","1":"product","2":"type-product","3":"status-publish","4":"has-post-thumbnail","6":"product_cat-loop","7":"product_tag-9-4-mg-pouch","8":"pa_quantity-1-pack","9":"pa_quantity-10-pack","10":"pa_quantity-3-pack","11":"pa_quantity-30-pack","12":"pa_quantity-5-pack","13":"pa_quantity-60-pack","14":"flavours-coffee","15":"format-slim","16":"nicotine-15-mg-g","17":"nicotine-extra-strong","19":"first","20":"instock","21":"taxable","22":"shipping-taxable","23":"purchasable","24":"product-type-variable"},"acf":[],"_links":{"self":[{"href":"https:\/\/whitelip.com\/cs\/wp-json\/wp\/v2\/product\/8534","targetHints":{"allow":["GET"]}}],"collection":[{"href":"https:\/\/whitelip.com\/cs\/wp-json\/wp\/v2\/product"}],"about":[{"href":"https:\/\/whitelip.com\/cs\/wp-json\/wp\/v2\/types\/product"}],"replies":[{"embeddable":true,"href":"https:\/\/whitelip.com\/cs\/wp-json\/wp\/v2\/comments?post=8534"}],"wp:featuredmedia":[{"embeddable":true,"href":"https:\/\/whitelip.com\/cs\/wp-json\/wp\/v2\/media\/8535"}],"wp:attachment":[{"href":"https:\/\/whitelip.com\/cs\/wp-json\/wp\/v2\/media?parent=8534"}],"wp:term":[{"taxonomy":"product_brand","embeddable":true,"href":"https:\/\/whitelip.com\/cs\/wp-json\/wp\/v2\/product_brand?post=8534"},{"taxonomy":"product_cat","embeddable":true,"href":"https:\/\/whitelip.com\/cs\/wp-json\/wp\/v2\/product_cat?post=8534"},{"taxonomy":"product_tag","embeddable":true,"href":"https:\/\/whitelip.com\/cs\/wp-json\/wp\/v2\/product_tag?post=8534"},{"taxonomy":"flavours","embeddable":true,"href":"https:\/\/whitelip.com\/cs\/wp-json\/wp\/v2\/flavours?post=8534"},{"taxonomy":"format","embeddable":true,"href":"https:\/\/whitelip.com\/cs\/wp-json\/wp\/v2\/format?post=8534"},{"taxonomy":"nicotine","embeddable":true,"href":"https:\/\/whitelip.com\/cs\/wp-json\/wp\/v2\/nicotine?post=8534"}],"curies":[{"name":"wp","href":"https:\/\/api.w.org\/{rel}","templated":true}]}}