{"id":8506,"date":"2024-11-28T12:47:21","date_gmt":"2024-11-28T12:47:21","guid":{"rendered":"https:\/\/whitelip.com\/kelly-white-sweet-melon-mint-slim\/"},"modified":"2026-04-11T19:03:33","modified_gmt":"2026-04-11T19:03:33","slug":"kelly-white-sweet-melon-mint-slim","status":"publish","type":"product","link":"https:\/\/whitelip.com\/cs\/kelly-white\/kelly-white-sweet-melon-mint-slim\/","title":{"rendered":"KELLY WHITE Sweet Melon Mint Slim"},"content":{"rendered":"<h2><b>Kelly White Sweet Melon Mint Slim<\/b><\/h2>\n<p><span style=\"font-weight: 400;\">Nikotinov\u00e9 s\u00e1\u010dky Kelly White Sweet Melon Mint Slim nab\u00edzej\u00ed osv\u011b\u017euj\u00edc\u00ed kombinaci p\u0159\u00edchut\u00ed sladk\u00e9ho melounu a m\u00e1ty. Ka\u017ed\u00fd tenk\u00fd s\u00e1\u010dek obsahuje 8 mg nikotinu na gram, co\u017e odpov\u00edd\u00e1 p\u0159ibli\u017en\u011b 4,8 mg na s\u00e1\u010dek, a poskytuje tak vyv\u00e1\u017een\u00fd z\u00e1\u017eitek vhodn\u00fd pro pravideln\u00e9 u\u017eivatele. S\u00e1\u010dky jsou navr\u017eeny pro diskr\u00e9tn\u00ed pou\u017eit\u00ed bez zabarven\u00ed zub\u016f, tak\u017ee jsou ide\u00e1ln\u00ed pro po\u017eitek na cest\u00e1ch. Tyto s\u00e1\u010dky, vyr\u00e1b\u011bn\u00e9 \u0161v\u00e9dskou spole\u010dnost\u00ed White Industries AB, kter\u00e1 je zn\u00e1m\u00e1 spojen\u00edm modern\u00edch postup\u016f s tradi\u010dn\u00ed kvalitou, jsou p\u0159\u00edkladem vysok\u00fdch standard\u016f a inovativn\u00edch kombinac\u00ed chut\u00ed.<\/span><\/p>\n<table>\n<tbody>\n<tr>\n<td><b>Atribut<\/b><\/td>\n<td><b>Podrobnosti na<\/b><\/td>\n<\/tr>\n<tr>\n<td><b>Obsah na plechovku<\/b><\/td>\n<td><span style=\"font-weight: 400;\">12 g (20 s\u00e1\u010dk\u016f)<\/span><\/td>\n<\/tr>\n<tr>\n<td><b>Obsah nikotinu<\/b><\/td>\n<td><span style=\"font-weight: 400;\">8 mg\/g (5 mg na s\u00e1\u010dek)<\/span><\/td>\n<\/tr>\n<tr>\n<td><b>Form\u00e1t pouzdra<\/b><\/td>\n<td><span style=\"font-weight: 400;\">Slim<\/span><\/td>\n<\/tr>\n<tr>\n<td><b>V\u00fdrobce<\/b><\/td>\n<td><span style=\"font-weight: 400;\">White Industries AB<\/span><\/td>\n<\/tr>\n<tr>\n<td><b>P\u0159\u00edchu\u0165<\/b><\/td>\n<td><span style=\"font-weight: 400;\">Sladk\u00fd meloun a m\u00e1ta<\/span><\/td>\n<\/tr>\n<tr>\n<td><b>Typ<\/b><\/td>\n<td><span style=\"font-weight: 400;\">Celob\u00edl\u00e9 pouzdro<\/span><\/td>\n<\/tr>\n<\/tbody>\n<\/table>","protected":false},"excerpt":{"rendered":"<p>Osv\u011b\u017euj\u00edc\u00ed <strong data-start=\"11\" data-end=\"31\">sladk\u00e1 melounov\u00e1 m\u00e1ta<\/strong> kombinace pro \u010dist\u00fd a chladiv\u00fd v\u00fdtah. <strong data-start=\"71\" data-end=\"79\">Slim<\/strong>, zcela b\u00edl\u00e9 s\u00e1\u010dky bez tab\u00e1ku se nen\u00e1padn\u011b um\u00edst\u00ed pod rty a nezanech\u00e1vaj\u00ed skvrny na zubech. Ka\u017ed\u00fd s\u00e1\u010dek obsahuje <strong data-start=\"185\" data-end=\"205\">~4,8 mg nikotinu<\/strong> (<strong data-start=\"207\" data-end=\"217\">8 mg\/g<\/strong>) a p\u0159in\u00e1\u0161\u00ed vyv\u00e1\u017een\u00fd a uspokojiv\u00fd z\u00e1\u017eitek.<\/p>","protected":false},"featured_media":92075,"comment_status":"open","ping_status":"closed","template":"","format":[206],"meta":{"_acf_changed":false},"product_brand":[],"product_cat":[83],"product_tag":[16636],"flavours":[196,199],"nicotine":[230,236],"class_list":{"0":"post-8506","1":"product","2":"type-product","3":"status-publish","4":"has-post-thumbnail","6":"product_cat-kelly-white","7":"product_tag-4-8-mg-pouch","8":"pa_quantity-1-pack","9":"pa_quantity-10-pack","10":"pa_quantity-3-pack","11":"pa_quantity-30-pack","12":"pa_quantity-5-pack","13":"pa_quantity-60-pack","14":"flavours-fruits-berries","15":"flavours-mint","16":"format-slim","17":"nicotine-8-mg-g","18":"nicotine-strong","20":"first","21":"outofstock","22":"taxable","23":"shipping-taxable","24":"purchasable","25":"product-type-variable"},"acf":[],"_links":{"self":[{"href":"https:\/\/whitelip.com\/cs\/wp-json\/wp\/v2\/product\/8506","targetHints":{"allow":["GET"]}}],"collection":[{"href":"https:\/\/whitelip.com\/cs\/wp-json\/wp\/v2\/product"}],"about":[{"href":"https:\/\/whitelip.com\/cs\/wp-json\/wp\/v2\/types\/product"}],"replies":[{"embeddable":true,"href":"https:\/\/whitelip.com\/cs\/wp-json\/wp\/v2\/comments?post=8506"}],"wp:featuredmedia":[{"embeddable":true,"href":"https:\/\/whitelip.com\/cs\/wp-json\/wp\/v2\/media\/92075"}],"wp:attachment":[{"href":"https:\/\/whitelip.com\/cs\/wp-json\/wp\/v2\/media?parent=8506"}],"wp:term":[{"taxonomy":"product_brand","embeddable":true,"href":"https:\/\/whitelip.com\/cs\/wp-json\/wp\/v2\/product_brand?post=8506"},{"taxonomy":"product_cat","embeddable":true,"href":"https:\/\/whitelip.com\/cs\/wp-json\/wp\/v2\/product_cat?post=8506"},{"taxonomy":"product_tag","embeddable":true,"href":"https:\/\/whitelip.com\/cs\/wp-json\/wp\/v2\/product_tag?post=8506"},{"taxonomy":"flavours","embeddable":true,"href":"https:\/\/whitelip.com\/cs\/wp-json\/wp\/v2\/flavours?post=8506"},{"taxonomy":"format","embeddable":true,"href":"https:\/\/whitelip.com\/cs\/wp-json\/wp\/v2\/format?post=8506"},{"taxonomy":"nicotine","embeddable":true,"href":"https:\/\/whitelip.com\/cs\/wp-json\/wp\/v2\/nicotine?post=8506"}],"curies":[{"name":"wp","href":"https:\/\/api.w.org\/{rel}","templated":true}]}}