{"id":8496,"date":"2024-11-28T12:46:58","date_gmt":"2024-11-28T12:46:58","guid":{"rendered":"https:\/\/whitelip.com\/loop-red-chili-melon-hyper-strong\/"},"modified":"2026-05-01T10:10:36","modified_gmt":"2026-05-01T10:10:36","slug":"loop-red-chili-melon-hyper-strong","status":"publish","type":"product","link":"https:\/\/whitelip.com\/cs\/loop\/loop-red-chili-melon-hyper-strong\/","title":{"rendered":"LOOP Red Chili Melon Hyper Strong"},"content":{"rendered":"<h2><b>LOOP Red Chili Melon Hyper Strong<\/b><\/h2>\n<p><span style=\"font-weight: 400;\">LOOP Red Chili Melon Hyper Strong p\u0159in\u00e1\u0161\u00ed odv\u00e1\u017enou kombinaci sladk\u00e9ho, \u0161\u0165avnat\u00e9ho melounu a ohniv\u00e9ho chilli, kter\u00e1 vytv\u00e1\u0159\u00ed intenzivn\u00ed a jedine\u010dn\u00fd chu\u0165ov\u00fd profil. Tyto tenk\u00e9 nikotinov\u00e9 s\u00e1\u010dky jsou ur\u010deny pro zku\u0161en\u00e9 u\u017eivatele, kte\u0159\u00ed hledaj\u00ed odv\u00e1\u017en\u00fd a siln\u00fd nikotinov\u00fd z\u00e1\u017eitek. D\u00edky vysok\u00e9mu obsahu nikotinu poskytuje LOOP Red Chili Melon Hyper Strong siln\u00fd a z\u00e1rove\u0148 uspokojiv\u00fd pocit. Tyto s\u00e1\u010dky jsou navr\u017eeny pro diskr\u00e9tn\u00ed pou\u017eit\u00ed, pohodln\u011b se vejdou pod ret a zaji\u0161\u0165uj\u00ed pohodlnou a povzbuzuj\u00edc\u00ed volbu pro ka\u017ed\u00e9 prost\u0159ed\u00ed.<\/span><\/p>\n<table>\n<tbody>\n<tr>\n<td><b>Atribut<\/b><\/td>\n<td><b>Podrobnosti na<\/b><\/td>\n<\/tr>\n<tr>\n<td><span style=\"font-weight: 400;\">Obsah na plechovku<\/span><\/td>\n<td><span style=\"font-weight: 400;\">12 g (20 s\u00e1\u010dk\u016f)<\/span><\/td>\n<\/tr>\n<tr>\n<td><span style=\"font-weight: 400;\">Obsah nikotinu<\/span><\/td>\n<td><span style=\"font-weight: 400;\">25 mg\/g<\/span><\/td>\n<\/tr>\n<tr>\n<td><span style=\"font-weight: 400;\">Form\u00e1t pouzdra<\/span><\/td>\n<td><span style=\"font-weight: 400;\">Slim<\/span><\/td>\n<\/tr>\n<tr>\n<td><span style=\"font-weight: 400;\">V\u00fdrobce<\/span><\/td>\n<td><span style=\"font-weight: 400;\">LOOP<\/span><\/td>\n<\/tr>\n<tr>\n<td><span style=\"font-weight: 400;\">P\u0159\u00edchu\u0165<\/span><\/td>\n<td><span style=\"font-weight: 400;\">\u010cerven\u00e9 chilli a meloun<\/span><\/td>\n<\/tr>\n<tr>\n<td><span style=\"font-weight: 400;\">Typ<\/span><\/td>\n<td><span style=\"font-weight: 400;\">Celob\u00edl\u00fd s\u00e1\u010dek, bez tab\u00e1ku<\/span><\/td>\n<\/tr>\n<\/tbody>\n<\/table>","protected":false},"excerpt":{"rendered":"<p>Odv\u00e1\u017en\u00e9 <strong data-start=\"7\" data-end=\"26\">\u010derven\u00fd chilli meloun<\/strong> s ohniv\u00fdm n\u00e1dechem pro intenzivn\u00ed a jedine\u010dnou chu\u0165. <strong data-start=\"75\" data-end=\"83\">Slim<\/strong>, beztab\u00e1kov\u00e9 s\u00e1\u010dky se diskr\u00e9tn\u011b um\u00eds\u0165uj\u00ed pod rty a umo\u017e\u0148uj\u00ed pohodln\u00e9 pou\u017e\u00edv\u00e1n\u00ed. <strong>Hyper Strong<\/strong> obsah nikotinu p\u0159in\u00e1\u0161\u00ed zku\u0161en\u00e9mu u\u017eivateli siln\u00fd a z\u00e1rove\u0148 uspokojiv\u00fd pocit.<\/p>","protected":false},"featured_media":8497,"comment_status":"open","ping_status":"closed","template":"","format":[206],"meta":{"_acf_changed":false},"product_brand":[],"product_cat":[32],"product_tag":[17005],"flavours":[187,196],"nicotine":[219,232],"class_list":{"0":"post-8496","1":"product","2":"type-product","3":"status-publish","4":"has-post-thumbnail","6":"product_cat-loop","7":"product_tag-15-6-mg-pouch","8":"pa_quantity-1-pack","9":"pa_quantity-10-pack","10":"pa_quantity-3-pack","11":"pa_quantity-30-pack","12":"pa_quantity-5-pack","13":"pa_quantity-60-pack","14":"flavours-chili","15":"flavours-fruits-berries","16":"format-slim","17":"nicotine-25-mg-g","18":"nicotine-extra-strong","20":"first","21":"instock","22":"taxable","23":"shipping-taxable","24":"purchasable","25":"product-type-variable"},"acf":[],"_links":{"self":[{"href":"https:\/\/whitelip.com\/cs\/wp-json\/wp\/v2\/product\/8496","targetHints":{"allow":["GET"]}}],"collection":[{"href":"https:\/\/whitelip.com\/cs\/wp-json\/wp\/v2\/product"}],"about":[{"href":"https:\/\/whitelip.com\/cs\/wp-json\/wp\/v2\/types\/product"}],"replies":[{"embeddable":true,"href":"https:\/\/whitelip.com\/cs\/wp-json\/wp\/v2\/comments?post=8496"}],"wp:featuredmedia":[{"embeddable":true,"href":"https:\/\/whitelip.com\/cs\/wp-json\/wp\/v2\/media\/8497"}],"wp:attachment":[{"href":"https:\/\/whitelip.com\/cs\/wp-json\/wp\/v2\/media?parent=8496"}],"wp:term":[{"taxonomy":"product_brand","embeddable":true,"href":"https:\/\/whitelip.com\/cs\/wp-json\/wp\/v2\/product_brand?post=8496"},{"taxonomy":"product_cat","embeddable":true,"href":"https:\/\/whitelip.com\/cs\/wp-json\/wp\/v2\/product_cat?post=8496"},{"taxonomy":"product_tag","embeddable":true,"href":"https:\/\/whitelip.com\/cs\/wp-json\/wp\/v2\/product_tag?post=8496"},{"taxonomy":"flavours","embeddable":true,"href":"https:\/\/whitelip.com\/cs\/wp-json\/wp\/v2\/flavours?post=8496"},{"taxonomy":"format","embeddable":true,"href":"https:\/\/whitelip.com\/cs\/wp-json\/wp\/v2\/format?post=8496"},{"taxonomy":"nicotine","embeddable":true,"href":"https:\/\/whitelip.com\/cs\/wp-json\/wp\/v2\/nicotine?post=8496"}],"curies":[{"name":"wp","href":"https:\/\/api.w.org\/{rel}","templated":true}]}}