{"id":8492,"date":"2024-12-20T19:39:27","date_gmt":"2024-12-20T19:39:27","guid":{"rendered":"https:\/\/whitelip.com\/xqs-chili-mango-strong\/"},"modified":"2026-04-13T17:36:46","modified_gmt":"2026-04-13T17:36:46","slug":"xqs-chili-mango-strong","status":"publish","type":"product","link":"https:\/\/whitelip.com\/cs\/xqs\/xqs-chili-mango-strong\/","title":{"rendered":"XQS Chili Mango Strong"},"content":{"rendered":"<h2><b>XQS Chili Mango Strong<\/b><\/h2>\n<p><span style=\"font-weight: 400;\">XQS Chili Mango Strong nab\u00edz\u00ed odv\u00e1\u017enou a exotickou kombinaci chut\u00ed, ve kter\u00e9 se m\u00eds\u00ed chuti <\/span><b>sladk\u00e1 tropick\u00e1 chu\u0165 zral\u00e9ho manga<\/b><span style=\"font-weight: 400;\"> s ohniv\u00fdm n\u00e1dechem <\/span><b>pikantn\u00ed chilli<\/b><span style=\"font-weight: 400;\">. Toto jedine\u010dn\u00e9 spojen\u00ed vytv\u00e1\u0159\u00ed vyv\u00e1\u017een\u00fd z\u00e1\u017eitek, kter\u00fd p\u0159in\u00e1\u0161\u00ed sladkost i p\u00e1livost pro ty, kte\u0159\u00ed maj\u00ed r\u00e1di dobrodru\u017en\u00e9 a \u017eiv\u00e9 chut\u011b. Ka\u017ed\u00fd tenk\u00fd, zcela b\u00edl\u00fd s\u00e1\u010dek obsahuje <\/span><b>10 mg nikotinu<\/b><span style=\"font-weight: 400;\">, kter\u00e1 poskytuje siln\u00e9 a konzistentn\u00ed uvoln\u011bn\u00ed pro u\u017eivatele, kte\u0159\u00ed hledaj\u00ed uspokojiv\u00fd nikotinov\u00fd n\u00e1boj.<\/span><\/p>\n<p><span style=\"font-weight: 400;\">Tenk\u00fd form\u00e1t zaji\u0161\u0165uje pohodln\u00e9 a diskr\u00e9tn\u00ed ulo\u017een\u00ed pod rty, co\u017e umo\u017e\u0148uje \u010dist\u00e9 a beze skvrn pou\u017eit\u00ed kdykoli a kdekoli. XQS Chili Mango Strong, vyroben\u00fd zcela bez tab\u00e1ku a z vysoce kvalitn\u00edch rostlinn\u00fdch vl\u00e1ken, p\u0159in\u00e1\u0161\u00ed modern\u00ed nikotinov\u00fd z\u00e1\u017eitek se vzru\u0161uj\u00edc\u00ed p\u0159\u00edchut\u00ed tropick\u00e9 sladkosti a ko\u0159en\u00ed. Ide\u00e1ln\u00ed pro u\u017eivatele, kte\u0159\u00ed hledaj\u00ed osv\u011b\u017euj\u00edc\u00ed a ohnivou kombinaci ve sv\u00fdch nikotinov\u00fdch s\u00e1\u010dc\u00edch.<\/span><\/p>\n<table>\n<tbody>\n<tr>\n<td><b>Atribut<\/b><\/td>\n<td><b>Podrobnosti na<\/b><\/td>\n<\/tr>\n<tr>\n<td><b>Zna\u010dka<\/b><\/td>\n<td><span style=\"font-weight: 400;\">XQS<\/span><\/td>\n<\/tr>\n<tr>\n<td><b>Typ v\u00fdrobku<\/b><\/td>\n<td><span style=\"font-weight: 400;\">V\u0161echny b\u00edl\u00e9 nikotinov\u00e9 s\u00e1\u010dky<\/span><\/td>\n<\/tr>\n<tr>\n<td><b>Form\u00e1t<\/b><\/td>\n<td><span style=\"font-weight: 400;\">Slim<\/span><\/td>\n<\/tr>\n<tr>\n<td><b>P\u0159\u00edchu\u0165<\/b><\/td>\n<td><span style=\"font-weight: 400;\">Mango a chilli<\/span><\/td>\n<\/tr>\n<tr>\n<td><b>S\u00edla nikotinu<\/b><\/td>\n<td><span style=\"font-weight: 400;\">10 mg na s\u00e1\u010dek (13 mg\/g)<\/span><\/td>\n<\/tr>\n<tr>\n<td><b>Hmotnost porce<\/b><\/td>\n<td><span style=\"font-weight: 400;\">0,75 gramu<\/span><\/td>\n<\/tr>\n<tr>\n<td><b>Po\u010det porc\u00ed<\/b><\/td>\n<td><span style=\"font-weight: 400;\">20 za plechovku<\/span><\/td>\n<\/tr>\n<tr>\n<td><b>Celkov\u00e1 hmotnost plechovky<\/b><\/td>\n<td><span style=\"font-weight: 400;\">15 gram\u016f<\/span><\/td>\n<\/tr>\n<tr>\n<td><b>V\u00fdrobce<\/b><\/td>\n<td><span style=\"font-weight: 400;\">XQS International<\/span><\/td>\n<\/tr>\n<tr>\n<td><b>Pozoruhodn\u00e9 funkce<\/b><\/td>\n<td><span style=\"font-weight: 400;\">Bez tab\u00e1ku, tenk\u00fd form\u00e1t, p\u0159\u00edchu\u0165 tropick\u00e9ho manga s pikantn\u00edm chilli n\u00e1dechem<\/span><\/td>\n<\/tr>\n<\/tbody>\n<\/table>","protected":false},"excerpt":{"rendered":"<p><span style=\"font-weight: 400;\">XQS Chili Mango Strong nab\u00edz\u00ed odv\u00e1\u017enou a exotickou kombinaci chut\u00ed, ve kter\u00e9 se m\u00eds\u00ed chuti <\/span><b>sladk\u00e1 tropick\u00e1 chu\u0165 zral\u00e9ho manga<\/b><span style=\"font-weight: 400;\"> s ohniv\u00fdm n\u00e1dechem <\/span><b>pikantn\u00ed chilli<\/b><span style=\"font-weight: 400;\">. Toto jedine\u010dn\u00e9 spojen\u00ed vytv\u00e1\u0159\u00ed vyv\u00e1\u017een\u00fd z\u00e1\u017eitek, kter\u00fd p\u0159in\u00e1\u0161\u00ed sladkost i p\u00e1livost pro ty, kte\u0159\u00ed maj\u00ed r\u00e1di dobrodru\u017en\u00e9 a \u017eiv\u00e9 chut\u011b. Ka\u017ed\u00fd tenk\u00fd, zcela b\u00edl\u00fd s\u00e1\u010dek obsahuje <\/span><b>10 mg nikotinu<\/b><span style=\"font-weight: 400;\">, kter\u00e1 poskytuje siln\u00e9 a konzistentn\u00ed uvoln\u011bn\u00ed pro u\u017eivatele, kte\u0159\u00ed hledaj\u00ed uspokojiv\u00fd nikotinov\u00fd n\u00e1boj.<\/span><\/p>","protected":false},"featured_media":8493,"comment_status":"open","ping_status":"closed","template":"","format":[206],"meta":{"_acf_changed":false},"product_brand":[],"product_cat":[27],"product_tag":[16587],"flavours":[187,196],"nicotine":[213,232],"class_list":{"0":"post-8492","1":"product","2":"type-product","3":"status-publish","4":"has-post-thumbnail","6":"product_cat-xqs","7":"product_tag-10-mg-pouch","8":"pa_quantity-1-pack","9":"pa_quantity-10-pack","10":"pa_quantity-3-pack","11":"pa_quantity-30-pack","12":"pa_quantity-5-pack","13":"pa_quantity-60-pack","14":"flavours-chili","15":"flavours-fruits-berries","16":"format-slim","17":"nicotine-16-mg-g","18":"nicotine-extra-strong","20":"first","21":"outofstock","22":"taxable","23":"shipping-taxable","24":"purchasable","25":"product-type-variable"},"acf":[],"_links":{"self":[{"href":"https:\/\/whitelip.com\/cs\/wp-json\/wp\/v2\/product\/8492","targetHints":{"allow":["GET"]}}],"collection":[{"href":"https:\/\/whitelip.com\/cs\/wp-json\/wp\/v2\/product"}],"about":[{"href":"https:\/\/whitelip.com\/cs\/wp-json\/wp\/v2\/types\/product"}],"replies":[{"embeddable":true,"href":"https:\/\/whitelip.com\/cs\/wp-json\/wp\/v2\/comments?post=8492"}],"wp:featuredmedia":[{"embeddable":true,"href":"https:\/\/whitelip.com\/cs\/wp-json\/wp\/v2\/media\/8493"}],"wp:attachment":[{"href":"https:\/\/whitelip.com\/cs\/wp-json\/wp\/v2\/media?parent=8492"}],"wp:term":[{"taxonomy":"product_brand","embeddable":true,"href":"https:\/\/whitelip.com\/cs\/wp-json\/wp\/v2\/product_brand?post=8492"},{"taxonomy":"product_cat","embeddable":true,"href":"https:\/\/whitelip.com\/cs\/wp-json\/wp\/v2\/product_cat?post=8492"},{"taxonomy":"product_tag","embeddable":true,"href":"https:\/\/whitelip.com\/cs\/wp-json\/wp\/v2\/product_tag?post=8492"},{"taxonomy":"flavours","embeddable":true,"href":"https:\/\/whitelip.com\/cs\/wp-json\/wp\/v2\/flavours?post=8492"},{"taxonomy":"format","embeddable":true,"href":"https:\/\/whitelip.com\/cs\/wp-json\/wp\/v2\/format?post=8492"},{"taxonomy":"nicotine","embeddable":true,"href":"https:\/\/whitelip.com\/cs\/wp-json\/wp\/v2\/nicotine?post=8492"}],"curies":[{"name":"wp","href":"https:\/\/api.w.org\/{rel}","templated":true}]}}