{"id":8466,"date":"2024-11-28T12:46:11","date_gmt":"2024-11-28T12:46:11","guid":{"rendered":"https:\/\/whitelip.com\/on-plus-citrus-slim-strong\/"},"modified":"2026-03-10T09:05:51","modified_gmt":"2026-03-10T09:05:51","slug":"on-plus-citrus-slim-strong","status":"publish","type":"product","link":"https:\/\/whitelip.com\/cs\/on\/on-plus-citrus-slim-strong\/","title":{"rendered":"Zapnuto! Plus Citrus Slim Strong"},"content":{"rendered":"<h2><b>Zapnuto! Plus Citrus Slim Strong<\/b><\/h2>\n<p><span style=\"font-weight: 400;\">Zapnuto! Plus Citrus Slim Strong p\u0159in\u00e1\u0161\u00ed pikantn\u00ed a osv\u011b\u017euj\u00edc\u00ed citrusovou p\u0159\u00edchu\u0165 spojenou se siln\u00fdm nikotinem pro odv\u00e1\u017en\u00fd a povzbuzuj\u00edc\u00ed z\u00e1\u017eitek. Tyto tenk\u00e9 beztab\u00e1kov\u00e9 s\u00e1\u010dky jsou navr\u017eeny pro diskr\u00e9tn\u00ed a pohodln\u00e9 pou\u017e\u00edv\u00e1n\u00ed a bez probl\u00e9m\u016f se vejdou pod ret. D\u00edky \u010dist\u00e9mu a uspokojiv\u00e9mu uvol\u0148ov\u00e1n\u00ed chuti a nikotinu je On! Plus Citrus Slim Strong vynikaj\u00edc\u00ed volbou pro u\u017eivatele, kte\u0159\u00ed maj\u00ed r\u00e1di ovocn\u00e9 a povzbuzuj\u00edc\u00ed varianty se siln\u011bj\u0161\u00edm nikotinov\u00fdm profilem.<\/span><\/p>\n<table>\n<tbody>\n<tr>\n<td><b>Atribut<\/b><\/td>\n<td><b>Podrobnosti na<\/b><\/td>\n<\/tr>\n<tr>\n<td><span style=\"font-weight: 400;\">Obsah na plechovku<\/span><\/td>\n<td><span style=\"font-weight: 400;\">16,8 g (20 s\u00e1\u010dk\u016f)<\/span><\/td>\n<\/tr>\n<tr>\n<td><span style=\"font-weight: 400;\">Obsah nikotinu<\/span><\/td>\n<td><span style=\"font-weight: 400;\">14 mg\/g (11,2 mg na s\u00e1\u010dek)<\/span><\/td>\n<\/tr>\n<tr>\n<td><span style=\"font-weight: 400;\">Form\u00e1t pouzdra<\/span><\/td>\n<td><span style=\"font-weight: 400;\">Slim<\/span><\/td>\n<\/tr>\n<tr>\n<td><span style=\"font-weight: 400;\">V\u00fdrobce<\/span><\/td>\n<td><span style=\"font-weight: 400;\">Altria Group<\/span><\/td>\n<\/tr>\n<tr>\n<td><span style=\"font-weight: 400;\">P\u0159\u00edchu\u0165<\/span><\/td>\n<td><span style=\"font-weight: 400;\">Citrus<\/span><\/td>\n<\/tr>\n<tr>\n<td><span style=\"font-weight: 400;\">Typ<\/span><\/td>\n<td><span style=\"font-weight: 400;\">Celob\u00edl\u00fd s\u00e1\u010dek, bez tab\u00e1ku<\/span><\/td>\n<\/tr>\n<\/tbody>\n<\/table>","protected":false},"excerpt":{"rendered":"<p>Zapnuto! Plus Citrus Slim Strong p\u0159in\u00e1\u0161\u00ed pikantn\u00ed, osv\u011b\u017euj\u00edc\u00ed chu\u0165 nikotinu. <strong data-start=\"73\" data-end=\"83\">Citrus<\/strong> s v\u00fdraznou, osv\u011b\u017euj\u00edc\u00ed chut\u00ed. <strong data-start=\"123\" data-end=\"131\">Slim<\/strong> beztab\u00e1kov\u00e9 s\u00e1\u010dky pro diskr\u00e9tn\u00ed a pohodln\u00e9 pou\u017e\u00edv\u00e1n\u00ed a \u010dist\u00e9 uvol\u0148ov\u00e1n\u00ed chuti a nikotinu. Ka\u017ed\u00fd s\u00e1\u010dek obsahuje <strong data-start=\"247\" data-end=\"267\">11,2 mg nikotinu<\/strong>.<\/p>","protected":false},"featured_media":8467,"comment_status":"open","ping_status":"closed","template":"","format":[206],"meta":{"_acf_changed":false},"product_brand":[],"product_cat":[79],"product_tag":[16577],"flavours":[190],"nicotine":[232,211],"class_list":{"0":"post-8466","1":"product","2":"type-product","3":"status-publish","4":"has-post-thumbnail","6":"product_cat-on","7":"product_tag-11-2-mg-pouch","8":"pa_quantity-1-pack","9":"pa_quantity-10-pack","10":"pa_quantity-3-pack","11":"pa_quantity-30-pack","12":"pa_quantity-5-pack","13":"pa_quantity-60-pack","14":"flavours-citrus","15":"format-slim","16":"nicotine-extra-strong","17":"nicotine-14-mg-g","19":"first","20":"outofstock","21":"taxable","22":"shipping-taxable","23":"purchasable","24":"product-type-variable"},"acf":[],"_links":{"self":[{"href":"https:\/\/whitelip.com\/cs\/wp-json\/wp\/v2\/product\/8466","targetHints":{"allow":["GET"]}}],"collection":[{"href":"https:\/\/whitelip.com\/cs\/wp-json\/wp\/v2\/product"}],"about":[{"href":"https:\/\/whitelip.com\/cs\/wp-json\/wp\/v2\/types\/product"}],"replies":[{"embeddable":true,"href":"https:\/\/whitelip.com\/cs\/wp-json\/wp\/v2\/comments?post=8466"}],"wp:featuredmedia":[{"embeddable":true,"href":"https:\/\/whitelip.com\/cs\/wp-json\/wp\/v2\/media\/8467"}],"wp:attachment":[{"href":"https:\/\/whitelip.com\/cs\/wp-json\/wp\/v2\/media?parent=8466"}],"wp:term":[{"taxonomy":"product_brand","embeddable":true,"href":"https:\/\/whitelip.com\/cs\/wp-json\/wp\/v2\/product_brand?post=8466"},{"taxonomy":"product_cat","embeddable":true,"href":"https:\/\/whitelip.com\/cs\/wp-json\/wp\/v2\/product_cat?post=8466"},{"taxonomy":"product_tag","embeddable":true,"href":"https:\/\/whitelip.com\/cs\/wp-json\/wp\/v2\/product_tag?post=8466"},{"taxonomy":"flavours","embeddable":true,"href":"https:\/\/whitelip.com\/cs\/wp-json\/wp\/v2\/flavours?post=8466"},{"taxonomy":"format","embeddable":true,"href":"https:\/\/whitelip.com\/cs\/wp-json\/wp\/v2\/format?post=8466"},{"taxonomy":"nicotine","embeddable":true,"href":"https:\/\/whitelip.com\/cs\/wp-json\/wp\/v2\/nicotine?post=8466"}],"curies":[{"name":"wp","href":"https:\/\/api.w.org\/{rel}","templated":true}]}}