{"id":8458,"date":"2024-11-28T12:46:11","date_gmt":"2024-11-28T12:46:11","guid":{"rendered":"https:\/\/whitelip.com\/on-plus-berry-slim\/"},"modified":"2026-03-10T09:05:20","modified_gmt":"2026-03-10T09:05:20","slug":"on-plus-berry-slim","status":"publish","type":"product","link":"https:\/\/whitelip.com\/cs\/on\/on-plus-berry-slim\/","title":{"rendered":"Zapnuto! Plus Berry Slim"},"content":{"rendered":"<h2><b>Zapnuto! Plus Berry Slim<\/b><\/h2>\n<p><span style=\"font-weight: 400;\">Zapnuto! Plus Berry Slim nab\u00edz\u00ed \u017eivou sm\u011bs sm\u00ed\u0161en\u00fdch p\u0159\u00edchut\u00ed lesn\u00edch plod\u016f, kter\u00e1 p\u0159in\u00e1\u0161\u00ed sladk\u00fd a ovocn\u00fd nikotinov\u00fd z\u00e1\u017eitek. Tyto tenk\u00e9 beztab\u00e1kov\u00e9 s\u00e1\u010dky jsou vyrobeny pro diskr\u00e9tn\u00ed a pohodln\u00e9 pou\u017e\u00edv\u00e1n\u00ed a dokonale se vejdou pod ret, abyste si je mohli u\u017e\u00edvat i na cest\u00e1ch. D\u00edky st\u0159edn\u00ed s\u00edle nikotinu jsou On! Plus Berry Slim poskytuje uspokojiv\u00e9 a \u010dist\u00e9 uvol\u0148ov\u00e1n\u00ed chuti a nikotinu, tak\u017ee je vynikaj\u00edc\u00ed volbou pro u\u017eivatele, kte\u0159\u00ed oce\u0148uj\u00ed ovocn\u00e9 a osv\u011b\u017euj\u00edc\u00ed mo\u017enosti.<\/span><\/p>\n<table>\n<tbody>\n<tr>\n<td><b>Atribut<\/b><\/td>\n<td><b>Podrobnosti na<\/b><\/td>\n<\/tr>\n<tr>\n<td><span style=\"font-weight: 400;\">Obsah na plechovku<\/span><\/td>\n<td><span style=\"font-weight: 400;\">16,8 g (20 s\u00e1\u010dk\u016f)<\/span><\/td>\n<\/tr>\n<tr>\n<td><span style=\"font-weight: 400;\">Obsah nikotinu<\/span><\/td>\n<td><span style=\"font-weight: 400;\">8 mg\/g (6,4 mg na s\u00e1\u010dek)<\/span><\/td>\n<\/tr>\n<tr>\n<td><span style=\"font-weight: 400;\">Form\u00e1t pouzdra<\/span><\/td>\n<td><span style=\"font-weight: 400;\">Slim<\/span><\/td>\n<\/tr>\n<tr>\n<td><span style=\"font-weight: 400;\">V\u00fdrobce<\/span><\/td>\n<td><span style=\"font-weight: 400;\">Altria Group<\/span><\/td>\n<\/tr>\n<tr>\n<td><span style=\"font-weight: 400;\">P\u0159\u00edchu\u0165<\/span><\/td>\n<td><span style=\"font-weight: 400;\">Sm\u00ed\u0161en\u00e9 bobule<\/span><\/td>\n<\/tr>\n<tr>\n<td><span style=\"font-weight: 400;\">Typ<\/span><\/td>\n<td><span style=\"font-weight: 400;\">Celob\u00edl\u00fd s\u00e1\u010dek, bez tab\u00e1ku<\/span><\/td>\n<\/tr>\n<\/tbody>\n<\/table>","protected":false},"excerpt":{"rendered":"<p>Zapnuto! Plus Berry <strong data-start=\"15\" data-end=\"23\">Slim<\/strong> nikotinov\u00e9 s\u00e1\u010dky p\u0159in\u00e1\u0161ej\u00ed sladkou, ovocnou v\u016fni. <strong data-start=\"65\" data-end=\"74\">Berry<\/strong> p\u0159\u00edchu\u0165. Neobsahuje tab\u00e1k a je diskr\u00e9tn\u00ed pod rty pro pohodln\u00e9 pou\u017e\u00edv\u00e1n\u00ed na cest\u00e1ch s \u010dist\u00fdm a uspokojiv\u00fdm uvol\u0148ov\u00e1n\u00edm. Ka\u017ed\u00fd s\u00e1\u010dek obsahuje <strong data-start=\"208\" data-end=\"227\">6,4 mg nikotinu<\/strong>.<\/p>","protected":false},"featured_media":8459,"comment_status":"open","ping_status":"closed","template":"","format":[206],"meta":{"_acf_changed":false},"product_brand":[],"product_cat":[79],"product_tag":[16577],"flavours":[196],"nicotine":[230,236],"class_list":{"0":"post-8458","1":"product","2":"type-product","3":"status-publish","4":"has-post-thumbnail","6":"product_cat-on","7":"product_tag-11-2-mg-pouch","8":"pa_quantity-1-pack","9":"pa_quantity-10-pack","10":"pa_quantity-3-pack","11":"pa_quantity-30-pack","12":"pa_quantity-5-pack","13":"pa_quantity-60-pack","14":"flavours-fruits-berries","15":"format-slim","16":"nicotine-8-mg-g","17":"nicotine-strong","19":"first","20":"outofstock","21":"taxable","22":"shipping-taxable","23":"purchasable","24":"product-type-variable"},"acf":[],"_links":{"self":[{"href":"https:\/\/whitelip.com\/cs\/wp-json\/wp\/v2\/product\/8458","targetHints":{"allow":["GET"]}}],"collection":[{"href":"https:\/\/whitelip.com\/cs\/wp-json\/wp\/v2\/product"}],"about":[{"href":"https:\/\/whitelip.com\/cs\/wp-json\/wp\/v2\/types\/product"}],"replies":[{"embeddable":true,"href":"https:\/\/whitelip.com\/cs\/wp-json\/wp\/v2\/comments?post=8458"}],"wp:featuredmedia":[{"embeddable":true,"href":"https:\/\/whitelip.com\/cs\/wp-json\/wp\/v2\/media\/8459"}],"wp:attachment":[{"href":"https:\/\/whitelip.com\/cs\/wp-json\/wp\/v2\/media?parent=8458"}],"wp:term":[{"taxonomy":"product_brand","embeddable":true,"href":"https:\/\/whitelip.com\/cs\/wp-json\/wp\/v2\/product_brand?post=8458"},{"taxonomy":"product_cat","embeddable":true,"href":"https:\/\/whitelip.com\/cs\/wp-json\/wp\/v2\/product_cat?post=8458"},{"taxonomy":"product_tag","embeddable":true,"href":"https:\/\/whitelip.com\/cs\/wp-json\/wp\/v2\/product_tag?post=8458"},{"taxonomy":"flavours","embeddable":true,"href":"https:\/\/whitelip.com\/cs\/wp-json\/wp\/v2\/flavours?post=8458"},{"taxonomy":"format","embeddable":true,"href":"https:\/\/whitelip.com\/cs\/wp-json\/wp\/v2\/format?post=8458"},{"taxonomy":"nicotine","embeddable":true,"href":"https:\/\/whitelip.com\/cs\/wp-json\/wp\/v2\/nicotine?post=8458"}],"curies":[{"name":"wp","href":"https:\/\/api.w.org\/{rel}","templated":true}]}}