{"id":8440,"date":"2024-12-20T19:39:06","date_gmt":"2024-12-20T19:39:06","guid":{"rendered":"https:\/\/whitelip.com\/velo-orange-spark\/"},"modified":"2026-04-21T14:17:57","modified_gmt":"2026-04-21T14:17:57","slug":"velo-orange-spark","status":"publish","type":"product","link":"https:\/\/whitelip.com\/cs\/velo\/velo-orange-spark\/","title":{"rendered":"VELO Orange Spark"},"content":{"rendered":"<h2><b>VELO Orange Spark<\/b><\/h2>\n<p><span style=\"font-weight: 400;\">VELO Orange Spark p\u0159in\u00e1\u0161\u00ed \u017eiv\u00fd citrusov\u00fd z\u00e1\u017eitek, kter\u00fd kombinuje p\u0159irozenou sladkost zral\u00fdch pomeran\u010d\u016f s osv\u011b\u017euj\u00edc\u00ed sv\u011b\u017eest\u00ed. Tyto tenk\u00e9, zcela b\u00edl\u00e9 nikotinov\u00e9 s\u00e1\u010dky jsou navr\u017eeny pro diskr\u00e9tn\u00ed a pohodln\u00e9 no\u0161en\u00ed a zaji\u0161\u0165uj\u00ed konzistentn\u00ed uvol\u0148ov\u00e1n\u00ed chuti a nikotinu. Jsou vylep\u0161eny technologi\u00ed Sensates\u2122 spole\u010dnosti VELO a p\u0159i pou\u017eit\u00ed poskytuj\u00ed intenzivn\u00ed pocit brn\u011bn\u00ed, co\u017e zvy\u0161uje celkov\u00fd z\u00e1\u017eitek. Tento beztab\u00e1kov\u00fd v\u00fdrobek je ide\u00e1ln\u00ed pro ty, kte\u0159\u00ed hledaj\u00ed ovocnou a povzbuzuj\u00edc\u00ed nikotinovou variantu.<\/span><\/p>\n<table>\n<tbody>\n<tr>\n<td><b>Atribut<\/b><\/td>\n<td><b>Podrobnosti na<\/b><\/td>\n<\/tr>\n<tr>\n<td><span style=\"font-weight: 400;\">Zna\u010dka<\/span><\/td>\n<td><span style=\"font-weight: 400;\">VELO<\/span><\/td>\n<\/tr>\n<tr>\n<td><span style=\"font-weight: 400;\">Typ v\u00fdrobku<\/span><\/td>\n<td><span style=\"font-weight: 400;\">V\u0161echny b\u00edl\u00e9 nikotinov\u00e9 s\u00e1\u010dky<\/span><\/td>\n<\/tr>\n<tr>\n<td><span style=\"font-weight: 400;\">Form\u00e1t<\/span><\/td>\n<td><span style=\"font-weight: 400;\">Slim<\/span><\/td>\n<\/tr>\n<tr>\n<td><span style=\"font-weight: 400;\">P\u0159\u00edchu\u0165<\/span><\/td>\n<td><span style=\"font-weight: 400;\">Citrusov\u00e9 plody se zam\u011b\u0159en\u00edm na pomeran\u010d<\/span><\/td>\n<\/tr>\n<tr>\n<td><span style=\"font-weight: 400;\">S\u00edla nikotinu<\/span><\/td>\n<td><span style=\"font-weight: 400;\">15,6 mg\/g (10,9 mg na s\u00e1\u010dek)<\/span><\/td>\n<\/tr>\n<tr>\n<td><span style=\"font-weight: 400;\">Hmotnost porce<\/span><\/td>\n<td><span style=\"font-weight: 400;\">0,7 gramu<\/span><\/td>\n<\/tr>\n<tr>\n<td><span style=\"font-weight: 400;\">Po\u010det porc\u00ed<\/span><\/td>\n<td><span style=\"font-weight: 400;\">20 za plechovku<\/span><\/td>\n<\/tr>\n<tr>\n<td><span style=\"font-weight: 400;\">Celkov\u00e1 hmotnost plechovky<\/span><\/td>\n<td><span style=\"font-weight: 400;\">14 gram\u016f<\/span><\/td>\n<\/tr>\n<tr>\n<td><span style=\"font-weight: 400;\">V\u00fdrobce<\/span><\/td>\n<td><span style=\"font-weight: 400;\">BAT<\/span><\/td>\n<\/tr>\n<tr>\n<td><span style=\"font-weight: 400;\">Pozoruhodn\u00e9 funkce<\/span><\/td>\n<td><span style=\"font-weight: 400;\">Bez tab\u00e1ku, diskr\u00e9tn\u00ed tenk\u00e9 porce, vylep\u0161en\u00e9 technologi\u00ed Sensates\u2122 pro intenzivn\u00ed pocit mraven\u010den\u00ed.<\/span><\/td>\n<\/tr>\n<\/tbody>\n<\/table>","protected":false},"excerpt":{"rendered":"<p>VELO Orange Spark nikotinov\u00e9 s\u00e1\u010dky p\u0159in\u00e1\u0161ej\u00ed z\u00e1\u0159ivou, osv\u011b\u017euj\u00edc\u00ed chu\u0165 <strong data-start=\"65\" data-end=\"81\">Orange Spark<\/strong> citrusov\u00e1 p\u0159\u00edchu\u0165. <strong data-start=\"97\" data-end=\"105\">Slim<\/strong>, zcela b\u00edl\u00fd form\u00e1t pro diskr\u00e9tn\u00ed a pohodln\u00e9 pou\u017e\u00edv\u00e1n\u00ed s ostr\u00fdm povrchem a pocitem brn\u011bn\u00ed Sensates. Ka\u017ed\u00fd s\u00e1\u010dek obsahuje <strong data-start=\"227\" data-end=\"247\">10,9 mg nikotinu<\/strong>.<\/p>","protected":false},"featured_media":8441,"comment_status":"open","ping_status":"closed","template":"","format":[206],"meta":{"_acf_changed":false},"product_brand":[],"product_cat":[48],"product_tag":[17006],"flavours":[190],"nicotine":[213,232],"class_list":{"0":"post-8440","1":"product","2":"type-product","3":"status-publish","4":"has-post-thumbnail","6":"product_cat-velo","7":"product_tag-10-9-mg-pouch","8":"pa_quantity-1-pack","9":"pa_quantity-10-pack","10":"pa_quantity-3-pack","11":"pa_quantity-30-pack","12":"pa_quantity-5-pack","13":"pa_quantity-60-pack","14":"flavours-citrus","15":"format-slim","16":"nicotine-16-mg-g","17":"nicotine-extra-strong","19":"first","20":"instock","21":"taxable","22":"shipping-taxable","23":"purchasable","24":"product-type-variable"},"acf":[],"_links":{"self":[{"href":"https:\/\/whitelip.com\/cs\/wp-json\/wp\/v2\/product\/8440","targetHints":{"allow":["GET"]}}],"collection":[{"href":"https:\/\/whitelip.com\/cs\/wp-json\/wp\/v2\/product"}],"about":[{"href":"https:\/\/whitelip.com\/cs\/wp-json\/wp\/v2\/types\/product"}],"replies":[{"embeddable":true,"href":"https:\/\/whitelip.com\/cs\/wp-json\/wp\/v2\/comments?post=8440"}],"wp:featuredmedia":[{"embeddable":true,"href":"https:\/\/whitelip.com\/cs\/wp-json\/wp\/v2\/media\/8441"}],"wp:attachment":[{"href":"https:\/\/whitelip.com\/cs\/wp-json\/wp\/v2\/media?parent=8440"}],"wp:term":[{"taxonomy":"product_brand","embeddable":true,"href":"https:\/\/whitelip.com\/cs\/wp-json\/wp\/v2\/product_brand?post=8440"},{"taxonomy":"product_cat","embeddable":true,"href":"https:\/\/whitelip.com\/cs\/wp-json\/wp\/v2\/product_cat?post=8440"},{"taxonomy":"product_tag","embeddable":true,"href":"https:\/\/whitelip.com\/cs\/wp-json\/wp\/v2\/product_tag?post=8440"},{"taxonomy":"flavours","embeddable":true,"href":"https:\/\/whitelip.com\/cs\/wp-json\/wp\/v2\/flavours?post=8440"},{"taxonomy":"format","embeddable":true,"href":"https:\/\/whitelip.com\/cs\/wp-json\/wp\/v2\/format?post=8440"},{"taxonomy":"nicotine","embeddable":true,"href":"https:\/\/whitelip.com\/cs\/wp-json\/wp\/v2\/nicotine?post=8440"}],"curies":[{"name":"wp","href":"https:\/\/api.w.org\/{rel}","templated":true}]}}