{"id":8438,"date":"2024-12-20T19:39:07","date_gmt":"2024-12-20T19:39:07","guid":{"rendered":"https:\/\/whitelip.com\/velo-mango-flame\/"},"modified":"2026-04-18T19:21:14","modified_gmt":"2026-04-18T19:21:14","slug":"velo-mango-flame","status":"publish","type":"product","link":"https:\/\/whitelip.com\/cs\/velo\/velo-mango-flame\/","title":{"rendered":"VELO Mango Flame"},"content":{"rendered":"<h2><b>VELO Mango Flame<\/b><\/h2>\n<p><span style=\"font-weight: 400;\">VELO Mango Flame p\u0159in\u00e1\u0161\u00ed tropickou explozi s bohatou a sladkou chut\u00ed na slunci vyzr\u00e1l\u00e9ho manga, vyv\u00e1\u017eenou jemn\u00fdm \u017e\u00e1rem pro vzru\u0161uj\u00edc\u00ed nikotinov\u00fd z\u00e1\u017eitek. Tyto tenk\u00e9, zcela b\u00edl\u00e9 nikotinov\u00e9 s\u00e1\u010dky jsou navr\u017eeny pro diskr\u00e9tn\u00ed a pohodln\u00e9 no\u0161en\u00ed a zaji\u0161\u0165uj\u00ed konzistentn\u00ed uvol\u0148ov\u00e1n\u00ed chuti a nikotinu. Tento beztab\u00e1kov\u00fd v\u00fdrobek je ide\u00e1ln\u00ed pro milovn\u00edky tropick\u00fdch p\u0159\u00edchut\u00ed s pikantn\u00edm n\u00e1dechem.<\/span><\/p>\n<table>\n<tbody>\n<tr>\n<td><b>Atribut<\/b><\/td>\n<td><b>Podrobnosti na<\/b><\/td>\n<\/tr>\n<tr>\n<td><span style=\"font-weight: 400;\">Zna\u010dka<\/span><\/td>\n<td><span style=\"font-weight: 400;\">VELO<\/span><\/td>\n<\/tr>\n<tr>\n<td><span style=\"font-weight: 400;\">Typ v\u00fdrobku<\/span><\/td>\n<td><span style=\"font-weight: 400;\">V\u0161echny b\u00edl\u00e9 nikotinov\u00e9 s\u00e1\u010dky<\/span><\/td>\n<\/tr>\n<tr>\n<td><span style=\"font-weight: 400;\">Form\u00e1t<\/span><\/td>\n<td><span style=\"font-weight: 400;\">Slim<\/span><\/td>\n<\/tr>\n<tr>\n<td><span style=\"font-weight: 400;\">P\u0159\u00edchu\u0165<\/span><\/td>\n<td><span style=\"font-weight: 400;\">Mango s n\u00e1dechem ko\u0159en\u00ed<\/span><\/td>\n<\/tr>\n<tr>\n<td><span style=\"font-weight: 400;\">S\u00edla nikotinu<\/span><\/td>\n<td><span style=\"font-weight: 400;\">14,3 mg\/g (10 mg na s\u00e1\u010dek)<\/span><\/td>\n<\/tr>\n<tr>\n<td><span style=\"font-weight: 400;\">Hmotnost porce<\/span><\/td>\n<td><span style=\"font-weight: 400;\">0,7 gramu<\/span><\/td>\n<\/tr>\n<tr>\n<td><span style=\"font-weight: 400;\">Po\u010det porc\u00ed<\/span><\/td>\n<td><span style=\"font-weight: 400;\">20 za plechovku<\/span><\/td>\n<\/tr>\n<tr>\n<td><span style=\"font-weight: 400;\">Celkov\u00e1 hmotnost plechovky<\/span><\/td>\n<td><span style=\"font-weight: 400;\">14 gram\u016f<\/span><\/td>\n<\/tr>\n<tr>\n<td><span style=\"font-weight: 400;\">V\u00fdrobce<\/span><\/td>\n<td><span style=\"font-weight: 400;\">BAT<\/span><\/td>\n<\/tr>\n<tr>\n<td><span style=\"font-weight: 400;\">Pozoruhodn\u00e9 funkce<\/span><\/td>\n<td><span style=\"font-weight: 400;\">Bez tab\u00e1ku, diskr\u00e9tn\u00ed tenk\u00e9 porce, vyv\u00e1\u017een\u00fd chu\u0165ov\u00fd profil<\/span><\/td>\n<\/tr>\n<\/tbody>\n<\/table>","protected":false},"excerpt":{"rendered":"<p>VELO Nikotinov\u00e9 s\u00e1\u010dky Mango Flame p\u0159in\u00e1\u0161ej\u00ed bohatou, tropickou v\u016fni <strong data-start=\"59\" data-end=\"74\">Mango Flame<\/strong> chu\u0165 s jemnou p\u00e1livost\u00ed. <strong data-start=\"102\" data-end=\"110\">Slim<\/strong>, celob\u00edl\u00fd form\u00e1t pro diskr\u00e9tn\u00ed, pohodln\u00e9 pou\u017eit\u00ed a konzistentn\u00ed uvol\u0148ov\u00e1n\u00ed. Ka\u017ed\u00e9 s\u00e1\u010dek obsahuje <strong data-start=\"205\" data-end=\"223\">10 mg nikotinu<\/strong>.<\/p>","protected":false},"featured_media":8439,"comment_status":"open","ping_status":"closed","template":"","format":[206],"meta":{"_acf_changed":false},"product_brand":[],"product_cat":[48],"product_tag":[16587],"flavours":[196],"nicotine":[211,232],"class_list":{"0":"post-8438","1":"product","2":"type-product","3":"status-publish","4":"has-post-thumbnail","6":"product_cat-velo","7":"product_tag-10-mg-pouch","8":"pa_quantity-1-pack","9":"pa_quantity-10-pack","10":"pa_quantity-3-pack","11":"pa_quantity-30-pack","12":"pa_quantity-5-pack","13":"pa_quantity-60-pack","14":"flavours-fruits-berries","15":"format-slim","16":"nicotine-14-mg-g","17":"nicotine-extra-strong","19":"first","20":"instock","21":"taxable","22":"shipping-taxable","23":"purchasable","24":"product-type-variable"},"acf":[],"_links":{"self":[{"href":"https:\/\/whitelip.com\/cs\/wp-json\/wp\/v2\/product\/8438","targetHints":{"allow":["GET"]}}],"collection":[{"href":"https:\/\/whitelip.com\/cs\/wp-json\/wp\/v2\/product"}],"about":[{"href":"https:\/\/whitelip.com\/cs\/wp-json\/wp\/v2\/types\/product"}],"replies":[{"embeddable":true,"href":"https:\/\/whitelip.com\/cs\/wp-json\/wp\/v2\/comments?post=8438"}],"wp:featuredmedia":[{"embeddable":true,"href":"https:\/\/whitelip.com\/cs\/wp-json\/wp\/v2\/media\/8439"}],"wp:attachment":[{"href":"https:\/\/whitelip.com\/cs\/wp-json\/wp\/v2\/media?parent=8438"}],"wp:term":[{"taxonomy":"product_brand","embeddable":true,"href":"https:\/\/whitelip.com\/cs\/wp-json\/wp\/v2\/product_brand?post=8438"},{"taxonomy":"product_cat","embeddable":true,"href":"https:\/\/whitelip.com\/cs\/wp-json\/wp\/v2\/product_cat?post=8438"},{"taxonomy":"product_tag","embeddable":true,"href":"https:\/\/whitelip.com\/cs\/wp-json\/wp\/v2\/product_tag?post=8438"},{"taxonomy":"flavours","embeddable":true,"href":"https:\/\/whitelip.com\/cs\/wp-json\/wp\/v2\/flavours?post=8438"},{"taxonomy":"format","embeddable":true,"href":"https:\/\/whitelip.com\/cs\/wp-json\/wp\/v2\/format?post=8438"},{"taxonomy":"nicotine","embeddable":true,"href":"https:\/\/whitelip.com\/cs\/wp-json\/wp\/v2\/nicotine?post=8438"}],"curies":[{"name":"wp","href":"https:\/\/api.w.org\/{rel}","templated":true}]}}