{"id":8432,"date":"2024-11-28T12:45:24","date_gmt":"2024-11-28T12:45:24","guid":{"rendered":"https:\/\/whitelip.com\/77-fresh-mint-light\/"},"modified":"2026-05-06T10:11:14","modified_gmt":"2026-05-06T10:11:14","slug":"77-fresh-mint-light","status":"publish","type":"product","link":"https:\/\/whitelip.com\/cs\/77\/77-fresh-mint-light\/","title":{"rendered":"77 Fresh Mint Light"},"content":{"rendered":"<h2><strong>77 Fresh Mint Light<\/strong><\/h2>\n<p><span style=\"font-weight: 400;\">77 nikotinov\u00fdch s\u00e1\u010dk\u016f Fresh Mint Light p\u0159in\u00e1\u0161\u00ed sv\u011b\u017e\u00ed a osv\u011b\u017euj\u00edc\u00ed m\u00e1tovou p\u0159\u00edchu\u0165, kter\u00e1 je ide\u00e1ln\u00ed pro ty, kdo hledaj\u00ed osv\u011b\u017euj\u00edc\u00ed chu\u0165. Ka\u017ed\u00fd tenk\u00fd, celob\u00edl\u00fd s\u00e1\u010dek obsahuje 5,2 mg nikotinu a nab\u00edz\u00ed st\u0159edn\u00ed s\u00edlu vhodnou pro nov\u00e9 i zku\u0161en\u00e9 u\u017eivatele. Diskr\u00e9tn\u00ed design zaji\u0161\u0165uje pohodln\u00e9 uchycen\u00ed pod rty, co\u017e umo\u017e\u0148uje u\u017e\u00edv\u00e1n\u00ed kdykoli bez zabarven\u00ed zub\u016f. Tyto beztab\u00e1kov\u00e9 s\u00e1\u010dky, vyr\u00e1b\u011bn\u00e9 spole\u010dnost\u00ed 77 Group, p\u0159edstavuj\u00ed uspokojivou m\u00e1tovou variantu pro va\u0161i nikotinovou pot\u0159ebu.<\/span><\/p>\n<table>\n<tbody>\n<tr>\n<td><b>Atribut<\/b><\/td>\n<td><b>Podrobnosti na<\/b><\/td>\n<\/tr>\n<tr>\n<td><b>Obsah na plechovku<\/b><\/td>\n<td><span style=\"font-weight: 400;\">10 g (20 s\u00e1\u010dk\u016f)<\/span><\/td>\n<\/tr>\n<tr>\n<td><b>Obsah nikotinu<\/b><\/td>\n<td><span style=\"font-weight: 400;\">8 mg\/g (5,2 mg na s\u00e1\u010dek)<\/span><\/td>\n<\/tr>\n<tr>\n<td><b>Form\u00e1t pouzdra<\/b><\/td>\n<td><span style=\"font-weight: 400;\">Slim<\/span><\/td>\n<\/tr>\n<tr>\n<td><b>V\u00fdrobce<\/b><\/td>\n<td><span style=\"font-weight: 400;\">77 Skupina<\/span><\/td>\n<\/tr>\n<tr>\n<td><b>P\u0159\u00edchu\u0165<\/b><\/td>\n<td><span style=\"font-weight: 400;\">\u010cerstv\u00e1 m\u00e1ta<\/span><\/td>\n<\/tr>\n<tr>\n<td><b>Typ<\/b><\/td>\n<td><span style=\"font-weight: 400;\">Celob\u00edl\u00e9 pouzdro<\/span><\/td>\n<\/tr>\n<\/tbody>\n<\/table>","protected":false},"excerpt":{"rendered":"<article class=\"text-token-text-primary w-full focus:outline-none [--shadow-height:45px] has-data-writing-block:pointer-events-none has-data-writing-block:-mt-(--shadow-height) has-data-writing-block:pt-(--shadow-height) [&amp;:has([data-writing-block])&gt;*]:pointer-events-auto [content-visibility:auto] supports-[content-visibility:auto]:[contain-intrinsic-size:auto_100lvh] scroll-mt-[calc(var(--header-height)+min(200px,max(70px,20svh)))]\" dir=\"auto\" tabindex=\"-1\" data-turn-id=\"request-WEB:53f85bc0-55a4-4148-bb59-ef9269c3c52e-40\" data-testid=\"conversation-turn-78\" data-scroll-anchor=\"true\" data-turn=\"assistant\">\n<div class=\"text-base my-auto mx-auto pb-10 [--thread-content-margin:--spacing(4)] thread-sm:[--thread-content-margin:--spacing(6)] thread-lg:[--thread-content-margin:--spacing(16)] px-(--thread-content-margin)\">\n<div class=\"[--thread-content-max-width:40rem] thread-lg:[--thread-content-max-width:48rem] mx-auto max-w-(--thread-content-max-width) flex-1 group\/turn-messages focus-visible:outline-hidden relative flex w-full min-w-0 flex-col agent-turn\" tabindex=\"-1\">\n<div class=\"flex max-w-full flex-col grow\">\n<div class=\"min-h-8 text-message relative flex w-full flex-col items-end gap-2 text-start break-words whitespace-normal [.text-message+&amp;]:mt-5\" dir=\"auto\" data-message-author-role=\"assistant\" data-message-id=\"0b3078d4-02ac-42bf-b908-45543600a1a9\" data-message-model-slug=\"gpt-5-thinking\">\n<div class=\"flex w-full flex-col gap-1 empty:hidden first:pt-[1px]\">\n<div class=\"markdown prose dark:prose-invert w-full break-words dark markdown-new-styling\">\n<p data-start=\"0\" data-end=\"276\" data-is-last-node=\"\" data-is-only-node=\"\">Crisp, invigorating <strong data-start=\"20\" data-end=\"34\">fresh mint<\/strong> with a clean cooling finish. The <strong data-start=\"68\" data-end=\"87\">slim,<\/strong> all-white pouches sit discreetly and comfortably under the lip for stain-free, anytime use. Each pouch contains <strong data-start=\"190\" data-end=\"209\">5.2 mg nicotine<\/strong>, delivering a light-strength, refreshing experience from 77 Group.<\/p>\n<\/div>\n<\/div>\n<\/div>\n<\/div>\n<div class=\"z-0 flex min-h-[46px] justify-start\"><\/div>\n<div class=\"mt-3 w-full empty:hidden\">\n<div class=\"text-center\"><\/div>\n<\/div>\n<\/div>\n<\/div>\n<\/article>\n<div class=\"pointer-events-none h-px w-px\" aria-hidden=\"true\" data-edge=\"true\"><\/div>\n","protected":false},"featured_media":8433,"comment_status":"open","ping_status":"closed","template":"","format":[206],"meta":{"_acf_changed":false},"product_brand":[],"product_cat":[23],"product_tag":[16547],"flavours":[199],"nicotine":[230,236],"class_list":{"0":"post-8432","1":"product","2":"type-product","3":"status-publish","4":"has-post-thumbnail","6":"product_cat-23","7":"product_tag-5-2-mg-pouch","8":"pa_quantity-1-pack","9":"pa_quantity-10-pack","10":"pa_quantity-3-pack","11":"pa_quantity-30-pack","12":"pa_quantity-5-pack","13":"pa_quantity-60-pack","14":"flavours-mint","15":"format-slim","16":"nicotine-8-mg-g","17":"nicotine-strong","19":"first","20":"instock","21":"taxable","22":"shipping-taxable","23":"purchasable","24":"product-type-variable"},"acf":[],"_links":{"self":[{"href":"https:\/\/whitelip.com\/cs\/wp-json\/wp\/v2\/product\/8432","targetHints":{"allow":["GET"]}}],"collection":[{"href":"https:\/\/whitelip.com\/cs\/wp-json\/wp\/v2\/product"}],"about":[{"href":"https:\/\/whitelip.com\/cs\/wp-json\/wp\/v2\/types\/product"}],"replies":[{"embeddable":true,"href":"https:\/\/whitelip.com\/cs\/wp-json\/wp\/v2\/comments?post=8432"}],"wp:featuredmedia":[{"embeddable":true,"href":"https:\/\/whitelip.com\/cs\/wp-json\/wp\/v2\/media\/8433"}],"wp:attachment":[{"href":"https:\/\/whitelip.com\/cs\/wp-json\/wp\/v2\/media?parent=8432"}],"wp:term":[{"taxonomy":"product_brand","embeddable":true,"href":"https:\/\/whitelip.com\/cs\/wp-json\/wp\/v2\/product_brand?post=8432"},{"taxonomy":"product_cat","embeddable":true,"href":"https:\/\/whitelip.com\/cs\/wp-json\/wp\/v2\/product_cat?post=8432"},{"taxonomy":"product_tag","embeddable":true,"href":"https:\/\/whitelip.com\/cs\/wp-json\/wp\/v2\/product_tag?post=8432"},{"taxonomy":"flavours","embeddable":true,"href":"https:\/\/whitelip.com\/cs\/wp-json\/wp\/v2\/flavours?post=8432"},{"taxonomy":"format","embeddable":true,"href":"https:\/\/whitelip.com\/cs\/wp-json\/wp\/v2\/format?post=8432"},{"taxonomy":"nicotine","embeddable":true,"href":"https:\/\/whitelip.com\/cs\/wp-json\/wp\/v2\/nicotine?post=8432"}],"curies":[{"name":"wp","href":"https:\/\/api.w.org\/{rel}","templated":true}]}}