{"id":8418,"date":"2024-11-28T12:45:01","date_gmt":"2024-11-28T12:45:01","guid":{"rendered":"https:\/\/whitelip.com\/cuba-black-banana-hit\/"},"modified":"2026-05-05T10:11:47","modified_gmt":"2026-05-05T10:11:47","slug":"cuba-black-banana-hit","status":"publish","type":"product","link":"https:\/\/whitelip.com\/cs\/cuba\/cuba-black-banana-hit\/","title":{"rendered":"CUBA Black Banana Hit"},"content":{"rendered":"<h2><b>CUBA Black Banana Hit<\/b><\/h2>\n<p><span style=\"font-weight: 400;\">Nikotinov\u00e9 s\u00e1\u010dky CUBA Black Banana Hit nab\u00edzej\u00ed bohatou a kr\u00e9movou ban\u00e1novou p\u0159\u00edchu\u0165 a p\u0159in\u00e1\u0161ej\u00ed siln\u00fd a uspokojiv\u00fd z\u00e1\u017eitek. Ka\u017ed\u00fd tenk\u00fd, celob\u00edl\u00fd s\u00e1\u010dek obsahuje 43 mg nikotinu a poskytuje siln\u00fd pocit vhodn\u00fd pro zku\u0161en\u00e9 u\u017eivatele. S\u00e1\u010dky \u010dern\u00e9 barvy jsou navr\u017eeny tak, aby byly diskr\u00e9tn\u00ed a ne\u0161pinily zuby. Ka\u017ed\u00e1 plechovka obsahuje 20 s\u00e1\u010dk\u016f, co\u017e nab\u00edz\u00ed dostate\u010dnou z\u00e1sobu pro v\u00e1\u0161 po\u017eitek. Tyto s\u00e1\u010dky, vyr\u00e1b\u011bn\u00e9 polsk\u00fdm v\u00fdrobcem CUBA, kter\u00fd je zn\u00e1m\u00fd spojen\u00edm modern\u00edch postup\u016f s tradi\u010dn\u00ed kvalitou, jsou p\u0159\u00edkladem vysok\u00fdch standard\u016f a inovativn\u00edch kombinac\u00ed chut\u00ed.<\/span><\/p>\n<table>\n<tbody>\n<tr>\n<td><b>Atribut<\/b><\/td>\n<td><b>Podrobnosti na<\/b><\/td>\n<\/tr>\n<tr>\n<td><b>Obsah na plechovku<\/b><\/td>\n<td><span style=\"font-weight: 400;\">13 g (20 s\u00e1\u010dk\u016f)<\/span><\/td>\n<\/tr>\n<tr>\n<td><b>Obsah nikotinu<\/b><\/td>\n<td><span style=\"font-weight: 400;\">43 mg\/g (43 mg na s\u00e1\u010dek)<\/span><\/td>\n<\/tr>\n<tr>\n<td><b>Form\u00e1t pouzdra<\/b><\/td>\n<td><span style=\"font-weight: 400;\">Slim<\/span><\/td>\n<\/tr>\n<tr>\n<td><b>V\u00fdrobce<\/b><\/td>\n<td><span style=\"font-weight: 400;\">CUBA<\/span><\/td>\n<\/tr>\n<tr>\n<td><b>P\u0159\u00edchu\u0165<\/b><\/td>\n<td><span style=\"font-weight: 400;\">Ban\u00e1n<\/span><\/td>\n<\/tr>\n<tr>\n<td><b>Typ<\/b><\/td>\n<td><span style=\"font-weight: 400;\">Celob\u00edl\u00e9 pouzdro<\/span><\/td>\n<\/tr>\n<\/tbody>\n<\/table>","protected":false},"excerpt":{"rendered":"<p>Bohat\u00fd, kr\u00e9mov\u00fd <strong data-start=\"13\" data-end=\"23\">ban\u00e1n<\/strong> pro silnou a uspokojivou chu\u0165. Na <strong data-start=\"60\" data-end=\"75\">\u0161t\u00edhl\u00fd, <\/strong>\u010dern\u00e9 s\u00e1\u010dky se nen\u00e1padn\u011b um\u00edst\u00ed pod rty a nezanech\u00e1vaj\u00ed skvrny na zubech. Ka\u017ed\u00fd s\u00e1\u010dek obsahuje <strong data-start=\"156\" data-end=\"184\">43 mg nikotinu v jednom s\u00e1\u010dku<\/strong>, co\u017e je siln\u00fd kopanec vhodn\u00fd pro zku\u0161en\u00e9 u\u017eivatele. Ka\u017ed\u00e1 plechovka obsahuje 20 s\u00e1\u010dk\u016f, vyroben\u00fdch spole\u010dnost\u00ed CUBA pro prvot\u0159\u00eddn\u00ed v\u00fdkon bez tab\u00e1ku.<\/p>","protected":false},"featured_media":8419,"comment_status":"open","ping_status":"closed","template":"","format":[206],"meta":{"_acf_changed":false},"product_brand":[],"product_cat":[46],"product_tag":[16567],"flavours":[196],"nicotine":[227,233],"class_list":{"0":"post-8418","1":"product","2":"type-product","3":"status-publish","4":"has-post-thumbnail","6":"product_cat-cuba","7":"product_tag-43-mg-pouch","8":"pa_quantity-1-pack","9":"pa_quantity-10-pack","10":"pa_quantity-3-pack","11":"pa_quantity-30-pack","12":"pa_quantity-5-pack","13":"pa_quantity-60-pack","14":"flavours-fruits-berries","15":"format-slim","16":"nicotine-43-mg-g","17":"nicotine-extreme","19":"first","20":"outofstock","21":"taxable","22":"shipping-taxable","23":"purchasable","24":"product-type-variable"},"acf":[],"_links":{"self":[{"href":"https:\/\/whitelip.com\/cs\/wp-json\/wp\/v2\/product\/8418","targetHints":{"allow":["GET"]}}],"collection":[{"href":"https:\/\/whitelip.com\/cs\/wp-json\/wp\/v2\/product"}],"about":[{"href":"https:\/\/whitelip.com\/cs\/wp-json\/wp\/v2\/types\/product"}],"replies":[{"embeddable":true,"href":"https:\/\/whitelip.com\/cs\/wp-json\/wp\/v2\/comments?post=8418"}],"wp:featuredmedia":[{"embeddable":true,"href":"https:\/\/whitelip.com\/cs\/wp-json\/wp\/v2\/media\/8419"}],"wp:attachment":[{"href":"https:\/\/whitelip.com\/cs\/wp-json\/wp\/v2\/media?parent=8418"}],"wp:term":[{"taxonomy":"product_brand","embeddable":true,"href":"https:\/\/whitelip.com\/cs\/wp-json\/wp\/v2\/product_brand?post=8418"},{"taxonomy":"product_cat","embeddable":true,"href":"https:\/\/whitelip.com\/cs\/wp-json\/wp\/v2\/product_cat?post=8418"},{"taxonomy":"product_tag","embeddable":true,"href":"https:\/\/whitelip.com\/cs\/wp-json\/wp\/v2\/product_tag?post=8418"},{"taxonomy":"flavours","embeddable":true,"href":"https:\/\/whitelip.com\/cs\/wp-json\/wp\/v2\/flavours?post=8418"},{"taxonomy":"format","embeddable":true,"href":"https:\/\/whitelip.com\/cs\/wp-json\/wp\/v2\/format?post=8418"},{"taxonomy":"nicotine","embeddable":true,"href":"https:\/\/whitelip.com\/cs\/wp-json\/wp\/v2\/nicotine?post=8418"}],"curies":[{"name":"wp","href":"https:\/\/api.w.org\/{rel}","templated":true}]}}