{"id":8394,"date":"2024-12-20T19:39:06","date_gmt":"2024-12-20T19:39:06","guid":{"rendered":"https:\/\/whitelip.com\/velo-simply-spearmint-mini\/"},"modified":"2026-04-29T10:11:31","modified_gmt":"2026-04-29T10:11:31","slug":"velo-simply-spearmint-mini","status":"publish","type":"product","link":"https:\/\/whitelip.com\/cs\/velo\/velo-simply-spearmint-mini\/","title":{"rendered":"VELO Simply Spearmint Mini"},"content":{"rendered":"<h2><strong>VELO Simply Spearmint Mini<\/strong><\/h2>\n<p><span style=\"font-weight: 400;\">VELO Simply Spearmint Mini nab\u00edz\u00ed osv\u011b\u017euj\u00edc\u00ed sm\u011bs p\u0159\u00edchut\u00ed m\u00e1ty a spearmintu, kter\u00e1 p\u0159in\u00e1\u0161\u00ed jemn\u00fd a p\u0159\u00edjemn\u00fd mentolov\u00fd z\u00e1\u017eitek v diskr\u00e9tn\u00edm mini s\u00e1\u010dku. Tyto beztab\u00e1kov\u00e9, zcela b\u00edl\u00e9 s\u00e1\u010dky jsou ide\u00e1ln\u00ed pro ty, kte\u0159\u00ed hledaj\u00ed leh\u010d\u00ed nikotinov\u00fd z\u00e1\u017eitek s jemn\u00fdm chladiv\u00fdm pocitem a poskytuj\u00ed pohodln\u00e9 no\u0161en\u00ed a konzistentn\u00ed uvol\u0148ov\u00e1n\u00ed p\u0159\u00edchut\u011b a nikotinu.<\/span><\/p>\n<table>\n<tbody>\n<tr>\n<td><b>Atribut<\/b><\/td>\n<td><b>Podrobnosti na<\/b><\/td>\n<\/tr>\n<tr>\n<td><span style=\"font-weight: 400;\">Zna\u010dka<\/span><\/td>\n<td><span style=\"font-weight: 400;\">VELO<\/span><\/td>\n<\/tr>\n<tr>\n<td><span style=\"font-weight: 400;\">Typ v\u00fdrobku<\/span><\/td>\n<td><span style=\"font-weight: 400;\">V\u0161echny b\u00edl\u00e9 nikotinov\u00e9 s\u00e1\u010dky<\/span><\/td>\n<\/tr>\n<tr>\n<td><span style=\"font-weight: 400;\">Form\u00e1t<\/span><\/td>\n<td><span style=\"font-weight: 400;\">Mini<\/span><\/td>\n<\/tr>\n<tr>\n<td><span style=\"font-weight: 400;\">P\u0159\u00edchu\u0165<\/span><\/td>\n<td><span style=\"font-weight: 400;\">M\u00e1ta peprn\u00e1 a m\u00e1ta<\/span><\/td>\n<\/tr>\n<tr>\n<td><span style=\"font-weight: 400;\">S\u00edla nikotinu<\/span><\/td>\n<td><span style=\"font-weight: 400;\">9,5 mg\/g (4 mg na s\u00e1\u010dek)<\/span><\/td>\n<\/tr>\n<tr>\n<td><span style=\"font-weight: 400;\">Hmotnost porce<\/span><\/td>\n<td><span style=\"font-weight: 400;\">0,42 gram\u016f<\/span><\/td>\n<\/tr>\n<tr>\n<td><span style=\"font-weight: 400;\">Po\u010det porc\u00ed<\/span><\/td>\n<td><span style=\"font-weight: 400;\">20 za plechovku<\/span><\/td>\n<\/tr>\n<tr>\n<td><span style=\"font-weight: 400;\">Celkov\u00e1 hmotnost plechovky<\/span><\/td>\n<td><span style=\"font-weight: 400;\">8,4 gram\u016f<\/span><\/td>\n<\/tr>\n<tr>\n<td><span style=\"font-weight: 400;\">V\u00fdrobce<\/span><\/td>\n<td><span style=\"font-weight: 400;\">BAT<\/span><\/td>\n<\/tr>\n<tr>\n<td><span style=\"font-weight: 400;\">Pozoruhodn\u00e9 funkce<\/span><\/td>\n<td><span style=\"font-weight: 400;\">Bez tab\u00e1ku, diskr\u00e9tn\u00ed mini porce, jemn\u00e1 mentolov\u00e1 p\u0159\u00edchu\u0165<\/span><\/td>\n<\/tr>\n<\/tbody>\n<\/table>","protected":false},"excerpt":{"rendered":"<p class=\"translation-block\">Nikotinov\u00e9 s\u00e1\u010dky VELO Simply Spearmint Mini poskytuj\u00ed osv\u011b\u017euj\u00edc\u00ed p\u0159\u00edchu\u0165 Spearmint &amp;amp; Mint s m\u00edrn\u00fdm mentolsk\u00fdm n\u00e1dechem. Mini, b\u00edl\u00fd form\u00e1t pro diskr\u00e9tn\u00ed, pohodln\u00e9 pou\u017e\u00edv\u00e1n\u00ed a konzistentn\u00ed uvol\u0148ov\u00e1n\u00ed. Ka\u017ed\u00fd s\u00e1\u010dek obsahuje 4 mg nikotinu.<\/p>","protected":false},"featured_media":8395,"comment_status":"open","ping_status":"closed","template":"","format":[205],"meta":{"_acf_changed":false},"product_brand":[],"product_cat":[48],"product_tag":[16585],"flavours":[199],"nicotine":[231,236],"class_list":{"0":"post-8394","1":"product","2":"type-product","3":"status-publish","4":"has-post-thumbnail","6":"product_cat-velo","7":"product_tag-4-mg-pouch","8":"pa_quantity-1-pack","9":"pa_quantity-10-pack","10":"pa_quantity-3-pack","11":"pa_quantity-30-pack","12":"pa_quantity-5-pack","13":"pa_quantity-60-pack","14":"flavours-mint","15":"format-mini","16":"nicotine-9-mg-g","17":"nicotine-strong","19":"first","20":"instock","21":"taxable","22":"shipping-taxable","23":"purchasable","24":"product-type-variable"},"acf":[],"_links":{"self":[{"href":"https:\/\/whitelip.com\/cs\/wp-json\/wp\/v2\/product\/8394","targetHints":{"allow":["GET"]}}],"collection":[{"href":"https:\/\/whitelip.com\/cs\/wp-json\/wp\/v2\/product"}],"about":[{"href":"https:\/\/whitelip.com\/cs\/wp-json\/wp\/v2\/types\/product"}],"replies":[{"embeddable":true,"href":"https:\/\/whitelip.com\/cs\/wp-json\/wp\/v2\/comments?post=8394"}],"wp:featuredmedia":[{"embeddable":true,"href":"https:\/\/whitelip.com\/cs\/wp-json\/wp\/v2\/media\/8395"}],"wp:attachment":[{"href":"https:\/\/whitelip.com\/cs\/wp-json\/wp\/v2\/media?parent=8394"}],"wp:term":[{"taxonomy":"product_brand","embeddable":true,"href":"https:\/\/whitelip.com\/cs\/wp-json\/wp\/v2\/product_brand?post=8394"},{"taxonomy":"product_cat","embeddable":true,"href":"https:\/\/whitelip.com\/cs\/wp-json\/wp\/v2\/product_cat?post=8394"},{"taxonomy":"product_tag","embeddable":true,"href":"https:\/\/whitelip.com\/cs\/wp-json\/wp\/v2\/product_tag?post=8394"},{"taxonomy":"flavours","embeddable":true,"href":"https:\/\/whitelip.com\/cs\/wp-json\/wp\/v2\/flavours?post=8394"},{"taxonomy":"format","embeddable":true,"href":"https:\/\/whitelip.com\/cs\/wp-json\/wp\/v2\/format?post=8394"},{"taxonomy":"nicotine","embeddable":true,"href":"https:\/\/whitelip.com\/cs\/wp-json\/wp\/v2\/nicotine?post=8394"}],"curies":[{"name":"wp","href":"https:\/\/api.w.org\/{rel}","templated":true}]}}