{"id":8390,"date":"2024-11-28T12:43:54","date_gmt":"2024-11-28T12:43:54","guid":{"rendered":"https:\/\/whitelip.com\/lundgrens-mork\/"},"modified":"2026-04-29T10:11:08","modified_gmt":"2026-04-29T10:11:08","slug":"lundgrens-mork","status":"publish","type":"product","link":"https:\/\/whitelip.com\/cs\/lundgrens\/lundgrens-mork\/","title":{"rendered":"LUNDGRENS M\u00f6rk"},"content":{"rendered":"<h2><b>LUNDGRENS M\u00f6rk<\/b><\/h2>\n<p><span style=\"font-weight: 400;\">Nikotinov\u00e9 s\u00e1\u010dky LUNDGRENS M\u00f6rk nab\u00edzej\u00ed bohat\u00fd a robustn\u00ed chu\u0165ov\u00fd profil s kou\u0159ov\u00fdmi a zemit\u00fdmi t\u00f3ny, ide\u00e1ln\u00ed pro ty, kte\u0159\u00ed d\u00e1vaj\u00ed p\u0159ednost hlubok\u00fdm a tradi\u010dn\u00edm chut\u00edm. Tyto tenk\u00e9, zcela b\u00edl\u00e9 s\u00e1\u010dky jsou navr\u017eeny pro diskr\u00e9tn\u00ed pou\u017eit\u00ed a poskytuj\u00ed konzistentn\u00ed a uspokojiv\u00e9 uvol\u0148ov\u00e1n\u00ed chuti a nikotinu. LUNDGRENS M\u00f6rk je pe\u010dliv\u011b vyroben tak, aby poskytoval prvot\u0159\u00eddn\u00ed z\u00e1\u017eitek jak zku\u0161en\u00fdm u\u017eivatel\u016fm, tak t\u011bm, kte\u0159\u00ed zkoumaj\u00ed komplexn\u011bj\u0161\u00ed chu\u0165ov\u00e9 profily.<\/span><\/p>\n<table>\n<tbody>\n<tr>\n<td><b>Atribut<\/b><\/td>\n<td><b>Podrobnosti na<\/b><\/td>\n<\/tr>\n<tr>\n<td><span style=\"font-weight: 400;\">Obsah na plechovku<\/span><\/td>\n<td><span style=\"font-weight: 400;\">21.6g<\/span><\/td>\n<\/tr>\n<tr>\n<td><span style=\"font-weight: 400;\">Obsah nikotinu<\/span><\/td>\n<td><span style=\"font-weight: 400;\">10 mg\/g (8 mg na s\u00e1\u010dek)<\/span><\/td>\n<\/tr>\n<tr>\n<td><span style=\"font-weight: 400;\">Form\u00e1t pouzdra<\/span><\/td>\n<td><span style=\"font-weight: 400;\">Slim<\/span><\/td>\n<\/tr>\n<tr>\n<td><span style=\"font-weight: 400;\">V\u00fdrobce<\/span><\/td>\n<td><span style=\"font-weight: 400;\">Fiedler &amp; Lundgren<\/span><\/td>\n<\/tr>\n<tr>\n<td><span style=\"font-weight: 400;\">P\u0159\u00edchu\u0165<\/span><\/td>\n<td><span style=\"font-weight: 400;\">Kou\u0159ov\u00fd a zemit\u00fd<\/span><\/td>\n<\/tr>\n<tr>\n<td><span style=\"font-weight: 400;\">Typ<\/span><\/td>\n<td><span style=\"font-weight: 400;\">Celob\u00edl\u00fd s\u00e1\u010dek, bez tab\u00e1ku<\/span><\/td>\n<\/tr>\n<\/tbody>\n<\/table>","protected":false},"excerpt":{"rendered":"<p>Lundgrens M\u00f6rk p\u0159in\u00e1\u0161\u00ed <strong data-start=\"26\" data-end=\"43\">kou\u0159ov\u00fd, zemit\u00fd<\/strong> profil s bohat\u00fdm, robustn\u00edm charakterem pro ty, kte\u0159\u00ed d\u00e1vaj\u00ed p\u0159ednost hlubok\u00fdm, tradi\u010dn\u00edm chut\u00edm. Na <strong>slim<\/strong>, celob\u00edl\u00e9 s\u00e1\u010dky jsou diskr\u00e9tn\u011b um\u00edst\u011bny pod rty pro \u010dist\u00e9 a pohodln\u00e9 pou\u017e\u00edv\u00e1n\u00ed a poskytuj\u00ed konzistentn\u00ed a uspokojiv\u00e9 uvol\u0148ov\u00e1n\u00ed chuti a nikotinu.<\/p>","protected":false},"featured_media":3096,"comment_status":"open","ping_status":"closed","template":"","format":[204],"meta":{"_acf_changed":false},"product_brand":[],"product_cat":[59],"product_tag":[16583],"flavours":[237],"nicotine":[207,236],"class_list":{"0":"post-8390","1":"product","2":"type-product","3":"status-publish","4":"has-post-thumbnail","6":"product_cat-lundgrens","7":"product_tag-8-mg-pouch","8":"pa_quantity-1-pack","9":"pa_quantity-10-pack","10":"pa_quantity-3-pack","11":"pa_quantity-30-pack","12":"pa_quantity-5-pack","13":"pa_quantity-60-pack","14":"flavours-smokey","15":"format-large","16":"nicotine-10-mg-g","17":"nicotine-strong","19":"first","20":"outofstock","21":"taxable","22":"shipping-taxable","23":"purchasable","24":"product-type-variable"},"acf":[],"_links":{"self":[{"href":"https:\/\/whitelip.com\/cs\/wp-json\/wp\/v2\/product\/8390","targetHints":{"allow":["GET"]}}],"collection":[{"href":"https:\/\/whitelip.com\/cs\/wp-json\/wp\/v2\/product"}],"about":[{"href":"https:\/\/whitelip.com\/cs\/wp-json\/wp\/v2\/types\/product"}],"replies":[{"embeddable":true,"href":"https:\/\/whitelip.com\/cs\/wp-json\/wp\/v2\/comments?post=8390"}],"wp:featuredmedia":[{"embeddable":true,"href":"https:\/\/whitelip.com\/cs\/wp-json\/wp\/v2\/media\/3096"}],"wp:attachment":[{"href":"https:\/\/whitelip.com\/cs\/wp-json\/wp\/v2\/media?parent=8390"}],"wp:term":[{"taxonomy":"product_brand","embeddable":true,"href":"https:\/\/whitelip.com\/cs\/wp-json\/wp\/v2\/product_brand?post=8390"},{"taxonomy":"product_cat","embeddable":true,"href":"https:\/\/whitelip.com\/cs\/wp-json\/wp\/v2\/product_cat?post=8390"},{"taxonomy":"product_tag","embeddable":true,"href":"https:\/\/whitelip.com\/cs\/wp-json\/wp\/v2\/product_tag?post=8390"},{"taxonomy":"flavours","embeddable":true,"href":"https:\/\/whitelip.com\/cs\/wp-json\/wp\/v2\/flavours?post=8390"},{"taxonomy":"format","embeddable":true,"href":"https:\/\/whitelip.com\/cs\/wp-json\/wp\/v2\/format?post=8390"},{"taxonomy":"nicotine","embeddable":true,"href":"https:\/\/whitelip.com\/cs\/wp-json\/wp\/v2\/nicotine?post=8390"}],"curies":[{"name":"wp","href":"https:\/\/api.w.org\/{rel}","templated":true}]}}