{"id":8388,"date":"2024-11-28T12:43:54","date_gmt":"2024-11-28T12:43:54","guid":{"rendered":"https:\/\/whitelip.com\/lundgrens-vagsvall\/"},"modified":"2026-04-28T10:11:19","modified_gmt":"2026-04-28T10:11:19","slug":"lundgrens-vagsvall","status":"publish","type":"product","link":"https:\/\/whitelip.com\/cs\/lundgrens\/lundgrens-vagsvall\/","title":{"rendered":"LUNDGRENS V\u00e5gsvall"},"content":{"rendered":"<h2><b>LUNDGRENS V\u00e5gsvall<\/b><\/h2>\n<p><span style=\"font-weight: 400;\">Nikotinov\u00e9 s\u00e1\u010dky LUNDGRENS V\u00e5gsvall jsou inspirov\u00e1ny \u0161v\u00e9dsk\u00fdm pob\u0159e\u017e\u00edm a nab\u00edzej\u00ed jedine\u010dnou sm\u011bs rakytn\u00edku a slan\u00e9 l\u00e9ko\u0159ice pro osv\u011b\u017euj\u00edc\u00ed a aromatick\u00fd z\u00e1\u017eitek. Tyto tenk\u00e9, zcela b\u00edl\u00e9 s\u00e1\u010dky jsou vyrobeny pro diskr\u00e9tn\u00ed a pohodln\u00e9 ulo\u017een\u00ed pod rty a zaji\u0161\u0165uj\u00ed \u010dist\u00e9 a uspokojiv\u00e9 uvol\u0148ov\u00e1n\u00ed chuti a nikotinu. LUNDGRENS V\u00e5gsvall je ur\u010den pro ty, kte\u0159\u00ed maj\u00ed r\u00e1di v\u00fdrazn\u00e9, ale vyv\u00e1\u017een\u00e9 chut\u011b, a p\u0159in\u00e1\u0161\u00ed v\u00fdrazn\u00fd pocit, kter\u00fd vynikne.<\/span><\/p>\n<table>\n<tbody>\n<tr>\n<td><b>Atribut<\/b><\/td>\n<td><b>Podrobnosti na<\/b><\/td>\n<\/tr>\n<tr>\n<td><span style=\"font-weight: 400;\">Obsah na plechovku<\/span><\/td>\n<td><span style=\"font-weight: 400;\">21.6g<\/span><\/td>\n<\/tr>\n<tr>\n<td><span style=\"font-weight: 400;\">Obsah nikotinu<\/span><\/td>\n<td><span style=\"font-weight: 400;\">10 mg\/g (8 mg na s\u00e1\u010dek)<\/span><\/td>\n<\/tr>\n<tr>\n<td><span style=\"font-weight: 400;\">Form\u00e1t pouzdra<\/span><\/td>\n<td><span style=\"font-weight: 400;\">Slim<\/span><\/td>\n<\/tr>\n<tr>\n<td><span style=\"font-weight: 400;\">V\u00fdrobce<\/span><\/td>\n<td><span style=\"font-weight: 400;\">Fiedler &amp; Lundgren<\/span><\/td>\n<\/tr>\n<tr>\n<td><span style=\"font-weight: 400;\">P\u0159\u00edchu\u0165<\/span><\/td>\n<td><span style=\"font-weight: 400;\">Rakytn\u00edk \u0159e\u0161etl\u00e1kov\u00fd a slan\u00e1 l\u00e9ko\u0159ice<\/span><\/td>\n<\/tr>\n<tr>\n<td><span style=\"font-weight: 400;\">Typ<\/span><\/td>\n<td><span style=\"font-weight: 400;\">Celob\u00edl\u00fd s\u00e1\u010dek, bez tab\u00e1ku<\/span><\/td>\n<\/tr>\n<\/tbody>\n<\/table>","protected":false},"excerpt":{"rendered":"<p><span style=\"font-weight: 400;\">LUNDGRENS V\u00e5gsvall nab\u00edz\u00ed jedine\u010dnou kombinaci <strong data-start=\"0\" data-end=\"34\" data-is-only-node=\"\">Rakytn\u00edk \u0159e\u0161etl\u00e1kov\u00fd a slan\u00e1 l\u00e9ko\u0159ice<\/strong> p\u0159in\u00e1\u0161\u00ed osv\u011b\u017euj\u00edc\u00ed chu\u0165ov\u00fd profil inspirovan\u00fd \u0161v\u00e9dsk\u00fdm pob\u0159e\u017e\u00edm. <strong>Slim<\/strong>, celob\u00edl\u00e9 s\u00e1\u010dky diskr\u00e9tn\u011b a pohodln\u011b zapadaj\u00ed pod ret a zaji\u0161\u0165uj\u00ed \u010dist\u00e9 a uspokojiv\u00e9 uvoln\u011bn\u00ed. LUNDGRENS V\u00e5gsvall je vytvo\u0159en pro ty, kte\u0159\u00ed maj\u00ed r\u00e1di odv\u00e1\u017en\u00e9, ale vyv\u00e1\u017een\u00e9 chut\u011b, a nab\u00edz\u00ed v\u00fdrazn\u00fd pocit, kter\u00fd vynikne.<\/span><\/p>","protected":false},"featured_media":8389,"comment_status":"open","ping_status":"closed","template":"","format":[204],"meta":{"_acf_changed":false},"product_brand":[],"product_cat":[59],"product_tag":[16583],"flavours":[196],"nicotine":[207,236],"class_list":{"0":"post-8388","1":"product","2":"type-product","3":"status-publish","4":"has-post-thumbnail","6":"product_cat-lundgrens","7":"product_tag-8-mg-pouch","8":"pa_quantity-1-pack","9":"pa_quantity-10-pack","10":"pa_quantity-3-pack","11":"pa_quantity-30-pack","12":"pa_quantity-5-pack","13":"pa_quantity-60-pack","14":"flavours-fruits-berries","15":"format-large","16":"nicotine-10-mg-g","17":"nicotine-strong","19":"first","20":"outofstock","21":"taxable","22":"shipping-taxable","23":"purchasable","24":"product-type-variable"},"acf":[],"_links":{"self":[{"href":"https:\/\/whitelip.com\/cs\/wp-json\/wp\/v2\/product\/8388","targetHints":{"allow":["GET"]}}],"collection":[{"href":"https:\/\/whitelip.com\/cs\/wp-json\/wp\/v2\/product"}],"about":[{"href":"https:\/\/whitelip.com\/cs\/wp-json\/wp\/v2\/types\/product"}],"replies":[{"embeddable":true,"href":"https:\/\/whitelip.com\/cs\/wp-json\/wp\/v2\/comments?post=8388"}],"wp:featuredmedia":[{"embeddable":true,"href":"https:\/\/whitelip.com\/cs\/wp-json\/wp\/v2\/media\/8389"}],"wp:attachment":[{"href":"https:\/\/whitelip.com\/cs\/wp-json\/wp\/v2\/media?parent=8388"}],"wp:term":[{"taxonomy":"product_brand","embeddable":true,"href":"https:\/\/whitelip.com\/cs\/wp-json\/wp\/v2\/product_brand?post=8388"},{"taxonomy":"product_cat","embeddable":true,"href":"https:\/\/whitelip.com\/cs\/wp-json\/wp\/v2\/product_cat?post=8388"},{"taxonomy":"product_tag","embeddable":true,"href":"https:\/\/whitelip.com\/cs\/wp-json\/wp\/v2\/product_tag?post=8388"},{"taxonomy":"flavours","embeddable":true,"href":"https:\/\/whitelip.com\/cs\/wp-json\/wp\/v2\/flavours?post=8388"},{"taxonomy":"format","embeddable":true,"href":"https:\/\/whitelip.com\/cs\/wp-json\/wp\/v2\/format?post=8388"},{"taxonomy":"nicotine","embeddable":true,"href":"https:\/\/whitelip.com\/cs\/wp-json\/wp\/v2\/nicotine?post=8388"}],"curies":[{"name":"wp","href":"https:\/\/api.w.org\/{rel}","templated":true}]}}