{"id":8374,"date":"2024-11-28T12:43:30","date_gmt":"2024-11-28T12:43:30","guid":{"rendered":"https:\/\/whitelip.com\/siberia-80-all-white-ultra-slim\/"},"modified":"2026-04-17T05:03:09","modified_gmt":"2026-04-17T05:03:09","slug":"siberia-80-all-white-ultra-slim","status":"publish","type":"product","link":"https:\/\/whitelip.com\/cs\/siberia\/siberia-80-all-white-ultra-slim\/","title":{"rendered":"Siberia -80 All White Ultra Slim"},"content":{"rendered":"<h2><b>Siberia -80 All White Ultra Slim<\/b><\/h2>\n<p><span style=\"font-weight: 400;\">Nikotinov\u00e9 s\u00e1\u010dky Siberia -80 All White Ultra Slim jsou ur\u010deny pro ty, kte\u0159\u00ed hledaj\u00ed mimo\u0159\u00e1dn\u011b siln\u00fd nikotinov\u00fd z\u00e1\u017eitek v kombinaci se sv\u011b\u017e\u00ed a ledovou m\u00e1tovou p\u0159\u00edchut\u00ed. Tyto ultra tenk\u00e9 s\u00e1\u010dky bez tab\u00e1ku poskytuj\u00ed siln\u00fd nikotinov\u00fd n\u00e1boj a z\u00e1rove\u0148 nab\u00edzej\u00ed diskr\u00e9tn\u00ed a pohodln\u00e9 ulo\u017een\u00ed pod rty. Siberia -80 je ide\u00e1ln\u00ed pro zku\u0161en\u00e9 u\u017eivatele a p\u0159in\u00e1\u0161\u00ed intenzivn\u00ed a osv\u011b\u017euj\u00edc\u00ed uvoln\u011bn\u00ed chuti a nikotinu bez zabarven\u00ed zub\u016f.<\/span><\/p>\n<table>\n<tbody>\n<tr>\n<td><b>Atribut<\/b><\/td>\n<td><b>Podrobnosti na<\/b><\/td>\n<\/tr>\n<tr>\n<td><span style=\"font-weight: 400;\">Obsah na plechovku<\/span><\/td>\n<td><span style=\"font-weight: 400;\">15 g (20 s\u00e1\u010dk\u016f)<\/span><\/td>\n<\/tr>\n<tr>\n<td><span style=\"font-weight: 400;\">Obsah nikotinu<\/span><\/td>\n<td><span style=\"font-weight: 400;\">33 mg\/g (25 mg na s\u00e1\u010dek)<\/span><\/td>\n<\/tr>\n<tr>\n<td><span style=\"font-weight: 400;\">Form\u00e1t pouzdra<\/span><\/td>\n<td><span style=\"font-weight: 400;\">Ultra Slim<\/span><\/td>\n<\/tr>\n<tr>\n<td><span style=\"font-weight: 400;\">V\u00fdrobce<\/span><\/td>\n<td><span style=\"font-weight: 400;\">SIBERIA<\/span><\/td>\n<\/tr>\n<tr>\n<td><span style=\"font-weight: 400;\">P\u0159\u00edchu\u0165<\/span><\/td>\n<td><span style=\"font-weight: 400;\">Icy Mint<\/span><\/td>\n<\/tr>\n<tr>\n<td><span style=\"font-weight: 400;\">Typ<\/span><\/td>\n<td><span style=\"font-weight: 400;\">Celob\u00edl\u00fd s\u00e1\u010dek, bez tab\u00e1ku<\/span><\/td>\n<\/tr>\n<\/tbody>\n<\/table>","protected":false},"excerpt":{"rendered":"<p>Siberia -80 All White Ultra Slim nikotinov\u00e9 s\u00e1\u010dky p\u0159in\u00e1\u0161ej\u00ed velmi siln\u00fd <strong data-start=\"74\" data-end=\"86\">Icy Mint<\/strong> chu\u0165 s k\u0159upav\u00fdm, mraziv\u00fdm profilem. <strong data-start=\"124\" data-end=\"132\">Slim<\/strong>, beztab\u00e1kov\u00fd form\u00e1t pro diskr\u00e9tn\u00ed a pohodln\u00e9 pou\u017e\u00edv\u00e1n\u00ed a \u010dist\u00e9, osv\u011b\u017euj\u00edc\u00ed uvoln\u011bn\u00ed. Ka\u017ed\u00fd s\u00e1\u010dek obsahuje <strong data-start=\"237\" data-end=\"255\">25 mg nikotinu<\/strong>.<\/p>","protected":false},"featured_media":8375,"comment_status":"open","ping_status":"closed","template":"","format":[206],"meta":{"_acf_changed":false},"product_brand":[],"product_cat":[61],"product_tag":[16589],"flavours":[199],"nicotine":[222,233],"class_list":{"0":"post-8374","1":"product","2":"type-product","3":"status-publish","4":"has-post-thumbnail","6":"product_cat-siberia","7":"product_tag-25-mg-pouch","8":"pa_quantity-1-pack","9":"pa_quantity-10-pack","10":"pa_quantity-3-pack","11":"pa_quantity-30-pack","12":"pa_quantity-5-pack","13":"pa_quantity-60-pack","14":"flavours-mint","15":"format-slim","16":"nicotine-33-mg-g","17":"nicotine-extreme","19":"first","20":"instock","21":"taxable","22":"shipping-taxable","23":"purchasable","24":"product-type-variable"},"acf":[],"_links":{"self":[{"href":"https:\/\/whitelip.com\/cs\/wp-json\/wp\/v2\/product\/8374","targetHints":{"allow":["GET"]}}],"collection":[{"href":"https:\/\/whitelip.com\/cs\/wp-json\/wp\/v2\/product"}],"about":[{"href":"https:\/\/whitelip.com\/cs\/wp-json\/wp\/v2\/types\/product"}],"replies":[{"embeddable":true,"href":"https:\/\/whitelip.com\/cs\/wp-json\/wp\/v2\/comments?post=8374"}],"wp:featuredmedia":[{"embeddable":true,"href":"https:\/\/whitelip.com\/cs\/wp-json\/wp\/v2\/media\/8375"}],"wp:attachment":[{"href":"https:\/\/whitelip.com\/cs\/wp-json\/wp\/v2\/media?parent=8374"}],"wp:term":[{"taxonomy":"product_brand","embeddable":true,"href":"https:\/\/whitelip.com\/cs\/wp-json\/wp\/v2\/product_brand?post=8374"},{"taxonomy":"product_cat","embeddable":true,"href":"https:\/\/whitelip.com\/cs\/wp-json\/wp\/v2\/product_cat?post=8374"},{"taxonomy":"product_tag","embeddable":true,"href":"https:\/\/whitelip.com\/cs\/wp-json\/wp\/v2\/product_tag?post=8374"},{"taxonomy":"flavours","embeddable":true,"href":"https:\/\/whitelip.com\/cs\/wp-json\/wp\/v2\/flavours?post=8374"},{"taxonomy":"format","embeddable":true,"href":"https:\/\/whitelip.com\/cs\/wp-json\/wp\/v2\/format?post=8374"},{"taxonomy":"nicotine","embeddable":true,"href":"https:\/\/whitelip.com\/cs\/wp-json\/wp\/v2\/nicotine?post=8374"}],"curies":[{"name":"wp","href":"https:\/\/api.w.org\/{rel}","templated":true}]}}