{"id":8366,"date":"2024-11-28T12:43:29","date_gmt":"2024-11-28T12:43:29","guid":{"rendered":"https:\/\/whitelip.com\/zyn-lemon-spritz-6-5mg\/"},"modified":"2026-04-15T19:21:22","modified_gmt":"2026-04-15T19:21:22","slug":"zyn-lemon-spritz-6-5mg","status":"publish","type":"product","link":"https:\/\/whitelip.com\/cs\/zyn\/zyn-lemon-spritz-6-5mg\/","title":{"rendered":"ZYN Lemon Spritz 6,5 mg"},"content":{"rendered":"<h2><b>ZYN Lemon Spritz 6,5 mg<\/b><\/h2>\n<p><span style=\"font-weight: 400;\">ZYN Lemon Spritz 6,5 mg nab\u00edz\u00ed osv\u011b\u017euj\u00edc\u00ed sm\u011bs citrusov\u00fdch chut\u00ed, kter\u00e1 kombinuje trpkost citronu a grapefruitu se sladkost\u00ed broskve a n\u00e1dechem r\u016f\u017eov\u00e9 vody. Ka\u017ed\u00fd tenk\u00fd, celob\u00edl\u00fd s\u00e1\u010dek obsahuje 6,5 mg nikotinu, co\u017e zaji\u0161\u0165uje m\u00edrn\u00e9 a stabiln\u00ed uvol\u0148ov\u00e1n\u00ed, ide\u00e1ln\u00ed pro ty, kte\u0159\u00ed hledaj\u00ed vyv\u00e1\u017een\u00fd nikotinov\u00fd z\u00e1\u017eitek.<\/span><\/p>\n<p><span style=\"font-weight: 400;\">Tenk\u00fd form\u00e1t zaji\u0161\u0165uje diskr\u00e9tn\u00ed a pohodln\u00e9 ulo\u017een\u00ed pod rty a umo\u017e\u0148uje kdykoli pou\u017e\u00edvat \u010dist\u00fd a nezanech\u00e1vaj\u00edc\u00ed skvrny. ZYN Lemon Spritz 6,5 mg je vyroben v\u00fdhradn\u011b z vysoce kvalitn\u00edch rostlinn\u00fdch materi\u00e1l\u016f a nab\u00edz\u00ed modern\u00ed a p\u0159\u00edjemnou nikotinovou alternativu s \u017eivou, chladivou chut\u00ed.<\/span><\/p>\n<table>\n<tbody>\n<tr>\n<td><b>Atribut<\/b><\/td>\n<td><b>Podrobnosti na<\/b><\/td>\n<\/tr>\n<tr>\n<td><span style=\"font-weight: 400;\">Zna\u010dka<\/span><\/td>\n<td><span style=\"font-weight: 400;\">ZYN<\/span><\/td>\n<\/tr>\n<tr>\n<td><span style=\"font-weight: 400;\">Typ v\u00fdrobku<\/span><\/td>\n<td><span style=\"font-weight: 400;\">V\u0161echny b\u00edl\u00e9 nikotinov\u00e9 s\u00e1\u010dky<\/span><\/td>\n<\/tr>\n<tr>\n<td><span style=\"font-weight: 400;\">Form\u00e1t<\/span><\/td>\n<td><span style=\"font-weight: 400;\">Slim<\/span><\/td>\n<\/tr>\n<tr>\n<td><span style=\"font-weight: 400;\">P\u0159\u00edchu\u0165<\/span><\/td>\n<td><span style=\"font-weight: 400;\">Citronov\u00e1, grapefruitov\u00e1, broskvov\u00e1 a r\u016f\u017eov\u00e1 voda<\/span><\/td>\n<\/tr>\n<tr>\n<td><span style=\"font-weight: 400;\">S\u00edla nikotinu<\/span><\/td>\n<td><span style=\"font-weight: 400;\">6,5 mg na s\u00e1\u010dek<\/span><\/td>\n<\/tr>\n<tr>\n<td><span style=\"font-weight: 400;\">Hmotnost porce<\/span><\/td>\n<td><span style=\"font-weight: 400;\">0,7 gramu<\/span><\/td>\n<\/tr>\n<tr>\n<td><span style=\"font-weight: 400;\">Po\u010det porc\u00ed<\/span><\/td>\n<td><span style=\"font-weight: 400;\">21 za plechovku<\/span><\/td>\n<\/tr>\n<tr>\n<td><span style=\"font-weight: 400;\">Celkov\u00e1 hmotnost plechovky<\/span><\/td>\n<td><span style=\"font-weight: 400;\">14,7 gram\u016f<\/span><\/td>\n<\/tr>\n<tr>\n<td><span style=\"font-weight: 400;\">V\u00fdrobce<\/span><\/td>\n<td><span style=\"font-weight: 400;\">\u0160v\u00e9dsk\u00e1 z\u00e1palka<\/span><\/td>\n<\/tr>\n<tr>\n<td><span style=\"font-weight: 400;\">Pozoruhodn\u00e9 funkce<\/span><\/td>\n<td><span style=\"font-weight: 400;\">Bez tab\u00e1ku, tenk\u00fd form\u00e1t, citrusov\u00e1 a kv\u011btinov\u00e1 p\u0159\u00edchu\u0165<\/span><\/td>\n<\/tr>\n<\/tbody>\n<\/table>","protected":false},"excerpt":{"rendered":"<p>ZYN <strong data-start=\"4\" data-end=\"20\">Citronov\u00fd \u0161pritz<\/strong> <strong data-start=\"21\" data-end=\"29\">slim<\/strong> m\u00eds\u00ed trpk\u00fd citron a grapefruit se sladkou broskv\u00ed a n\u00e1dechem r\u016f\u017eov\u00e9 vody a vytv\u00e1\u0159\u00ed tak z\u00e1\u0159iv\u00fd, osv\u011b\u017euj\u00edc\u00ed profil. Ka\u017ed\u00fd s\u00e1\u010dek obsahuje <strong data-start=\"159\" data-end=\"178\">6,5 mg nikotinu<\/strong> pro m\u00edrn\u00e9 a rovnom\u011brn\u00e9 uvol\u0148ov\u00e1n\u00ed.<\/p>","protected":false},"featured_media":8367,"comment_status":"open","ping_status":"closed","template":"","format":[206],"meta":{"_acf_changed":false},"product_brand":[],"product_cat":[37],"product_tag":[16638],"flavours":[190,191,196],"nicotine":[230,236],"class_list":{"0":"post-8366","1":"product","2":"type-product","3":"status-publish","4":"has-post-thumbnail","6":"product_cat-zyn","7":"product_tag-6-5-mg-pouch","8":"pa_quantity-1-pack","9":"pa_quantity-10-pack","10":"pa_quantity-3-pack","11":"pa_quantity-30-pack","12":"pa_quantity-5-pack","13":"pa_quantity-60-pack","14":"flavours-citrus","15":"flavours-cocktails","16":"flavours-fruits-berries","17":"format-slim","18":"nicotine-8-mg-g","19":"nicotine-strong","21":"first","22":"instock","23":"taxable","24":"shipping-taxable","25":"purchasable","26":"product-type-variable"},"acf":[],"_links":{"self":[{"href":"https:\/\/whitelip.com\/cs\/wp-json\/wp\/v2\/product\/8366","targetHints":{"allow":["GET"]}}],"collection":[{"href":"https:\/\/whitelip.com\/cs\/wp-json\/wp\/v2\/product"}],"about":[{"href":"https:\/\/whitelip.com\/cs\/wp-json\/wp\/v2\/types\/product"}],"replies":[{"embeddable":true,"href":"https:\/\/whitelip.com\/cs\/wp-json\/wp\/v2\/comments?post=8366"}],"wp:featuredmedia":[{"embeddable":true,"href":"https:\/\/whitelip.com\/cs\/wp-json\/wp\/v2\/media\/8367"}],"wp:attachment":[{"href":"https:\/\/whitelip.com\/cs\/wp-json\/wp\/v2\/media?parent=8366"}],"wp:term":[{"taxonomy":"product_brand","embeddable":true,"href":"https:\/\/whitelip.com\/cs\/wp-json\/wp\/v2\/product_brand?post=8366"},{"taxonomy":"product_cat","embeddable":true,"href":"https:\/\/whitelip.com\/cs\/wp-json\/wp\/v2\/product_cat?post=8366"},{"taxonomy":"product_tag","embeddable":true,"href":"https:\/\/whitelip.com\/cs\/wp-json\/wp\/v2\/product_tag?post=8366"},{"taxonomy":"flavours","embeddable":true,"href":"https:\/\/whitelip.com\/cs\/wp-json\/wp\/v2\/flavours?post=8366"},{"taxonomy":"format","embeddable":true,"href":"https:\/\/whitelip.com\/cs\/wp-json\/wp\/v2\/format?post=8366"},{"taxonomy":"nicotine","embeddable":true,"href":"https:\/\/whitelip.com\/cs\/wp-json\/wp\/v2\/nicotine?post=8366"}],"curies":[{"name":"wp","href":"https:\/\/api.w.org\/{rel}","templated":true}]}}