{"id":8350,"date":"2024-12-20T19:39:09","date_gmt":"2024-12-20T19:39:09","guid":{"rendered":"https:\/\/whitelip.com\/xqs-tropical-light\/"},"modified":"2026-05-09T10:11:24","modified_gmt":"2026-05-09T10:11:24","slug":"xqs-tropical-light","status":"publish","type":"product","link":"https:\/\/whitelip.com\/cs\/xqs\/xqs-tropical-light\/","title":{"rendered":"XQS Tropical Light"},"content":{"rendered":"<h2><b>XQS Tropical Light<\/b><\/h2>\n<p><span style=\"font-weight: 400;\">XQS Tropical Light nab\u00edz\u00ed <\/span><b>\u017eiv\u00e1 a osv\u011b\u017euj\u00edc\u00ed p\u0159\u00edchu\u0165 tropick\u00e9ho ovoce<\/b><span style=\"font-weight: 400;\">, ve kter\u00e9 se m\u00eds\u00ed t\u00f3ny \u0161\u0165avnat\u00e9ho ananasu, sladk\u00e9ho manga a jemn\u00fdch citrus\u016f, co\u017e p\u0159in\u00e1\u0161\u00ed hladk\u00fd a p\u0159\u00edjemn\u00fd z\u00e1\u017eitek. Ka\u017ed\u00fd tenk\u00fd, zcela b\u00edl\u00fd s\u00e1\u010dek je ide\u00e1ln\u00ed pro u\u017eivatele, kte\u0159\u00ed hledaj\u00ed m\u00edrnou nikotinovou variantu. <\/span><b>4 mg nikotinu<\/b><span style=\"font-weight: 400;\">, kter\u00fd poskytuje jemn\u00e9 a stabiln\u00ed uvol\u0148ov\u00e1n\u00ed ide\u00e1ln\u00ed pro ka\u017edodenn\u00ed pou\u017eit\u00ed.<\/span><\/p>\n<p><span style=\"font-weight: 400;\">Tenk\u00fd form\u00e1t zaji\u0161\u0165uje diskr\u00e9tn\u00ed a pohodln\u00e9 um\u00edst\u011bn\u00ed pod rty a poskytuje \u010dist\u00fd a nezanech\u00e1vaj\u00edc\u00ed skvrny z\u00e1\u017eitek. XQS Tropical Light je modern\u00ed nikotinov\u00e1 alternativa s lahodn\u00fdm a exotick\u00fdm chu\u0165ov\u00fdm profilem, kter\u00e1 je vyrobena bez tab\u00e1ku a z vysoce kvalitn\u00edch rostlinn\u00fdch materi\u00e1l\u016f. Tento s\u00e1\u010dek je ide\u00e1ln\u00ed volbou pro u\u017eivatele, kte\u0159\u00ed si cht\u011bj\u00ed vychutnat lehk\u00fd a ovocn\u00fd nikotinov\u00fd z\u00e1\u017eitek.<\/span><\/p>\n<table>\n<tbody>\n<tr>\n<td><b>Atribut<\/b><\/td>\n<td><b>Podrobnosti na<\/b><\/td>\n<\/tr>\n<tr>\n<td><b>Zna\u010dka<\/b><\/td>\n<td><span style=\"font-weight: 400;\">XQS<\/span><\/td>\n<\/tr>\n<tr>\n<td><b>Typ v\u00fdrobku<\/b><\/td>\n<td><span style=\"font-weight: 400;\">V\u0161echny b\u00edl\u00e9 nikotinov\u00e9 s\u00e1\u010dky<\/span><\/td>\n<\/tr>\n<tr>\n<td><b>Form\u00e1t<\/b><\/td>\n<td><span style=\"font-weight: 400;\">Slim<\/span><\/td>\n<\/tr>\n<tr>\n<td><b>P\u0159\u00edchu\u0165<\/b><\/td>\n<td><span style=\"font-weight: 400;\">Tropick\u00e9 ovoce<\/span><\/td>\n<\/tr>\n<tr>\n<td><b>S\u00edla nikotinu<\/b><\/td>\n<td><span style=\"font-weight: 400;\">4 mg na s\u00e1\u010dek (5 mg\/g)<\/span><\/td>\n<\/tr>\n<tr>\n<td><b>Hmotnost porce<\/b><\/td>\n<td><span style=\"font-weight: 400;\">0,75 gramu<\/span><\/td>\n<\/tr>\n<tr>\n<td><b>Po\u010det porc\u00ed<\/b><\/td>\n<td><span style=\"font-weight: 400;\">20 za plechovku<\/span><\/td>\n<\/tr>\n<tr>\n<td><b>Celkov\u00e1 hmotnost plechovky<\/b><\/td>\n<td><span style=\"font-weight: 400;\">15 gram\u016f<\/span><\/td>\n<\/tr>\n<tr>\n<td><b>V\u00fdrobce<\/b><\/td>\n<td><span style=\"font-weight: 400;\">XQS International<\/span><\/td>\n<\/tr>\n<tr>\n<td><b>Pozoruhodn\u00e9 funkce<\/b><\/td>\n<td><span style=\"font-weight: 400;\">Bez tab\u00e1ku, tenk\u00fd form\u00e1t, lehk\u00e1 p\u0159\u00edchu\u0165 tropick\u00e9ho ovoce<\/span><\/td>\n<\/tr>\n<\/tbody>\n<\/table>","protected":false},"excerpt":{"rendered":"<p>XQS <strong data-start=\"4\" data-end=\"16\">Tropick\u00e9<\/strong> <strong data-start=\"17\" data-end=\"26\">Sv\u011btlo<\/strong> m\u00eds\u00ed \u0161\u0165avnat\u00fd ananas, sladk\u00e9 mango a jemn\u00e9 citrusy a vytv\u00e1\u0159\u00ed jemn\u00fd, osv\u011b\u017euj\u00edc\u00ed profil. Na <strong data-start=\"120\" data-end=\"128\">slim<\/strong>, celob\u00edl\u00e1 pouzdra jsou diskr\u00e9tn\u00ed a pohodln\u00e1. Ka\u017ed\u00fd s\u00e1\u010dek obsahuje <strong data-start=\"198\" data-end=\"215\">4 mg nikotinu<\/strong> pro jemn\u00e9 a stabiln\u00ed uvol\u0148ov\u00e1n\u00ed vhodn\u00e9 pro ka\u017edodenn\u00ed pou\u017eit\u00ed.<\/p>","protected":false},"featured_media":63923,"comment_status":"open","ping_status":"closed","template":"","format":[206],"meta":{"_acf_changed":false},"product_brand":[],"product_cat":[27],"product_tag":[16585],"flavours":[196],"nicotine":[230,236],"class_list":{"0":"post-8350","1":"product","2":"type-product","3":"status-publish","4":"has-post-thumbnail","6":"product_cat-xqs","7":"product_tag-4-mg-pouch","8":"pa_quantity-1-pack","9":"pa_quantity-10-pack","10":"pa_quantity-3-pack","11":"pa_quantity-30-pack","12":"pa_quantity-5-pack","13":"pa_quantity-60-pack","14":"flavours-fruits-berries","15":"format-slim","16":"nicotine-8-mg-g","17":"nicotine-strong","19":"first","20":"instock","21":"taxable","22":"shipping-taxable","23":"purchasable","24":"product-type-variable"},"acf":[],"_links":{"self":[{"href":"https:\/\/whitelip.com\/cs\/wp-json\/wp\/v2\/product\/8350","targetHints":{"allow":["GET"]}}],"collection":[{"href":"https:\/\/whitelip.com\/cs\/wp-json\/wp\/v2\/product"}],"about":[{"href":"https:\/\/whitelip.com\/cs\/wp-json\/wp\/v2\/types\/product"}],"replies":[{"embeddable":true,"href":"https:\/\/whitelip.com\/cs\/wp-json\/wp\/v2\/comments?post=8350"}],"wp:featuredmedia":[{"embeddable":true,"href":"https:\/\/whitelip.com\/cs\/wp-json\/wp\/v2\/media\/63923"}],"wp:attachment":[{"href":"https:\/\/whitelip.com\/cs\/wp-json\/wp\/v2\/media?parent=8350"}],"wp:term":[{"taxonomy":"product_brand","embeddable":true,"href":"https:\/\/whitelip.com\/cs\/wp-json\/wp\/v2\/product_brand?post=8350"},{"taxonomy":"product_cat","embeddable":true,"href":"https:\/\/whitelip.com\/cs\/wp-json\/wp\/v2\/product_cat?post=8350"},{"taxonomy":"product_tag","embeddable":true,"href":"https:\/\/whitelip.com\/cs\/wp-json\/wp\/v2\/product_tag?post=8350"},{"taxonomy":"flavours","embeddable":true,"href":"https:\/\/whitelip.com\/cs\/wp-json\/wp\/v2\/flavours?post=8350"},{"taxonomy":"format","embeddable":true,"href":"https:\/\/whitelip.com\/cs\/wp-json\/wp\/v2\/format?post=8350"},{"taxonomy":"nicotine","embeddable":true,"href":"https:\/\/whitelip.com\/cs\/wp-json\/wp\/v2\/nicotine?post=8350"}],"curies":[{"name":"wp","href":"https:\/\/api.w.org\/{rel}","templated":true}]}}