{"id":8348,"date":"2024-12-20T19:39:08","date_gmt":"2024-12-20T19:39:08","guid":{"rendered":"https:\/\/whitelip.com\/xqs-black-cherry-strong\/"},"modified":"2026-04-29T22:10:45","modified_gmt":"2026-04-29T22:10:45","slug":"xqs-black-cherry-strong","status":"publish","type":"product","link":"https:\/\/whitelip.com\/cs\/xqs\/xqs-black-cherry-strong\/","title":{"rendered":"XQS Black Cherry Strong"},"content":{"rendered":"<h2><b>XQS Black Cherry Strong<\/b><\/h2>\n<p><span style=\"font-weight: 400;\">XQS Black Cherry Strong p\u0159in\u00e1\u0161\u00ed bohat\u00fd a siln\u00fd <\/span><b>sladk\u00e1 p\u0159\u00edchu\u0165 \u010dern\u00e9 t\u0159e\u0161n\u011b<\/b><span style=\"font-weight: 400;\"> s jemn\u011b trpk\u00fdm podt\u00f3nem, kter\u00fd vytv\u00e1\u0159\u00ed hladk\u00fd a uspokojiv\u00fd nikotinov\u00fd z\u00e1\u017eitek. Ovocn\u00e9 a v\u00fdrazn\u00e9 t\u0159e\u0161\u0148ov\u00e9 t\u00f3ny nab\u00edzej\u00ed osv\u011b\u017euj\u00edc\u00ed alternativu pro ty, kte\u0159\u00ed hledaj\u00ed robustn\u00ed a aromatick\u00e9 s\u00e1\u010dky. Ka\u017ed\u00fd tenk\u00fd, zcela b\u00edl\u00fd s\u00e1\u010dek obsahuje <\/span><b>10 mg nikotinu<\/b><span style=\"font-weight: 400;\">, kter\u00e1 poskytuje siln\u00e9 a stabiln\u00ed uvol\u0148ov\u00e1n\u00ed, ide\u00e1ln\u00ed pro u\u017eivatele, kte\u0159\u00ed hledaj\u00ed spolehlivou s\u00edlu nikotinu.<\/span><\/p>\n<p><span style=\"font-weight: 400;\">Tenk\u00fd form\u00e1t zaji\u0161\u0165uje pohodln\u00e9 a diskr\u00e9tn\u00ed ulo\u017een\u00ed pod rty a umo\u017e\u0148uje \u010dist\u00e9 pou\u017eit\u00ed beze skvrn, a\u0165 jste kdekoli. XQS Black Cherry Strong, kter\u00fd je zcela bez tab\u00e1ku a je vyroben z vysoce kvalitn\u00edch rostlinn\u00fdch materi\u00e1l\u016f, je modern\u00ed nikotinovou alternativou, kter\u00e1 spojuje bohat\u00fd t\u0159e\u0161\u0148ov\u00fd profil s uspokojivou silou, ide\u00e1ln\u00ed pro ka\u017edodenn\u00ed po\u017eitek.<\/span><\/p>\n<table>\n<tbody>\n<tr>\n<td><b>Atribut<\/b><\/td>\n<td><b>Podrobnosti na<\/b><\/td>\n<\/tr>\n<tr>\n<td><b>Zna\u010dka<\/b><\/td>\n<td><span style=\"font-weight: 400;\">XQS<\/span><\/td>\n<\/tr>\n<tr>\n<td><b>Typ v\u00fdrobku<\/b><\/td>\n<td><span style=\"font-weight: 400;\">V\u0161echny b\u00edl\u00e9 nikotinov\u00e9 s\u00e1\u010dky<\/span><\/td>\n<\/tr>\n<tr>\n<td><b>Form\u00e1t<\/b><\/td>\n<td><span style=\"font-weight: 400;\">Slim<\/span><\/td>\n<\/tr>\n<tr>\n<td><b>P\u0159\u00edchu\u0165<\/b><\/td>\n<td><span style=\"font-weight: 400;\">\u010cern\u00e1 t\u0159e\u0161e\u0148<\/span><\/td>\n<\/tr>\n<tr>\n<td><b>S\u00edla nikotinu<\/b><\/td>\n<td><span style=\"font-weight: 400;\">10 mg na s\u00e1\u010dek (13 mg\/g)<\/span><\/td>\n<\/tr>\n<tr>\n<td><b>Hmotnost porce<\/b><\/td>\n<td><span style=\"font-weight: 400;\">0,75 gramu<\/span><\/td>\n<\/tr>\n<tr>\n<td><b>Po\u010det porc\u00ed<\/b><\/td>\n<td><span style=\"font-weight: 400;\">20 za plechovku<\/span><\/td>\n<\/tr>\n<tr>\n<td><b>Celkov\u00e1 hmotnost plechovky<\/b><\/td>\n<td><span style=\"font-weight: 400;\">15 gram\u016f<\/span><\/td>\n<\/tr>\n<tr>\n<td><b>V\u00fdrobce<\/b><\/td>\n<td><span style=\"font-weight: 400;\">XQS International<\/span><\/td>\n<\/tr>\n<tr>\n<td><b>Pozoruhodn\u00e9 funkce<\/b><\/td>\n<td><span style=\"font-weight: 400;\">Bez tab\u00e1ku, tenk\u00fd form\u00e1t, v\u00fdrazn\u00e1 p\u0159\u00edchu\u0165 \u010dern\u00e9 t\u0159e\u0161n\u011b s trpk\u00fdm z\u00e1v\u011brem<\/span><\/td>\n<\/tr>\n<\/tbody>\n<\/table>","protected":false},"excerpt":{"rendered":"<p>XQS <strong data-start=\"4\" data-end=\"20\">\u010cern\u00e1 t\u0159e\u0161e\u0148<\/strong> <strong data-start=\"21\" data-end=\"31\">Siln\u00fd<\/strong> p\u0159in\u00e1\u0161\u00ed bohatou, sladkou \u010dernou t\u0159e\u0161e\u0148 s jemn\u011b trpk\u00fdm n\u00e1dechem, co\u017e je hladk\u00fd a uspokojiv\u00fd profil. Na <strong data-start=\"128\" data-end=\"136\">slim<\/strong>, celob\u00edl\u00e1 pouzdra jsou diskr\u00e9tn\u00ed a pohodln\u00e1. Ka\u017ed\u00fd s\u00e1\u010dek obsahuje <strong data-start=\"206\" data-end=\"224\">10 mg nikotinu<\/strong> pro siln\u00e9 a stabiln\u00ed uvoln\u011bn\u00ed.<\/p>","protected":false},"featured_media":63914,"comment_status":"open","ping_status":"closed","template":"","format":[206],"meta":{"_acf_changed":false},"product_brand":[],"product_cat":[27],"product_tag":[16587],"flavours":[196],"nicotine":[213,232],"class_list":{"0":"post-8348","1":"product","2":"type-product","3":"status-publish","4":"has-post-thumbnail","6":"product_cat-xqs","7":"product_tag-10-mg-pouch","8":"pa_quantity-1-pack","9":"pa_quantity-10-pack","10":"pa_quantity-3-pack","11":"pa_quantity-30-pack","12":"pa_quantity-5-pack","13":"pa_quantity-60-pack","14":"flavours-fruits-berries","15":"format-slim","16":"nicotine-16-mg-g","17":"nicotine-extra-strong","19":"first","20":"instock","21":"taxable","22":"shipping-taxable","23":"purchasable","24":"product-type-variable"},"acf":[],"_links":{"self":[{"href":"https:\/\/whitelip.com\/cs\/wp-json\/wp\/v2\/product\/8348","targetHints":{"allow":["GET"]}}],"collection":[{"href":"https:\/\/whitelip.com\/cs\/wp-json\/wp\/v2\/product"}],"about":[{"href":"https:\/\/whitelip.com\/cs\/wp-json\/wp\/v2\/types\/product"}],"replies":[{"embeddable":true,"href":"https:\/\/whitelip.com\/cs\/wp-json\/wp\/v2\/comments?post=8348"}],"wp:featuredmedia":[{"embeddable":true,"href":"https:\/\/whitelip.com\/cs\/wp-json\/wp\/v2\/media\/63914"}],"wp:attachment":[{"href":"https:\/\/whitelip.com\/cs\/wp-json\/wp\/v2\/media?parent=8348"}],"wp:term":[{"taxonomy":"product_brand","embeddable":true,"href":"https:\/\/whitelip.com\/cs\/wp-json\/wp\/v2\/product_brand?post=8348"},{"taxonomy":"product_cat","embeddable":true,"href":"https:\/\/whitelip.com\/cs\/wp-json\/wp\/v2\/product_cat?post=8348"},{"taxonomy":"product_tag","embeddable":true,"href":"https:\/\/whitelip.com\/cs\/wp-json\/wp\/v2\/product_tag?post=8348"},{"taxonomy":"flavours","embeddable":true,"href":"https:\/\/whitelip.com\/cs\/wp-json\/wp\/v2\/flavours?post=8348"},{"taxonomy":"format","embeddable":true,"href":"https:\/\/whitelip.com\/cs\/wp-json\/wp\/v2\/format?post=8348"},{"taxonomy":"nicotine","embeddable":true,"href":"https:\/\/whitelip.com\/cs\/wp-json\/wp\/v2\/nicotine?post=8348"}],"curies":[{"name":"wp","href":"https:\/\/api.w.org\/{rel}","templated":true}]}}