{"id":8346,"date":"2024-12-20T19:39:25","date_gmt":"2024-12-20T19:39:25","guid":{"rendered":"https:\/\/whitelip.com\/xqs-blueberry-mint-strong\/"},"modified":"2026-04-15T03:02:38","modified_gmt":"2026-04-15T03:02:38","slug":"xqs-blueberry-mint-strong","status":"publish","type":"product","link":"https:\/\/whitelip.com\/cs\/xqs\/xqs-blueberry-mint-strong\/","title":{"rendered":"XQS Blueberry Mint Strong"},"content":{"rendered":"<h2><b>XQS Blueberry Mint Strong<\/b><\/h2>\n<p><span style=\"font-weight: 400;\">XQS Blueberry Mint Strong p\u0159in\u00e1\u0161\u00ed lahodnou sm\u011bs <\/span><b>sladk\u00e1 bor\u016fvkov\u00e1 p\u0159\u00edchu\u0165<\/b><span style=\"font-weight: 400;\"> a k\u0159ehk\u00fd <\/span><b>m\u00e1tov\u00e1 sv\u011b\u017eest<\/b><span style=\"font-weight: 400;\">, a vytv\u00e1\u0159\u00ed tak vyv\u00e1\u017een\u00fd a povzbuzuj\u00edc\u00ed nikotinov\u00fd z\u00e1\u017eitek. Ka\u017ed\u00fd tenk\u00fd, zcela b\u00edl\u00fd s\u00e1\u010dek je ide\u00e1ln\u00ed pro u\u017eivatele, kte\u0159\u00ed maj\u00ed r\u00e1di ovocn\u00e9 t\u00f3ny s osv\u011b\u017euj\u00edc\u00edm n\u00e1dechem. <\/span><b>10 mg nikotinu<\/b><span style=\"font-weight: 400;\">, kter\u00e9 nab\u00edz\u00ed siln\u00e9 a konzistentn\u00ed uvol\u0148ov\u00e1n\u00ed ide\u00e1ln\u00ed pro ka\u017edodenn\u00ed pou\u017eit\u00ed.<\/span><\/p>\n<p><span style=\"font-weight: 400;\">Tenk\u00fd form\u00e1t zaji\u0161\u0165uje pohodln\u00e9 a diskr\u00e9tn\u00ed um\u00edst\u011bn\u00ed pod rty a poskytuje \u010distou mo\u017enost bez tab\u00e1ku, ani\u017e by do\u0161lo k zabarven\u00ed zub\u016f. XQS Blueberry Mint Strong je vyroben z vysoce kvalitn\u00edch rostlinn\u00fdch vl\u00e1ken a kombinuje jemnou sladkost s chladiv\u00fdm z\u00e1v\u011brem, co\u017e z n\u011bj \u010din\u00ed volbu pro u\u017eivatele, kte\u0159\u00ed hledaj\u00ed spolehlivou s\u00edlu ve spojen\u00ed s p\u0159\u00edjemnou chut\u00ed.<\/span><\/p>\n<table>\n<tbody>\n<tr>\n<td><b>Atribut<\/b><\/td>\n<td><b>Podrobnosti na<\/b><\/td>\n<\/tr>\n<tr>\n<td><b>Zna\u010dka<\/b><\/td>\n<td><span style=\"font-weight: 400;\">XQS<\/span><\/td>\n<\/tr>\n<tr>\n<td><b>Typ v\u00fdrobku<\/b><\/td>\n<td><span style=\"font-weight: 400;\">V\u0161echny b\u00edl\u00e9 nikotinov\u00e9 s\u00e1\u010dky<\/span><\/td>\n<\/tr>\n<tr>\n<td><b>Form\u00e1t<\/b><\/td>\n<td><span style=\"font-weight: 400;\">Slim<\/span><\/td>\n<\/tr>\n<tr>\n<td><b>P\u0159\u00edchu\u0165<\/b><\/td>\n<td><span style=\"font-weight: 400;\">Bor\u016fvky a m\u00e1ta<\/span><\/td>\n<\/tr>\n<tr>\n<td><b>S\u00edla nikotinu<\/b><\/td>\n<td><span style=\"font-weight: 400;\">10 mg na s\u00e1\u010dek (13 mg\/g)<\/span><\/td>\n<\/tr>\n<tr>\n<td><b>Hmotnost porce<\/b><\/td>\n<td><span style=\"font-weight: 400;\">0,75 gramu<\/span><\/td>\n<\/tr>\n<tr>\n<td><b>Po\u010det porc\u00ed<\/b><\/td>\n<td><span style=\"font-weight: 400;\">20 za plechovku<\/span><\/td>\n<\/tr>\n<tr>\n<td><b>Celkov\u00e1 hmotnost plechovky<\/b><\/td>\n<td><span style=\"font-weight: 400;\">15 gram\u016f<\/span><\/td>\n<\/tr>\n<tr>\n<td><b>V\u00fdrobce<\/b><\/td>\n<td><span style=\"font-weight: 400;\">XQS International<\/span><\/td>\n<\/tr>\n<tr>\n<td><b>Pozoruhodn\u00e9 funkce<\/b><\/td>\n<td><span style=\"font-weight: 400;\">Bez tab\u00e1ku, tenk\u00fd form\u00e1t, sladk\u00e1 bor\u016fvkov\u00e1 p\u0159\u00edchu\u0165 s osv\u011b\u017euj\u00edc\u00ed m\u00e1tou<\/span><\/td>\n<\/tr>\n<\/tbody>\n<\/table>","protected":false},"excerpt":{"rendered":"<p><span style=\"font-weight: 400;\">XQS Blueberry Mint Strong p\u0159in\u00e1\u0161\u00ed lahodnou sm\u011bs <\/span><b>sladk\u00e1 bor\u016fvkov\u00e1 p\u0159\u00edchu\u0165<\/b><span style=\"font-weight: 400;\"> a k\u0159ehk\u00fd <\/span><b>m\u00e1tov\u00e1 sv\u011b\u017eest<\/b><span style=\"font-weight: 400;\">, a vytv\u00e1\u0159\u00ed tak vyv\u00e1\u017een\u00fd a povzbuzuj\u00edc\u00ed nikotinov\u00fd z\u00e1\u017eitek. Ide\u00e1ln\u00ed pro u\u017eivatele, kte\u0159\u00ed maj\u00ed r\u00e1di ovocn\u00e9 t\u00f3ny s osv\u011b\u017euj\u00edc\u00edm n\u00e1dechem. <strong>slim<\/strong>, celob\u00edl\u00e9 pouzdro obsahuje <\/span><b>10 mg nikotinu<\/b><span style=\"font-weight: 400;\">, kter\u00e9 nab\u00edz\u00ed siln\u00e9 a konzistentn\u00ed uvol\u0148ov\u00e1n\u00ed ide\u00e1ln\u00ed pro ka\u017edodenn\u00ed pou\u017eit\u00ed.<\/span><\/p>","protected":false},"featured_media":63916,"comment_status":"open","ping_status":"closed","template":"","format":[206],"meta":{"_acf_changed":false},"product_brand":[],"product_cat":[27],"product_tag":[16587],"flavours":[196,199],"nicotine":[210,232],"class_list":{"0":"post-8346","1":"product","2":"type-product","3":"status-publish","4":"has-post-thumbnail","6":"product_cat-xqs","7":"product_tag-10-mg-pouch","8":"pa_quantity-1-pack","9":"pa_quantity-10-pack","10":"pa_quantity-3-pack","11":"pa_quantity-30-pack","12":"pa_quantity-5-pack","13":"pa_quantity-60-pack","14":"flavours-fruits-berries","15":"flavours-mint","16":"format-slim","17":"nicotine-13-mg-g","18":"nicotine-extra-strong","20":"first","21":"instock","22":"taxable","23":"shipping-taxable","24":"purchasable","25":"product-type-variable"},"acf":[],"_links":{"self":[{"href":"https:\/\/whitelip.com\/cs\/wp-json\/wp\/v2\/product\/8346","targetHints":{"allow":["GET"]}}],"collection":[{"href":"https:\/\/whitelip.com\/cs\/wp-json\/wp\/v2\/product"}],"about":[{"href":"https:\/\/whitelip.com\/cs\/wp-json\/wp\/v2\/types\/product"}],"replies":[{"embeddable":true,"href":"https:\/\/whitelip.com\/cs\/wp-json\/wp\/v2\/comments?post=8346"}],"wp:featuredmedia":[{"embeddable":true,"href":"https:\/\/whitelip.com\/cs\/wp-json\/wp\/v2\/media\/63916"}],"wp:attachment":[{"href":"https:\/\/whitelip.com\/cs\/wp-json\/wp\/v2\/media?parent=8346"}],"wp:term":[{"taxonomy":"product_brand","embeddable":true,"href":"https:\/\/whitelip.com\/cs\/wp-json\/wp\/v2\/product_brand?post=8346"},{"taxonomy":"product_cat","embeddable":true,"href":"https:\/\/whitelip.com\/cs\/wp-json\/wp\/v2\/product_cat?post=8346"},{"taxonomy":"product_tag","embeddable":true,"href":"https:\/\/whitelip.com\/cs\/wp-json\/wp\/v2\/product_tag?post=8346"},{"taxonomy":"flavours","embeddable":true,"href":"https:\/\/whitelip.com\/cs\/wp-json\/wp\/v2\/flavours?post=8346"},{"taxonomy":"format","embeddable":true,"href":"https:\/\/whitelip.com\/cs\/wp-json\/wp\/v2\/format?post=8346"},{"taxonomy":"nicotine","embeddable":true,"href":"https:\/\/whitelip.com\/cs\/wp-json\/wp\/v2\/nicotine?post=8346"}],"curies":[{"name":"wp","href":"https:\/\/api.w.org\/{rel}","templated":true}]}}